{"id":1376,"date":"2024-10-24T08:49:17","date_gmt":"2024-10-24T08:49:17","guid":{"rendered":"https:\/\/www.tpa-group.me\/?page_id=1376"},"modified":"2025-11-09T21:34:16","modified_gmt":"2025-11-09T21:34:16","slug":"karijera","status":"publish","type":"page","link":"https:\/\/www.tpa-group.me\/sr\/karijera\/","title":{"rendered":"Karijera"},"content":{"rendered":"\t\t<div data-elementor-type=\"wp-page\" data-elementor-id=\"1376\" class=\"elementor elementor-1376 elementor-1375\" data-elementor-post-type=\"page\">\n\t\t\t\t\t\t<section class=\"elementor-section elementor-top-section elementor-element elementor-element-89b273d hero-banner elementor-section-boxed elementor-section-height-default elementor-section-height-default\" data-id=\"89b273d\" data-element_type=\"section\">\n\t\t\t\t\t\t<div class=\"elementor-container elementor-column-gap-default\">\n\t\t\t\t\t<div class=\"elementor-column elementor-col-100 elementor-top-column elementor-element elementor-element-265af5ed\" data-id=\"265af5ed\" data-element_type=\"column\">\n\t\t\t<div class=\"elementor-widget-wrap elementor-element-populated\">\n\t\t\t\t\t\t<section class=\"elementor-section elementor-inner-section elementor-element elementor-element-2f7ae478 hero-banner-breadcrumbs-container elementor-section-boxed elementor-section-height-default elementor-section-height-default\" data-id=\"2f7ae478\" data-element_type=\"section\">\n\t\t\t\t\t\t<div class=\"elementor-container elementor-column-gap-default\">\n\t\t\t\t\t<div class=\"elementor-column elementor-col-100 elementor-inner-column elementor-element elementor-element-73b4f8bb\" data-id=\"73b4f8bb\" data-element_type=\"column\">\n\t\t\t<div class=\"elementor-widget-wrap elementor-element-populated\">\n\t\t\t\t\t\t<div class=\"elementor-element elementor-element-3993af44 elementor-widget elementor-widget-heading\" data-id=\"3993af44\" data-element_type=\"widget\" data-widget_type=\"heading.default\">\n\t\t\t\t<div class=\"elementor-widget-container\">\n\t\t\t\t\t<p class=\"elementor-heading-title elementor-size-default\"><a href=\"\/?lang=en\">Naslovna |&nbsp;<\/a><\/p>\t\t\t\t<\/div>\n\t\t\t\t<\/div>\n\t\t\t\t<div class=\"elementor-element elementor-element-e5b963d elementor-widget elementor-widget-heading\" data-id=\"e5b963d\" data-element_type=\"widget\" data-widget_type=\"heading.default\">\n\t\t\t\t<div class=\"elementor-widget-container\">\n\t\t\t\t\t<p class=\"elementor-heading-title elementor-size-default\">Karijera<\/p>\t\t\t\t<\/div>\n\t\t\t\t<\/div>\n\t\t\t\t\t<\/div>\n\t\t<\/div>\n\t\t\t\t\t<\/div>\n\t\t<\/section>\n\t\t\t\t<div class=\"elementor-element elementor-element-ae8671 elementor-widget elementor-widget-heading\" data-id=\"ae8671\" data-element_type=\"widget\" data-widget_type=\"heading.default\">\n\t\t\t\t<div class=\"elementor-widget-container\">\n\t\t\t\t\t<h1 class=\"elementor-heading-title elementor-size-default\">Karijera<\/h1>\t\t\t\t<\/div>\n\t\t\t\t<\/div>\n\t\t\t\t<div class=\"elementor-element elementor-element-535be887 elementor-widget elementor-widget-text-editor\" data-id=\"535be887\" data-element_type=\"widget\" data-widget_type=\"text-editor.default\">\n\t\t\t\t<div class=\"elementor-widget-container\">\n\t\t\t\t\t\t\t\t\t<p>TPA Crna Gora je dio <a href=\"https:\/\/www.tpa-group.com\/?lang=en\" target=\"_blank\" rel=\"noopener\"><strong>TPA Grupe<\/strong><\/a> koja posluje u 12 zemalja sa vi\u0161e od 30 kancelarija i preko 2050 zaposlenih. TPA Grupa je nezavisni \u010dlan Baker Tilly Europe Alijanse, \u0161to joj omogu\u0107ava da svojim klijentima pru\u017ei globalnu mre\u017eu poreskih savjetnika, revizora i konsultanata. Na ovaj na\u010din, zaposleni u TPA Crnoj Gori imaju priliku da steknu znanja, stru\u010dnost i prakse koje prevazilaze lokalne okvire.<\/p>\t\t\t\t\t\t\t\t<\/div>\n\t\t\t\t<\/div>\n\t\t\t\t\t<\/div>\n\t\t<\/div>\n\t\t\t\t\t<\/div>\n\t\t<\/section>\n\t\t<div class=\"elementor-element elementor-element-7dd45222 page-content-container e-flex e-con-boxed e-con e-parent\" data-id=\"7dd45222\" data-element_type=\"container\" data-settings=\"{&quot;background_background&quot;:&quot;classic&quot;}\">\n\t\t\t\t\t<div class=\"e-con-inner\">\n\t\t\t\t<div class=\"elementor-element elementor-element-72e83a2 elementor-widget elementor-widget-text-editor\" data-id=\"72e83a2\" data-element_type=\"widget\" data-widget_type=\"text-editor.default\">\n\t\t\t\t<div class=\"elementor-widget-container\">\n\t\t\t\t\t\t\t\t\t<p>Smatramo da jednu kompaniju najbolje opisuju ljudi koji su u njoj zaposleni. Ovo je na\u0161 <a href=\"https:\/\/www.tpa-group.me\/persons\/uros-ivovic\/\" target=\"_blank\" rel=\"noopener\"><strong>Uro\u0161 Ivovi\u0107.<\/strong><\/a><\/p><p>Upoznajte gospodina\u00a0<a href=\"https:\/\/www.tpa-group.me\/persons\/bojan-zepinic\/\" target=\"_blank\" rel=\"noopener\"><strong>Bojana \u017depini\u0107a<\/strong><\/a>, rukovode\u0107eg partnera u TPA Srbija i <a href=\"https:\/\/www.youtube.com\/watch?v=fPoiS7wVKlg&amp;feature=youtu.be\" target=\"_blank\" rel=\"noopener\"><strong>ovdje<\/strong><\/a> saznajte kako g. \u017depini\u0107 opisuje dobar timski rad.<\/p><p>Filozofija kompanije TPA Crna Gora se zasniva na dugoro\u010dnom planiranju, pa \u017eelimo da sa Vama podelimo <a href=\"https:\/\/www.youtube.com\/watch?v=b8syGfSDxX4\" target=\"_blank\" rel=\"noopener\"><strong>VIZIJU TPA grupe<\/strong><\/a>\u00a0kroz prizmu na\u0161eg partnera za region, gospodina\u00a0<a href=\"https:\/\/www.tpa-group.me\/sr\/persons\/thomas-haneder-sr\/\" target=\"_blank\" rel=\"noopener\"><strong>Thomas Haneder-a<\/strong><\/a>, koji je odgovoran za tr\u017ei\u0161ta Albanije, Bugarske, Srbije i Hrvatske.<\/p>\t\t\t\t\t\t\t\t<\/div>\n\t\t\t\t<\/div>\n\t\t\t\t<div class=\"elementor-element elementor-element-4e322e1 elementor-widget elementor-widget-spacer\" data-id=\"4e322e1\" data-element_type=\"widget\" data-widget_type=\"spacer.default\">\n\t\t\t\t<div class=\"elementor-widget-container\">\n\t\t\t\t\t\t\t<div class=\"elementor-spacer\">\n\t\t\t<div class=\"elementor-spacer-inner\"><\/div>\n\t\t<\/div>\n\t\t\t\t\t\t<\/div>\n\t\t\t\t<\/div>\n\t\t\t\t<div class=\"elementor-element elementor-element-fb4cae5 elementor-widget elementor-widget-heading\" data-id=\"fb4cae5\" data-element_type=\"widget\" data-widget_type=\"heading.default\">\n\t\t\t\t<div class=\"elementor-widget-container\">\n\t\t\t\t\t<h2 class=\"elementor-heading-title elementor-size-default\">Za\u0161to postati dio na\u0161eg tima?<\/h2>\t\t\t\t<\/div>\n\t\t\t\t<\/div>\n\t\t\t\t<div class=\"elementor-element elementor-element-6749d90 elementor-widget elementor-widget-spacer\" data-id=\"6749d90\" data-element_type=\"widget\" data-widget_type=\"spacer.default\">\n\t\t\t\t<div class=\"elementor-widget-container\">\n\t\t\t\t\t\t\t<div class=\"elementor-spacer\">\n\t\t\t<div class=\"elementor-spacer-inner\"><\/div>\n\t\t<\/div>\n\t\t\t\t\t\t<\/div>\n\t\t\t\t<\/div>\n\t\t\t\t<div class=\"elementor-element elementor-element-7eb41fc elementor-widget elementor-widget-text-editor\" data-id=\"7eb41fc\" data-element_type=\"widget\" data-widget_type=\"text-editor.default\">\n\t\t\t\t<div class=\"elementor-widget-container\">\n\t\t\t\t\t\t\t\t\t<p>Dinami\u010dan posao i mogu\u0107nost li\u010dnog razvoja predstavljaju glavne perspektive u <strong>TPA Crna Gora<\/strong>. Svaki zaposleni ima priliku da razvija karijeru \u010diji intenzitet zavisi od njegovog interesovanja i anga\u017eovanja. Svjesni smo da izvanredni rezultati proizilaze iz predanog rada visokoobrazovanih stru\u010dnjaka, te je razvoj zaposlenih jedan od najva\u017enijih benefita koje na\u0161a kompanija nudi.<\/p>\t\t\t\t\t\t\t\t<\/div>\n\t\t\t\t<\/div>\n\t\t\t\t<div class=\"elementor-element elementor-element-891ef3a elementor-widget elementor-widget-text-editor\" data-id=\"891ef3a\" data-element_type=\"widget\" data-widget_type=\"text-editor.default\">\n\t\t\t\t<div class=\"elementor-widget-container\">\n\t\t\t\t\t\t\t\t\t<p>Na\u0161 HR tim prepoznaje sklonosti i sposobnosti \u010dlanova tima. Uz odgovaraju\u0107e obuke i treninge, te u saradnji sa mentorima, radi na profesionalnom razvoju svakog zaposlenog. Va\u017eno je da svaki \u010dlan tima individualno napreduje, kako bi cijeli <strong>TPA tim<\/strong> postizao izuzetne rezultate.<\/p><p>Trudimo se da kroz neformalne aktivnosti kreiramo motivi\u0161u\u0107u radnu atmosferu. Saznajte <a href=\"https:\/\/www.youtube.com\/watch?v=PmJ4g_SD4K8\" target=\"_blank\" rel=\"noopener\"><strong>OVDJE <\/strong><\/a>o jednom od na\u0161ih kreativnih na\u010dina za postizanje dobre radne atmosfere.<\/p>\t\t\t\t\t\t\t\t<\/div>\n\t\t\t\t<\/div>\n\t\t\t\t<div class=\"elementor-element elementor-element-b642544 elementor-widget elementor-widget-text-editor\" data-id=\"b642544\" data-element_type=\"widget\" data-widget_type=\"text-editor.default\">\n\t\t\t\t<div class=\"elementor-widget-container\">\n\t\t\t\t\t\t\t\t\t<p>Za sva dodatna pitanja Vam stojimo na raspolaganju na:\u00a0<a href=\"mailto:hr@tpa-group.me\"><strong>hr@tpa-group.me<\/strong><\/a><\/p><p>Dobro nam do\u0161li!<\/p>\t\t\t\t\t\t\t\t<\/div>\n\t\t\t\t<\/div>\n\t\t\t\t<div class=\"elementor-element elementor-element-c95607e elementor-widget elementor-widget-heading\" data-id=\"c95607e\" data-element_type=\"widget\" data-widget_type=\"heading.default\">\n\t\t\t\t<div class=\"elementor-widget-container\">\n\t\t\t\t\t<h2 class=\"elementor-heading-title elementor-size-default\"><h2>Otvorena Pozicija:<span style=\"color: var( --e-global-color-primary );text-align: var(--text-align);background-color: var( --e-global-color-e40b821 )\"><\/span><\/h2><\/h2>\t\t\t\t<\/div>\n\t\t\t\t<\/div>\n\t\t\t\t<div class=\"elementor-element elementor-element-cc820cd elementor-widget elementor-widget-text-editor\" data-id=\"cc820cd\" data-element_type=\"widget\" data-widget_type=\"text-editor.default\">\n\t\t\t\t<div class=\"elementor-widget-container\">\n\t\t\t\t\t\t\t\t\t<p><a href=\"https:\/\/www.tpa-group.me\/app\/uploads\/sites\/7\/2025\/11\/Junior-Accountant-TPA-Montenegro.pdf\" target=\"_blank\" rel=\"noopener\">Junior Accountant<\/a><\/p><p><a href=\"https:\/\/www.tpa-group.me\/app\/uploads\/sites\/7\/2025\/11\/Praksa-u-reviziji-TPA-Montenegro_Nov-2025.pdf\" target=\"_blank\" rel=\"noopener\">Praksa u odijeljenju revizije<\/a><\/p><p><a href=\"https:\/\/www.tpa-group.me\/app\/uploads\/sites\/7\/2025\/11\/Praksa-u-racunovodstvu-TPA-Montenegro_NOV-2025.pdf\" target=\"_blank\" rel=\"noopener\">Praksa u odijeljenju ra\u010dunovodstva<\/a><\/p>\t\t\t\t\t\t\t\t<\/div>\n\t\t\t\t<\/div>\n\t\t\t\t\t<\/div>\n\t\t\t\t<\/div>\n\t\t\t\t<\/div>\n\t\t","protected":false},"excerpt":{"rendered":"<p>Naslovna |&nbsp; Karijera Karijera TPA Crna Gora je dio TPA Grupe koja posluje u 12 zemalja sa vi\u0161e od 30 kancelarija i preko 2050 zaposlenih. TPA Grupa je nezavisni \u010dlan Baker Tilly Europe Alijanse, \u0161to joj omogu\u0107ava da svojim klijentima pru\u017ei globalnu mre\u017eu poreskih savjetnika, revizora i konsultanata. Na ovaj na\u010din, zaposleni u TPA Crnoj [&hellip;]<\/p>\n","protected":false},"author":36,"featured_media":0,"parent":0,"menu_order":0,"comment_status":"closed","ping_status":"closed","template":"elementor_header_footer","meta":{"_acf_changed":false,"footnotes":""},"class_list":["post-1376","page","type-page","status-publish","hentry"],"acf":[],"yoast_head":"<!-- This site is optimized with the Yoast SEO plugin v26.0 - https:\/\/yoast.com\/wordpress\/plugins\/seo\/ -->\n<title>Karijera - www.tpa-group.me<\/title>\n<meta name=\"robots\" content=\"index, follow, max-snippet:-1, max-image-preview:large, max-video-preview:-1\" \/>\n<link rel=\"canonical\" href=\"https:\/\/www.tpa-group.me\/sr\/karijera\/\" \/>\n<meta property=\"og:locale\" content=\"sr_RS\" \/>\n<meta property=\"og:type\" content=\"article\" \/>\n<meta property=\"og:title\" content=\"Karijera - www.tpa-group.me\" \/>\n<meta property=\"og:description\" content=\"Naslovna |&nbsp; Karijera Karijera TPA Crna Gora je dio TPA Grupe koja posluje u 12 zemalja sa vi\u0161e od 30 kancelarija i preko 2050 zaposlenih. TPA Grupa je nezavisni \u010dlan Baker Tilly Europe Alijanse, \u0161to joj omogu\u0107ava da svojim klijentima pru\u017ei globalnu mre\u017eu poreskih savjetnika, revizora i konsultanata. Na ovaj na\u010din, zaposleni u TPA Crnoj [&hellip;]\" \/>\n<meta property=\"og:url\" content=\"https:\/\/www.tpa-group.me\/sr\/karijera\/\" \/>\n<meta property=\"og:site_name\" content=\"www.tpa-group.me\" \/>\n<meta property=\"article:modified_time\" content=\"2025-11-09T21:34:16+00:00\" \/>\n<meta name=\"twitter:card\" content=\"summary_large_image\" \/>\n<meta name=\"twitter:label1\" content=\"Est. reading time\" \/>\n\t<meta name=\"twitter:data1\" content=\"2 \u043c\u0438\u043d\u0443\u0442\u0430\" \/>\n<script type=\"application\/ld+json\" class=\"yoast-schema-graph\">{\"@context\":\"https:\/\/schema.org\",\"@graph\":[{\"@type\":\"WebPage\",\"@id\":\"https:\/\/www.tpa-group.me\/sr\/karijera\/\",\"url\":\"https:\/\/www.tpa-group.me\/sr\/karijera\/\",\"name\":\"Karijera - www.tpa-group.me\",\"isPartOf\":{\"@id\":\"https:\/\/www.tpa-group.me\/sr\/#website\"},\"datePublished\":\"2024-10-24T08:49:17+00:00\",\"dateModified\":\"2025-11-09T21:34:16+00:00\",\"breadcrumb\":{\"@id\":\"https:\/\/www.tpa-group.me\/sr\/karijera\/#breadcrumb\"},\"inLanguage\":\"sr-RS\",\"potentialAction\":[{\"@type\":\"ReadAction\",\"target\":[\"https:\/\/www.tpa-group.me\/sr\/karijera\/\"]}]},{\"@type\":\"BreadcrumbList\",\"@id\":\"https:\/\/www.tpa-group.me\/sr\/karijera\/#breadcrumb\",\"itemListElement\":[{\"@type\":\"ListItem\",\"position\":1,\"name\":\"Home\",\"item\":\"https:\/\/www.tpa-group.me\/sr\/\"},{\"@type\":\"ListItem\",\"position\":2,\"name\":\"Karijera\"}]},{\"@type\":\"WebSite\",\"@id\":\"https:\/\/www.tpa-group.me\/sr\/#website\",\"url\":\"https:\/\/www.tpa-group.me\/sr\/\",\"name\":\"www.tpa-group.me\",\"description\":\"\",\"publisher\":{\"@id\":\"https:\/\/www.tpa-group.me\/sr\/#organization\"},\"potentialAction\":[{\"@type\":\"SearchAction\",\"target\":{\"@type\":\"EntryPoint\",\"urlTemplate\":\"https:\/\/www.tpa-group.me\/sr\/?s={search_term_string}\"},\"query-input\":{\"@type\":\"PropertyValueSpecification\",\"valueRequired\":true,\"valueName\":\"search_term_string\"}}],\"inLanguage\":\"sr-RS\"},{\"@type\":\"Organization\",\"@id\":\"https:\/\/www.tpa-group.me\/sr\/#organization\",\"name\":\"www.tpa-group.me\",\"url\":\"https:\/\/www.tpa-group.me\/sr\/\",\"logo\":{\"@type\":\"ImageObject\",\"inLanguage\":\"sr-RS\",\"@id\":\"https:\/\/www.tpa-group.me\/sr\/#\/schema\/logo\/image\/\",\"url\":\"https:\/\/www.tpa-group.me\/app\/uploads\/sites\/7\/2024\/02\/tpa-logo.svg\",\"contentUrl\":\"https:\/\/www.tpa-group.me\/app\/uploads\/sites\/7\/2024\/02\/tpa-logo.svg\",\"caption\":\"www.tpa-group.me\"},\"image\":{\"@id\":\"https:\/\/www.tpa-group.me\/sr\/#\/schema\/logo\/image\/\"}}]}<\/script>\n<!-- \/ Yoast SEO plugin. -->","yoast_head_json":{"title":"Karijera - www.tpa-group.me","robots":{"index":"index","follow":"follow","max-snippet":"max-snippet:-1","max-image-preview":"max-image-preview:large","max-video-preview":"max-video-preview:-1"},"canonical":"https:\/\/www.tpa-group.me\/sr\/karijera\/","og_locale":"sr_RS","og_type":"article","og_title":"Karijera - www.tpa-group.me","og_description":"Naslovna |&nbsp; Karijera Karijera TPA Crna Gora je dio TPA Grupe koja posluje u 12 zemalja sa vi\u0161e od 30 kancelarija i preko 2050 zaposlenih. TPA Grupa je nezavisni \u010dlan Baker Tilly Europe Alijanse, \u0161to joj omogu\u0107ava da svojim klijentima pru\u017ei globalnu mre\u017eu poreskih savjetnika, revizora i konsultanata. Na ovaj na\u010din, zaposleni u TPA Crnoj [&hellip;]","og_url":"https:\/\/www.tpa-group.me\/sr\/karijera\/","og_site_name":"www.tpa-group.me","article_modified_time":"2025-11-09T21:34:16+00:00","twitter_card":"summary_large_image","twitter_misc":{"Est. reading time":"2 \u043c\u0438\u043d\u0443\u0442\u0430"},"schema":{"@context":"https:\/\/schema.org","@graph":[{"@type":"WebPage","@id":"https:\/\/www.tpa-group.me\/sr\/karijera\/","url":"https:\/\/www.tpa-group.me\/sr\/karijera\/","name":"Karijera - www.tpa-group.me","isPartOf":{"@id":"https:\/\/www.tpa-group.me\/sr\/#website"},"datePublished":"2024-10-24T08:49:17+00:00","dateModified":"2025-11-09T21:34:16+00:00","breadcrumb":{"@id":"https:\/\/www.tpa-group.me\/sr\/karijera\/#breadcrumb"},"inLanguage":"sr-RS","potentialAction":[{"@type":"ReadAction","target":["https:\/\/www.tpa-group.me\/sr\/karijera\/"]}]},{"@type":"BreadcrumbList","@id":"https:\/\/www.tpa-group.me\/sr\/karijera\/#breadcrumb","itemListElement":[{"@type":"ListItem","position":1,"name":"Home","item":"https:\/\/www.tpa-group.me\/sr\/"},{"@type":"ListItem","position":2,"name":"Karijera"}]},{"@type":"WebSite","@id":"https:\/\/www.tpa-group.me\/sr\/#website","url":"https:\/\/www.tpa-group.me\/sr\/","name":"www.tpa-group.me","description":"","publisher":{"@id":"https:\/\/www.tpa-group.me\/sr\/#organization"},"potentialAction":[{"@type":"SearchAction","target":{"@type":"EntryPoint","urlTemplate":"https:\/\/www.tpa-group.me\/sr\/?s={search_term_string}"},"query-input":{"@type":"PropertyValueSpecification","valueRequired":true,"valueName":"search_term_string"}}],"inLanguage":"sr-RS"},{"@type":"Organization","@id":"https:\/\/www.tpa-group.me\/sr\/#organization","name":"www.tpa-group.me","url":"https:\/\/www.tpa-group.me\/sr\/","logo":{"@type":"ImageObject","inLanguage":"sr-RS","@id":"https:\/\/www.tpa-group.me\/sr\/#\/schema\/logo\/image\/","url":"https:\/\/www.tpa-group.me\/app\/uploads\/sites\/7\/2024\/02\/tpa-logo.svg","contentUrl":"https:\/\/www.tpa-group.me\/app\/uploads\/sites\/7\/2024\/02\/tpa-logo.svg","caption":"www.tpa-group.me"},"image":{"@id":"https:\/\/www.tpa-group.me\/sr\/#\/schema\/logo\/image\/"}}]}},"_links":{"self":[{"href":"https:\/\/www.tpa-group.me\/sr\/wp-json\/wp\/v2\/pages\/1376","targetHints":{"allow":["GET"]}}],"collection":[{"href":"https:\/\/www.tpa-group.me\/sr\/wp-json\/wp\/v2\/pages"}],"about":[{"href":"https:\/\/www.tpa-group.me\/sr\/wp-json\/wp\/v2\/types\/page"}],"author":[{"embeddable":true,"href":"https:\/\/www.tpa-group.me\/sr\/wp-json\/wp\/v2\/users\/36"}],"replies":[{"embeddable":true,"href":"https:\/\/www.tpa-group.me\/sr\/wp-json\/wp\/v2\/comments?post=1376"}],"version-history":[{"count":15,"href":"https:\/\/www.tpa-group.me\/sr\/wp-json\/wp\/v2\/pages\/1376\/revisions"}],"predecessor-version":[{"id":2832,"href":"https:\/\/www.tpa-group.me\/sr\/wp-json\/wp\/v2\/pages\/1376\/revisions\/2832"}],"wp:attachment":[{"href":"https:\/\/www.tpa-group.me\/sr\/wp-json\/wp\/v2\/media?parent=1376"}],"curies":[{"name":"wp","href":"https:\/\/api.w.org\/{rel}","templated":true}]}}