{"id":1391,"date":"2024-10-24T09:05:54","date_gmt":"2024-10-24T09:05:54","guid":{"rendered":"https:\/\/www.tpa-group.me\/?page_id=1391"},"modified":"2024-11-22T12:22:06","modified_gmt":"2024-11-22T12:22:06","slug":"o-nama","status":"publish","type":"page","link":"https:\/\/www.tpa-group.me\/sr\/o-nama\/","title":{"rendered":"O Nama"},"content":{"rendered":"\t\t<div data-elementor-type=\"wp-page\" data-elementor-id=\"1391\" class=\"elementor elementor-1391 elementor-1390\" data-elementor-post-type=\"page\">\n\t\t\t\t\t\t<section class=\"elementor-section elementor-top-section elementor-element elementor-element-89b273d hero-banner elementor-section-boxed elementor-section-height-default elementor-section-height-default\" data-id=\"89b273d\" data-element_type=\"section\">\n\t\t\t\t\t\t<div class=\"elementor-container elementor-column-gap-default\">\n\t\t\t\t\t<div class=\"elementor-column elementor-col-100 elementor-top-column elementor-element elementor-element-265af5ed\" data-id=\"265af5ed\" data-element_type=\"column\">\n\t\t\t<div class=\"elementor-widget-wrap elementor-element-populated\">\n\t\t\t\t\t\t<section class=\"elementor-section elementor-inner-section elementor-element elementor-element-2f7ae478 hero-banner-breadcrumbs-container elementor-section-boxed elementor-section-height-default elementor-section-height-default\" data-id=\"2f7ae478\" data-element_type=\"section\">\n\t\t\t\t\t\t<div class=\"elementor-container elementor-column-gap-default\">\n\t\t\t\t\t<div class=\"elementor-column elementor-col-100 elementor-inner-column elementor-element elementor-element-73b4f8bb\" data-id=\"73b4f8bb\" data-element_type=\"column\">\n\t\t\t<div class=\"elementor-widget-wrap elementor-element-populated\">\n\t\t\t\t\t\t<div class=\"elementor-element elementor-element-3993af44 elementor-widget elementor-widget-heading\" data-id=\"3993af44\" data-element_type=\"widget\" data-widget_type=\"heading.default\">\n\t\t\t\t<div class=\"elementor-widget-container\">\n\t\t\t\t\t<p class=\"elementor-heading-title elementor-size-default\"><a href=\"\/?lang=en\">Naslovna |&nbsp;<\/a><\/p>\t\t\t\t<\/div>\n\t\t\t\t<\/div>\n\t\t\t\t<div class=\"elementor-element elementor-element-e5b963d elementor-widget elementor-widget-heading\" data-id=\"e5b963d\" data-element_type=\"widget\" data-widget_type=\"heading.default\">\n\t\t\t\t<div class=\"elementor-widget-container\">\n\t\t\t\t\t<p class=\"elementor-heading-title elementor-size-default\">O Nama<\/p>\t\t\t\t<\/div>\n\t\t\t\t<\/div>\n\t\t\t\t\t<\/div>\n\t\t<\/div>\n\t\t\t\t\t<\/div>\n\t\t<\/section>\n\t\t\t\t<div class=\"elementor-element elementor-element-ae8671 elementor-widget elementor-widget-heading\" data-id=\"ae8671\" data-element_type=\"widget\" data-widget_type=\"heading.default\">\n\t\t\t\t<div class=\"elementor-widget-container\">\n\t\t\t\t\t<h1 class=\"elementor-heading-title elementor-size-default\"><span style=\"color: var( --e-global-color-761d179 )\">Dobrodo\u0161li u TPA Grupu!<\/span><\/h1>\t\t\t\t<\/div>\n\t\t\t\t<\/div>\n\t\t\t\t<div class=\"elementor-element elementor-element-535be887 elementor-widget elementor-widget-text-editor\" data-id=\"535be887\" data-element_type=\"widget\" data-widget_type=\"text-editor.default\">\n\t\t\t\t<div class=\"elementor-widget-container\">\n\t\t\t\t\t\t\t\t\t<p>Da li tragate za partnerom koji razumije va\u0161e potrebe? Koji govori va\u0161 jezik, poznaje poslovanje kojim se bavite i koji \u0107e strpljivo saslu\u0161ati ono \u0161to vas brine? <\/p>\n\t\t\t\t\t\t\t\t<\/div>\n\t\t\t\t<\/div>\n\t\t\t\t\t<\/div>\n\t\t<\/div>\n\t\t\t\t\t<\/div>\n\t\t<\/section>\n\t\t<div class=\"elementor-element elementor-element-7dd45222 page-content-container e-flex e-con-boxed e-con e-parent\" data-id=\"7dd45222\" data-element_type=\"container\" data-settings=\"{&quot;background_background&quot;:&quot;classic&quot;}\">\n\t\t\t\t\t<div class=\"e-con-inner\">\n\t\t\t\t<div class=\"elementor-element elementor-element-7609102 elementor-widget elementor-widget-text-editor\" data-id=\"7609102\" data-element_type=\"widget\" data-widget_type=\"text-editor.default\">\n\t\t\t\t<div class=\"elementor-widget-container\">\n\t\t\t\t\t\t\t\t\t<p>U tom slu\u010daju je TPA Grupa pravi poslovni partner za vas. Na\u0161e najva\u017enije alatke nisu d\u017eepni ra\u010dunari, ogromni tabelarni pregledi ili najnovije tehnologije, ve\u0107 oko koje sve pomno posmatra, uho koje sve pa\u017eljivo slu\u0161a, dobar nos i po\u0161ten razgovor.<\/p>\n\t\t\t\t\t\t\t\t<\/div>\n\t\t\t\t<\/div>\n\t\t\t\t<div class=\"elementor-element elementor-element-c87fac6 elementor-widget elementor-widget-heading\" data-id=\"c87fac6\" data-element_type=\"widget\" data-widget_type=\"heading.default\">\n\t\t\t\t<div class=\"elementor-widget-container\">\n\t\t\t\t\t<h2 class=\"elementor-heading-title elementor-size-default\">12 zemalja 1 kompanija. TPA Grupa<\/h2>\t\t\t\t<\/div>\n\t\t\t\t<\/div>\n\t\t\t\t<div class=\"elementor-element elementor-element-f55e713 elementor-widget elementor-widget-text-editor\" data-id=\"f55e713\" data-element_type=\"widget\" data-widget_type=\"text-editor.default\">\n\t\t\t\t<div class=\"elementor-widget-container\">\n\t\t\t\t\t\t\t\t\t<p>Samo oni koji komuniciraju na ravnopravnim osnovama i koji se mogu identifikovati sa svakim projektom na\u0107i \u0107e rje\u0161enje koje im najvi\u0161e odgovara. To je ono \u0161to mi podrazumijevamo pod pojmom poslovanje licem u lice, i upravo to radimo. I stalno tako, na regionalnom i na me\u0111unarodnom nivou. Na poljima pru\u017eanja <a title=\"Poreske savjetodavne usluge u Centralnoj i Jugoisto\u010dnoj Evropi - TPA Grupa\" href=\"https:\/\/www.tpa-group.me\/sr\/usluge\/poresko-savjetovanje\/\"><strong>savjeta o porezima<\/strong><\/a>, <a title=\"Ra\u010dunovodstvene usluge u Centralnoj i Jugoisto\u010dnoj Evropi - TPA Grupa\" href=\"https:\/\/www.tpa-group.me\/sr\/usluge\/racunovodstvo\/\"><strong>ra\u010dunovodstva<\/strong><\/a>, <a title=\"Usluge revizije u Centralnoj i Jugoisto\u010dnoj Evropi - TPA Grupa\" href=\"https:\/\/www.tpa-group.me\/sr\/usluge\/revizija\/\"><strong>revizije<\/strong><\/a> i <strong><a title=\"Usluge poslovnog savjetovanja u Centralnoj i Jugoisto\u010dnoj Evropi - TPA Grupa\" href=\"https:\/\/www.tpa-group.me\/sr\/usluge\/poslovno-savjetovanje\/\">davanja savjeta op\u0161te prirode<\/a><\/strong>.<\/p>\t\t\t\t\t\t\t\t<\/div>\n\t\t\t\t<\/div>\n\t\t\t\t<div class=\"elementor-element elementor-element-39c9a0b elementor-widget elementor-widget-heading\" data-id=\"39c9a0b\" data-element_type=\"widget\" data-widget_type=\"heading.default\">\n\t\t\t\t<div class=\"elementor-widget-container\">\n\t\t\t\t\t<h2 class=\"elementor-heading-title elementor-size-default\">30 poreskih kancelarija u Centralnoj i Jugoisto\u010dnoj Evropi<\/h2>\t\t\t\t<\/div>\n\t\t\t\t<\/div>\n\t\t\t\t<div class=\"elementor-element elementor-element-77febb5 elementor-widget elementor-widget-text-editor\" data-id=\"77febb5\" data-element_type=\"widget\" data-widget_type=\"text-editor.default\">\n\t\t\t\t<div class=\"elementor-widget-container\">\n\t\t\t\t\t\t\t\t\t<p><strong>TPA Grupa<\/strong> je tako\u0111e dostupna u Centralnoj i Jugoisto\u010dnoj Evropi u: <strong><a title=\"TPA u Albaniji - Poreske, Ra\u010dunovodstvene, Revizorske i savjetodavne usluge u Tirani\" href=\"http:\/\/www.tpa-group.al\/\" target=\"_blank\" rel=\"noopener\">Albanija,<\/a><\/strong> <strong><a title=\"TPA u Bugarskoj - Poreske, Ra\u010dunovodstvene, Revizorske i savjetodavne usluge u Sofiji\" href=\"http:\/\/www.tpa-group.bg\/\" target=\"_blank\" rel=\"noopener\">Bugarska<\/a><\/strong>, <strong><a title=\"TPA u Hrvatskoj - Poreske, Ra\u010dunovodstvene, Revizorske i savjetodavne usluge u Zagrebu\" href=\"http:\/\/www.tpa-grup.hr\/\" target=\"_blank\" rel=\"noopener\">Hrvatska<\/a><\/strong>, <strong><a title=\"TPA u Austriji u 12 poreskij i revizorskih kancelarija\" href=\"http:\/\/www.tpa-group.at\/\" target=\"_blank\" rel=\"noopener\">Austrija<\/a><\/strong>, <a title=\"TPA u Crnoj Gori - Poreske, Ra\u010dunovodstvene, Revizorske i savjetodavne usluge u Podgorici\" href=\"https:\/\/www.tpa-group.me\/sr\/\"><strong>Crna Gora<\/strong><\/a>, <strong><a title=\"TPA u Poljskoj u 3 poreske i revizorske kancelarije: Var\u0161ava, Poznan i Katowice\" href=\"http:\/\/www.tpa-group.pl\/\" target=\"_blank\" rel=\"noopener\">Poljska<\/a><\/strong>, <strong><a title=\"TPA u Rumuniji - Poreske, Ra\u010dunovodstvene, Revizorske i savjetodavne usluge u Bukure\u0161tu.\" href=\"http:\/\/www.tpa-group.ro\/\" target=\"_blank\" rel=\"noopener\">Rumunija<\/a><\/strong>, <strong><a title=\"TPA u Srbiji - Poreske, Ra\u010dunovodstvene, Revizorske i savjetodavne usluge u Beogradu\" href=\"http:\/\/www.tpa-group.rs\/\" target=\"_blank\" rel=\"noopener\">Srbija<\/a><\/strong>, <strong><a title=\"TPA u Slova\u010dkoj nudi poreske, ra\u010dunovodstvene, revizorske i savjetodavne usluge u Bratislavi i Ko\u0161icama.\" href=\"http:\/\/www.tpa-group.sk\/\" target=\"_blank\" rel=\"noopener\">Slova\u010dka<\/a><\/strong>, <strong><a title=\"TPA u Sloveniji nudi poreske, ra\u010dunovodstvene, revizorske i savjetodavne usluge u Ljubljani.\" href=\"http:\/\/www.tpa-group.si\/\" target=\"_blank\" rel=\"noopener\">Slovenija<\/a><\/strong>, <strong><a title=\"TPA u \u010ce\u0161koj nudi poreske, revizorske, ra\u010dunovodstvene i savjetodavne usluge.\" href=\"http:\/\/www.tpa-group.cz\/\" target=\"_blank\" rel=\"noopener\">\u010ce\u0161ka Republika<\/a><\/strong> i <strong><a title=\"TPA u Ma\u0111arskoj nudi poreske, ra\u010dunovodstvene, revizorske i savjetodavne usluge u Budimpe\u0161ti.\" href=\"http:\/\/www.tpa-group.hu\/\" target=\"_blank\" rel=\"noopener\">Ma\u0111arska<\/a><\/strong>. Vi\u0161e od 1.700 zaposlenih u 30 kancelarija za poreze i reviziju u dvanaest zemalja brine o va\u0161im potrebama.<\/p>\t\t\t\t\t\t\t\t<\/div>\n\t\t\t\t<\/div>\n\t\t\t\t<div class=\"elementor-element elementor-element-b4aa253 elementor-widget elementor-widget-heading\" data-id=\"b4aa253\" data-element_type=\"widget\" data-widget_type=\"heading.default\">\n\t\t\t\t<div class=\"elementor-widget-container\">\n\t\t\t\t\t<h2 class=\"elementor-heading-title elementor-size-default\">TPA Grupa: Regionalni koreni. Globalna mre\u017ea. <\/h2>\t\t\t\t<\/div>\n\t\t\t\t<\/div>\n\t\t\t\t<div class=\"elementor-element elementor-element-f03b647 elementor-widget elementor-widget-text-editor\" data-id=\"f03b647\" data-element_type=\"widget\" data-widget_type=\"text-editor.default\">\n\t\t\t\t<div class=\"elementor-widget-container\">\n\t\t\t\t\t\t\t\t\t<p>TPA Grupa je nezavisni \u010dlan Baker Tilly Europe Alliance i na taj na\u010din svojim klijentima pru\u017ea globalnu <strong>mre\u017eu poreskih savetnika, revizora i konsultanata<\/strong>.<\/p>\n\t\t\t\t\t\t\t\t<\/div>\n\t\t\t\t<\/div>\n\t\t\t\t<div class=\"elementor-element elementor-element-59b9d58 elementor-widget elementor-widget-text-editor\" data-id=\"59b9d58\" data-element_type=\"widget\" data-widget_type=\"text-editor.default\">\n\t\t\t\t<div class=\"elementor-widget-container\">\n\t\t\t\t\t\t\t\t\t<p>Zahvaljuju\u0107i na\u0161em savezu sa mre\u017eom Baker Tilly International, 12 zemalja Centralne i Jugoisto\u010dne Evrope, u kojima posluje nezavisna TPA Grupa, savr\u0161eno su povezane na globalnom nivou, \u0161to nam omogu\u0107ava pru\u017eanje visokokvalitetnih usluga u svim glavnim poslovnim centrima i regionima sveta.<\/p>\n\t\t\t\t\t\t\t\t<\/div>\n\t\t\t\t<\/div>\n\t\t\t\t<div class=\"elementor-element elementor-element-32555f6 elementor-widget elementor-widget-text-editor\" data-id=\"32555f6\" data-element_type=\"widget\" data-widget_type=\"text-editor.default\">\n\t\t\t\t<div class=\"elementor-widget-container\">\n\t\t\t\t\t\t\t\t\t<p>Mre\u017ea Baker Tilly International trenutno se sastoji od 123 nezavisne \u010dlanice u 148 zemalja sa oko 37.000 zaposlenih, \u0161to je svrstava me\u0111u 10 najve\u0107ih globalnih konsultantskih mre\u017ea.<\/p>\n\t\t\t\t\t\t\t\t<\/div>\n\t\t\t\t<\/div>\n\t\t\t\t<div class=\"elementor-element elementor-element-229c728 elementor-widget elementor-widget-text-editor\" data-id=\"229c728\" data-element_type=\"widget\" data-widget_type=\"text-editor.default\">\n\t\t\t\t<div class=\"elementor-widget-container\">\n\t\t\t\t\t\t\t\t\t<ul><li>TPA Grupa: Na\u0161e <a title=\"TPA Grupa sa 30 kancelarija za poreze i reviziju u CEE\/SEE: Kontaktirajte svog najbli\u017eeg TPA savjetnika u 12 zemalja.\" href=\"https:\/\/www.tpa-group.com\/locations\" target=\"_blank\" rel=\"noopener\"><strong>lokacije u Centralnoj i Jugoisto\u010dnoj Evropi<\/strong><\/a><\/li><li>Saznajte vi\u0161e o <strong><a title=\"Kontaktirajte TPA CEE\/SEE stru\u010dnjake za poreske, ra\u010dunovodstvene, revizorske i savetodavne usluge u Centralnoj i Jugoisto\u010dnoj Evropi.\" href=\"https:\/\/www.tpa-group.com\/en\/groups\/partners\/\" target=\"_blank\" rel=\"noopener\">partneru TPA grupe<\/a><\/strong>.<\/li><li><strong><a title=\"Saznajte vi\u0161e o nagra\u0111ivanoj poreskoj i finansijskoj savjetodavnoj kompaniji TPA u CEE\/SEE.\" href=\"https:\/\/www.tpa-group.com\/en\/awards-and-prizes\/\" target=\"_blank\" rel=\"noopener\">Nagrade<\/a><\/strong> TPA Grupe<strong><br \/><\/strong><\/li><li>Na\u0161i partneri u savezu: <a title=\"TPA Grupa je dio me\u0111unarodne Baker Tilly mre\u017ee poreskih, revizorskih, ra\u010dunovodstvenih i savjetodavnih stru\u010dnjaka \u0161irom sveta.\" href=\"https:\/\/www.tpa-group.com\/en\/baker-tilly-europe-alliance\/\" target=\"_blank\" rel=\"noopener\"><strong>Baker Tilly International mre\u017ea<\/strong><\/a><\/li><\/ul>\t\t\t\t\t\t\t\t<\/div>\n\t\t\t\t<\/div>\n\t\t\t\t\t<\/div>\n\t\t\t\t<\/div>\n\t\t\t\t<\/div>\n\t\t","protected":false},"excerpt":{"rendered":"<p>Naslovna |&nbsp; O Nama Dobrodo\u0161li u TPA Grupu! Da li tragate za partnerom koji razumije va\u0161e potrebe? Koji govori va\u0161 jezik, poznaje poslovanje kojim se bavite i koji \u0107e strpljivo saslu\u0161ati ono \u0161to vas brine? U tom slu\u010daju je TPA Grupa pravi poslovni partner za vas. Na\u0161e najva\u017enije alatke nisu d\u017eepni ra\u010dunari, ogromni tabelarni pregledi [&hellip;]<\/p>\n","protected":false},"author":36,"featured_media":0,"parent":0,"menu_order":0,"comment_status":"closed","ping_status":"closed","template":"elementor_header_footer","meta":{"_acf_changed":false,"footnotes":""},"class_list":["post-1391","page","type-page","status-publish","hentry"],"acf":[],"yoast_head":"<!-- This site is optimized with the Yoast SEO plugin v26.0 - https:\/\/yoast.com\/wordpress\/plugins\/seo\/ -->\n<title>O Nama - www.tpa-group.me<\/title>\n<meta name=\"robots\" content=\"index, follow, max-snippet:-1, max-image-preview:large, max-video-preview:-1\" \/>\n<link rel=\"canonical\" href=\"https:\/\/www.tpa-group.me\/sr\/o-nama\/\" \/>\n<meta property=\"og:locale\" content=\"sr_RS\" \/>\n<meta property=\"og:type\" content=\"article\" \/>\n<meta property=\"og:title\" content=\"O Nama - www.tpa-group.me\" \/>\n<meta property=\"og:description\" content=\"Naslovna |&nbsp; O Nama Dobrodo\u0161li u TPA Grupu! Da li tragate za partnerom koji razumije va\u0161e potrebe? Koji govori va\u0161 jezik, poznaje poslovanje kojim se bavite i koji \u0107e strpljivo saslu\u0161ati ono \u0161to vas brine? U tom slu\u010daju je TPA Grupa pravi poslovni partner za vas. Na\u0161e najva\u017enije alatke nisu d\u017eepni ra\u010dunari, ogromni tabelarni pregledi [&hellip;]\" \/>\n<meta property=\"og:url\" content=\"https:\/\/www.tpa-group.me\/sr\/o-nama\/\" \/>\n<meta property=\"og:site_name\" content=\"www.tpa-group.me\" \/>\n<meta property=\"article:modified_time\" content=\"2024-11-22T12:22:06+00:00\" \/>\n<meta name=\"twitter:card\" content=\"summary_large_image\" \/>\n<meta name=\"twitter:label1\" content=\"Est. reading time\" \/>\n\t<meta name=\"twitter:data1\" content=\"2 \u043c\u0438\u043d\u0443\u0442\u0430\" \/>\n<script type=\"application\/ld+json\" class=\"yoast-schema-graph\">{\"@context\":\"https:\/\/schema.org\",\"@graph\":[{\"@type\":\"WebPage\",\"@id\":\"https:\/\/www.tpa-group.me\/sr\/o-nama\/\",\"url\":\"https:\/\/www.tpa-group.me\/sr\/o-nama\/\",\"name\":\"O Nama - www.tpa-group.me\",\"isPartOf\":{\"@id\":\"https:\/\/www.tpa-group.me\/sr\/#website\"},\"datePublished\":\"2024-10-24T09:05:54+00:00\",\"dateModified\":\"2024-11-22T12:22:06+00:00\",\"breadcrumb\":{\"@id\":\"https:\/\/www.tpa-group.me\/sr\/o-nama\/#breadcrumb\"},\"inLanguage\":\"sr-RS\",\"potentialAction\":[{\"@type\":\"ReadAction\",\"target\":[\"https:\/\/www.tpa-group.me\/sr\/o-nama\/\"]}]},{\"@type\":\"BreadcrumbList\",\"@id\":\"https:\/\/www.tpa-group.me\/sr\/o-nama\/#breadcrumb\",\"itemListElement\":[{\"@type\":\"ListItem\",\"position\":1,\"name\":\"Home\",\"item\":\"https:\/\/www.tpa-group.me\/sr\/\"},{\"@type\":\"ListItem\",\"position\":2,\"name\":\"O Nama\"}]},{\"@type\":\"WebSite\",\"@id\":\"https:\/\/www.tpa-group.me\/sr\/#website\",\"url\":\"https:\/\/www.tpa-group.me\/sr\/\",\"name\":\"www.tpa-group.me\",\"description\":\"\",\"publisher\":{\"@id\":\"https:\/\/www.tpa-group.me\/sr\/#organization\"},\"potentialAction\":[{\"@type\":\"SearchAction\",\"target\":{\"@type\":\"EntryPoint\",\"urlTemplate\":\"https:\/\/www.tpa-group.me\/sr\/?s={search_term_string}\"},\"query-input\":{\"@type\":\"PropertyValueSpecification\",\"valueRequired\":true,\"valueName\":\"search_term_string\"}}],\"inLanguage\":\"sr-RS\"},{\"@type\":\"Organization\",\"@id\":\"https:\/\/www.tpa-group.me\/sr\/#organization\",\"name\":\"www.tpa-group.me\",\"url\":\"https:\/\/www.tpa-group.me\/sr\/\",\"logo\":{\"@type\":\"ImageObject\",\"inLanguage\":\"sr-RS\",\"@id\":\"https:\/\/www.tpa-group.me\/sr\/#\/schema\/logo\/image\/\",\"url\":\"https:\/\/www.tpa-group.me\/app\/uploads\/sites\/7\/2024\/02\/tpa-logo.svg\",\"contentUrl\":\"https:\/\/www.tpa-group.me\/app\/uploads\/sites\/7\/2024\/02\/tpa-logo.svg\",\"caption\":\"www.tpa-group.me\"},\"image\":{\"@id\":\"https:\/\/www.tpa-group.me\/sr\/#\/schema\/logo\/image\/\"}}]}<\/script>\n<!-- \/ Yoast SEO plugin. -->","yoast_head_json":{"title":"O Nama - www.tpa-group.me","robots":{"index":"index","follow":"follow","max-snippet":"max-snippet:-1","max-image-preview":"max-image-preview:large","max-video-preview":"max-video-preview:-1"},"canonical":"https:\/\/www.tpa-group.me\/sr\/o-nama\/","og_locale":"sr_RS","og_type":"article","og_title":"O Nama - www.tpa-group.me","og_description":"Naslovna |&nbsp; O Nama Dobrodo\u0161li u TPA Grupu! Da li tragate za partnerom koji razumije va\u0161e potrebe? Koji govori va\u0161 jezik, poznaje poslovanje kojim se bavite i koji \u0107e strpljivo saslu\u0161ati ono \u0161to vas brine? U tom slu\u010daju je TPA Grupa pravi poslovni partner za vas. Na\u0161e najva\u017enije alatke nisu d\u017eepni ra\u010dunari, ogromni tabelarni pregledi [&hellip;]","og_url":"https:\/\/www.tpa-group.me\/sr\/o-nama\/","og_site_name":"www.tpa-group.me","article_modified_time":"2024-11-22T12:22:06+00:00","twitter_card":"summary_large_image","twitter_misc":{"Est. reading time":"2 \u043c\u0438\u043d\u0443\u0442\u0430"},"schema":{"@context":"https:\/\/schema.org","@graph":[{"@type":"WebPage","@id":"https:\/\/www.tpa-group.me\/sr\/o-nama\/","url":"https:\/\/www.tpa-group.me\/sr\/o-nama\/","name":"O Nama - www.tpa-group.me","isPartOf":{"@id":"https:\/\/www.tpa-group.me\/sr\/#website"},"datePublished":"2024-10-24T09:05:54+00:00","dateModified":"2024-11-22T12:22:06+00:00","breadcrumb":{"@id":"https:\/\/www.tpa-group.me\/sr\/o-nama\/#breadcrumb"},"inLanguage":"sr-RS","potentialAction":[{"@type":"ReadAction","target":["https:\/\/www.tpa-group.me\/sr\/o-nama\/"]}]},{"@type":"BreadcrumbList","@id":"https:\/\/www.tpa-group.me\/sr\/o-nama\/#breadcrumb","itemListElement":[{"@type":"ListItem","position":1,"name":"Home","item":"https:\/\/www.tpa-group.me\/sr\/"},{"@type":"ListItem","position":2,"name":"O Nama"}]},{"@type":"WebSite","@id":"https:\/\/www.tpa-group.me\/sr\/#website","url":"https:\/\/www.tpa-group.me\/sr\/","name":"www.tpa-group.me","description":"","publisher":{"@id":"https:\/\/www.tpa-group.me\/sr\/#organization"},"potentialAction":[{"@type":"SearchAction","target":{"@type":"EntryPoint","urlTemplate":"https:\/\/www.tpa-group.me\/sr\/?s={search_term_string}"},"query-input":{"@type":"PropertyValueSpecification","valueRequired":true,"valueName":"search_term_string"}}],"inLanguage":"sr-RS"},{"@type":"Organization","@id":"https:\/\/www.tpa-group.me\/sr\/#organization","name":"www.tpa-group.me","url":"https:\/\/www.tpa-group.me\/sr\/","logo":{"@type":"ImageObject","inLanguage":"sr-RS","@id":"https:\/\/www.tpa-group.me\/sr\/#\/schema\/logo\/image\/","url":"https:\/\/www.tpa-group.me\/app\/uploads\/sites\/7\/2024\/02\/tpa-logo.svg","contentUrl":"https:\/\/www.tpa-group.me\/app\/uploads\/sites\/7\/2024\/02\/tpa-logo.svg","caption":"www.tpa-group.me"},"image":{"@id":"https:\/\/www.tpa-group.me\/sr\/#\/schema\/logo\/image\/"}}]}},"_links":{"self":[{"href":"https:\/\/www.tpa-group.me\/sr\/wp-json\/wp\/v2\/pages\/1391","targetHints":{"allow":["GET"]}}],"collection":[{"href":"https:\/\/www.tpa-group.me\/sr\/wp-json\/wp\/v2\/pages"}],"about":[{"href":"https:\/\/www.tpa-group.me\/sr\/wp-json\/wp\/v2\/types\/page"}],"author":[{"embeddable":true,"href":"https:\/\/www.tpa-group.me\/sr\/wp-json\/wp\/v2\/users\/36"}],"replies":[{"embeddable":true,"href":"https:\/\/www.tpa-group.me\/sr\/wp-json\/wp\/v2\/comments?post=1391"}],"version-history":[{"count":31,"href":"https:\/\/www.tpa-group.me\/sr\/wp-json\/wp\/v2\/pages\/1391\/revisions"}],"predecessor-version":[{"id":2329,"href":"https:\/\/www.tpa-group.me\/sr\/wp-json\/wp\/v2\/pages\/1391\/revisions\/2329"}],"wp:attachment":[{"href":"https:\/\/www.tpa-group.me\/sr\/wp-json\/wp\/v2\/media?parent=1391"}],"curies":[{"name":"wp","href":"https:\/\/api.w.org\/{rel}","templated":true}]}}