{"id":1978,"date":"2024-11-18T13:31:27","date_gmt":"2024-11-18T13:31:27","guid":{"rendered":"https:\/\/www.tpa-group.me\/data-protection\/"},"modified":"2024-12-02T11:16:29","modified_gmt":"2024-12-02T11:16:29","slug":"data-protection","status":"publish","type":"page","link":"https:\/\/www.tpa-group.me\/sr\/data-protection\/","title":{"rendered":"Data Protection"},"content":{"rendered":"\t\t<div data-elementor-type=\"wp-page\" data-elementor-id=\"1978\" class=\"elementor elementor-1978 elementor-1964\" data-elementor-post-type=\"page\">\n\t\t\t\t\t\t<section class=\"elementor-section elementor-top-section elementor-element elementor-element-ab44ed5 hero-banner elementor-section-boxed elementor-section-height-default elementor-section-height-default\" data-id=\"ab44ed5\" data-element_type=\"section\">\n\t\t\t\t\t\t<div class=\"elementor-container elementor-column-gap-default\">\n\t\t\t\t\t<div class=\"elementor-column elementor-col-100 elementor-top-column elementor-element elementor-element-336996a\" data-id=\"336996a\" data-element_type=\"column\">\n\t\t\t<div class=\"elementor-widget-wrap elementor-element-populated\">\n\t\t\t\t\t\t<section class=\"elementor-section elementor-inner-section elementor-element elementor-element-d0dfc89 hero-banner-breadcrumbs-container elementor-section-boxed elementor-section-height-default elementor-section-height-default\" data-id=\"d0dfc89\" data-element_type=\"section\">\n\t\t\t\t\t\t<div class=\"elementor-container elementor-column-gap-default\">\n\t\t\t\t\t<div class=\"elementor-column elementor-col-100 elementor-inner-column elementor-element elementor-element-62c5450\" data-id=\"62c5450\" data-element_type=\"column\">\n\t\t\t<div class=\"elementor-widget-wrap elementor-element-populated\">\n\t\t\t\t\t\t<div class=\"elementor-element elementor-element-aae7083 elementor-widget elementor-widget-heading\" data-id=\"aae7083\" data-element_type=\"widget\" data-widget_type=\"heading.default\">\n\t\t\t\t<div class=\"elementor-widget-container\">\n\t\t\t\t\t<p class=\"elementor-heading-title elementor-size-default\"><a href=\"\/?lang=en\">Naslovna |&nbsp;<\/a><\/p>\t\t\t\t<\/div>\n\t\t\t\t<\/div>\n\t\t\t\t<div class=\"elementor-element elementor-element-eff2fc4 elementor-widget elementor-widget-heading\" data-id=\"eff2fc4\" data-element_type=\"widget\" data-widget_type=\"heading.default\">\n\t\t\t\t<div class=\"elementor-widget-container\">\n\t\t\t\t\t<p class=\"elementor-heading-title elementor-size-default\">Obrada Pododataka<\/p>\t\t\t\t<\/div>\n\t\t\t\t<\/div>\n\t\t\t\t\t<\/div>\n\t\t<\/div>\n\t\t\t\t\t<\/div>\n\t\t<\/section>\n\t\t\t\t<div class=\"elementor-element elementor-element-f7e9736 elementor-widget elementor-widget-heading\" data-id=\"f7e9736\" data-element_type=\"widget\" data-widget_type=\"heading.default\">\n\t\t\t\t<div class=\"elementor-widget-container\">\n\t\t\t\t\t<h1 class=\"elementor-heading-title elementor-size-default\"><span>OBAVJE\u0160TENJE O OBRADI PODATAKA O LI\u010cNOSTI<\/span><\/h1>\t\t\t\t<\/div>\n\t\t\t\t<\/div>\n\t\t\t\t\t<\/div>\n\t\t<\/div>\n\t\t\t\t\t<\/div>\n\t\t<\/section>\n\t\t\t\t<section class=\"elementor-section elementor-top-section elementor-element elementor-element-89b273d page-content-container elementor-section-boxed elementor-section-height-default elementor-section-height-default\" data-id=\"89b273d\" data-element_type=\"section\">\n\t\t\t\t\t\t<div class=\"elementor-container elementor-column-gap-default\">\n\t\t\t\t\t<div class=\"elementor-column elementor-col-100 elementor-top-column elementor-element elementor-element-265af5ed\" data-id=\"265af5ed\" data-element_type=\"column\">\n\t\t\t<div class=\"elementor-widget-wrap elementor-element-populated\">\n\t\t\t\t\t\t<div class=\"elementor-element elementor-element-535be887 elementor-widget elementor-widget-text-editor\" data-id=\"535be887\" data-element_type=\"widget\" data-widget_type=\"text-editor.default\">\n\t\t\t\t<div class=\"elementor-widget-container\">\n\t\t\t\t\t\t\t\t\t<p>U skladu sa Op\u0161tom Uredbom o za\u0161titi podataka o li\u010dnosti (General Data Protection Regulation \u2013 Regulation ((EU) 2016\/679 \u2013 GDPR) i Zakonom o za\u0161titi podataka o li\u010dnosti (\u201eSlu\u017ebeni list Crne Gore\u201c, br. 079\/08 , 070\/09 , 044\/12 , 022\/17, 077\/24) ovim putem Vas obavje\u0161tavamo \u043e sljede\u0107im informacijama, a u vezi sa obradom od strane \u010dlanice TPA Grupe i to: TPA Audit Tax &amp; Accounting d.o.o. Podgorica, Bulevar Svetog Petra Cetinjskog br. 120, registracioni broj: 50860972, za potrebe web sajta (u daljem tekstu: TPA\/Rukovalac) podataka o li\u010dnosti Lica (u daljem tekstu: Lice na koje se podaci odnose):<\/p><p><strong>Rukovalac podataka<\/strong><\/p><p>\u010clanica TPA Grupe: TPA Audit Tax &amp; Accounting\u00a0 d.o.o. Podgorica, Bulevar Svetog Petra Cetinjskog br. 120, registracioni broj: 50860972 \u00a0je privredno dru\u0161tvo koje je organizovano i posluje prema zakonima Crne Gore. Rukovalac podataka je vlasnik veb sajta (<a href=\"http:\/\/www.tpa-group.me\">www.tpa-group.me<\/a>).<\/p><p><strong>Kategorije podataka o li\u010dnosti koje se obra\u0111uju<\/strong><\/p><p>TPA grupa prikuplja, procesuira i koristi samo podatke koje podijelite sa nama putem kontakt forme sajta i prijave na newsletter.<\/p><p>TPA grupa obra\u0111uje sljede\u0107e kategorije podataka o li\u010dnosti:<\/p><ol><li>Ime i prezime<\/li><li>Telefon podnosioca prijave<\/li><li>Adresu elektronske po\u0161te (<em>e-mail<\/em>) podnosioca prijave<\/li><\/ol><p>\u00a0<\/p><ul><li><strong>Pravni osnov za obradu<\/strong><\/li><\/ul><p>Pravni osnov za obra\u0111ivanje Va\u0161ih podataka o li\u010dnosti mogu \u010diniti:<\/p><ol><li>Pristanak za obradu podataka o li\u010dnosti;<\/li><li>Legitimni interes TPA grupe za marketin\u0161ke, prodajne, newsletter i analiti\u010dke svrhe.<\/li><\/ol><p><strong>Svrha obrade podataka o li\u010dnosti<\/strong><\/p><p>TPA grupa prikuplja, procesuira i koristi Va\u0161e podatke o li\u010dnosti zakonski, eti\u010dki i transparentno.<\/p><p>Podaci o li\u010dnosti se prikupljaju i isklju\u010divo za marketin\u0161ke, prodajne, newsletter i analiti\u010dke svrhe.<\/p><p>U svojstvu rukovaoca TPA grupa obra\u0111uje podatke o li\u010dnosti u\u00a0sljede\u0107e svrhe:<\/p><ul><li><strong>Analize u cilju istra\u017eivanja tr\u017ei\u0161ta, marketinga i prodaje<\/strong><\/li><\/ul><p><em>(obuhvata sljede\u0107e podatke navedene u kontakt formi: naziv kompanije (ako postoji), ime i prezime podnosioca upita, adresa podnosioca prijave, telefon, e-mail adresu, sajt (ako postoji) i opis upita).\u00a0\u00a0<\/em><\/p><ul><li><strong>Slanje drugih obave\u0161tenja vezano za realizaciju aktivnosti TPA u Crnoj Gori u elektronskom i \u0161tampanom formatu<\/strong><\/li><\/ul><p><em>(obuhvata sljede\u0107e podatke navedene u kontakt formi: naziv kompanije (ako postoji), ime i prezime podnosioca upita, adresa podnosioca prijave, telefon, e-mail adresu, sajt (ako postoji) i opis upita).<\/em><\/p><p><strong>Primaoci li\u010dnih podataka<\/strong><\/p><p>Ne postoje primaoci li\u010dnih podataka.<\/p><p>TPA grupa \u00a0podatke o li\u010dnosti ne prodaje, ne poklanja i ne iznajmljuje.<\/p><p>Va\u0161i podaci o li\u010dnosti se prikupljaju i koriste samo od strane: TPA Audit Tax &amp; Accounting\u00a0 d.o.o., Podgorica, Bulevar Svetog Petra Cetinjskog br. 120 unutar na\u0161e organizacije.<\/p><p><strong>Rok \u010duvanja podataka<\/strong><\/p><p>Va\u0161i podaci o li\u010dnosti bi\u0107e \u010duvani i obra\u0111ivani u bazama TPA grupe sve dok je to neophodno za ostvarivanje svrha obrade, s tim da imate pravo i mogu\u0107nost da opozovete pristanak za obradu podataka u svakom trenutku.<\/p><ul><li><strong>Prava lica na koje se podaci odnose u vezi sa obradom podataka o li\u010dnosti<\/strong><\/li><\/ul><p>Mo\u017eete da tra\u017eite pristup, ispravku i dopunu ili brisanje podataka o li\u010dnosti, odnosno ograni\u010denje obrade podataka o li\u010dnosti, a imate i pravo na prigovor na obradu podataka o li\u010dnosti, pravo na prenosivost podataka, kao i pravo na preduzimanje pravnih sredstava u skladu sa Zakonom odnosno GDPR. Tako\u0111e, imate pravo na opoziv pristanka.<\/p><p>U svakom od ovih slu\u010dajeva Vas molimo da po\u0161aljete poruku elektronskom po\u0161tom na\u00a0adresu office@tpa-group.me, ako \u017eelite da iskoristite neko od svojih prava ili ukoliko imate dodatna pitanja u vezi sa privatno\u0161\u0107u. Na Va\u0161 zahtjev \u0107emo odgovoriti u skladu sa va\u017ee\u0107im zakonskim propisima.<strong>\u00a0<\/strong><\/p><ul><li><strong>Pravo na pritu\u017ebu nadle\u017enom organu<\/strong><\/li><\/ul><p>Lice na koje se podaci odnose ima pravo da ulo\u017ei pritu\u017ebu nadle\u017enom organu &#8211; Agenciji za za\u0161titu li\u010dnih podataka.<\/p><p>\u00a0<\/p><p><strong>Kontakt\u00a0<\/strong><\/p><p>Ukoliko \u017eelite da nas kontaktirate u vezi sa obradom Va\u0161ih li\u010dnih podataka, molimo vas da po\u0161aljete poruku na sljede\u0107u e-mail adresu:<\/p><p>E-mail:\u00a0<a href=\"mailto:office@tpa-group.me\">office@tpa-group.me<\/a>\u00a0\u00a0<\/p><p><strong>PRISTANAK<\/strong><\/p><p>Ovim izjavljujem da dobrovoljno pristajem da TPA grupa mo\u017ee obra\u0111ivati moje podatke o li\u010dnosti navedene u Obavje\u0161tenju, na naprijed opisani na\u010din i u naprijed opisane svrhe, kako je navedeno u Obavje\u0161tenju.<\/p><p>U potpunosti sam upoznat\/ta sa Obavje\u0161tenjem koje mi je prezentovano od strane Rukovaoca prije potpisivanja ovog pristanka, koje je njegov sastavni dio i izjavljujem da sam u potpunosti saglasan\/na sa sadr\u017eajem Obavje\u0161tenja.<\/p><p>Podgorica, 19. novembar 2024.\u00a0\u00a0<\/p>\t\t\t\t\t\t\t\t<\/div>\n\t\t\t\t<\/div>\n\t\t\t\t\t<\/div>\n\t\t<\/div>\n\t\t\t\t\t<\/div>\n\t\t<\/section>\n\t\t\t\t<\/div>\n\t\t","protected":false},"excerpt":{"rendered":"<p>Naslovna |&nbsp; Obrada Pododataka OBAVJE\u0160TENJE O OBRADI PODATAKA O LI\u010cNOSTI U skladu sa Op\u0161tom Uredbom o za\u0161titi podataka o li\u010dnosti (General Data Protection Regulation \u2013 Regulation ((EU) 2016\/679 \u2013 GDPR) i Zakonom o za\u0161titi podataka o li\u010dnosti (\u201eSlu\u017ebeni list Crne Gore\u201c, br. 079\/08 , 070\/09 , 044\/12 , 022\/17, 077\/24) ovim putem Vas obavje\u0161tavamo \u043e [&hellip;]<\/p>\n","protected":false},"author":36,"featured_media":0,"parent":0,"menu_order":0,"comment_status":"closed","ping_status":"closed","template":"elementor_header_footer","meta":{"_acf_changed":false,"footnotes":""},"class_list":["post-1978","page","type-page","status-publish","hentry"],"acf":[],"yoast_head":"<!-- This site is optimized with the Yoast SEO plugin v26.0 - https:\/\/yoast.com\/wordpress\/plugins\/seo\/ -->\n<title>Data Protection - www.tpa-group.me<\/title>\n<meta name=\"robots\" content=\"index, follow, max-snippet:-1, max-image-preview:large, max-video-preview:-1\" \/>\n<link rel=\"canonical\" href=\"https:\/\/www.tpa-group.me\/sr\/data-protection\/\" \/>\n<meta property=\"og:locale\" content=\"sr_RS\" \/>\n<meta property=\"og:type\" content=\"article\" \/>\n<meta property=\"og:title\" content=\"Data Protection - www.tpa-group.me\" \/>\n<meta property=\"og:description\" content=\"Naslovna |&nbsp; Obrada Pododataka OBAVJE\u0160TENJE O OBRADI PODATAKA O LI\u010cNOSTI U skladu sa Op\u0161tom Uredbom o za\u0161titi podataka o li\u010dnosti (General Data Protection Regulation \u2013 Regulation ((EU) 2016\/679 \u2013 GDPR) i Zakonom o za\u0161titi podataka o li\u010dnosti (\u201eSlu\u017ebeni list Crne Gore\u201c, br. 079\/08 , 070\/09 , 044\/12 , 022\/17, 077\/24) ovim putem Vas obavje\u0161tavamo \u043e [&hellip;]\" \/>\n<meta property=\"og:url\" content=\"https:\/\/www.tpa-group.me\/sr\/data-protection\/\" \/>\n<meta property=\"og:site_name\" content=\"www.tpa-group.me\" \/>\n<meta property=\"article:modified_time\" content=\"2024-12-02T11:16:29+00:00\" \/>\n<meta name=\"twitter:card\" content=\"summary_large_image\" \/>\n<meta name=\"twitter:label1\" content=\"Est. reading time\" \/>\n\t<meta name=\"twitter:data1\" content=\"4 \u043c\u0438\u043d\u0443\u0442\u0430\" \/>\n<script type=\"application\/ld+json\" class=\"yoast-schema-graph\">{\"@context\":\"https:\/\/schema.org\",\"@graph\":[{\"@type\":\"WebPage\",\"@id\":\"https:\/\/www.tpa-group.me\/sr\/data-protection\/\",\"url\":\"https:\/\/www.tpa-group.me\/sr\/data-protection\/\",\"name\":\"Data Protection - www.tpa-group.me\",\"isPartOf\":{\"@id\":\"https:\/\/www.tpa-group.me\/sr\/#website\"},\"datePublished\":\"2024-11-18T13:31:27+00:00\",\"dateModified\":\"2024-12-02T11:16:29+00:00\",\"breadcrumb\":{\"@id\":\"https:\/\/www.tpa-group.me\/sr\/data-protection\/#breadcrumb\"},\"inLanguage\":\"sr-RS\",\"potentialAction\":[{\"@type\":\"ReadAction\",\"target\":[\"https:\/\/www.tpa-group.me\/sr\/data-protection\/\"]}]},{\"@type\":\"BreadcrumbList\",\"@id\":\"https:\/\/www.tpa-group.me\/sr\/data-protection\/#breadcrumb\",\"itemListElement\":[{\"@type\":\"ListItem\",\"position\":1,\"name\":\"Home\",\"item\":\"https:\/\/www.tpa-group.me\/sr\/\"},{\"@type\":\"ListItem\",\"position\":2,\"name\":\"Data Protection\"}]},{\"@type\":\"WebSite\",\"@id\":\"https:\/\/www.tpa-group.me\/sr\/#website\",\"url\":\"https:\/\/www.tpa-group.me\/sr\/\",\"name\":\"www.tpa-group.me\",\"description\":\"\",\"publisher\":{\"@id\":\"https:\/\/www.tpa-group.me\/sr\/#organization\"},\"potentialAction\":[{\"@type\":\"SearchAction\",\"target\":{\"@type\":\"EntryPoint\",\"urlTemplate\":\"https:\/\/www.tpa-group.me\/sr\/?s={search_term_string}\"},\"query-input\":{\"@type\":\"PropertyValueSpecification\",\"valueRequired\":true,\"valueName\":\"search_term_string\"}}],\"inLanguage\":\"sr-RS\"},{\"@type\":\"Organization\",\"@id\":\"https:\/\/www.tpa-group.me\/sr\/#organization\",\"name\":\"www.tpa-group.me\",\"url\":\"https:\/\/www.tpa-group.me\/sr\/\",\"logo\":{\"@type\":\"ImageObject\",\"inLanguage\":\"sr-RS\",\"@id\":\"https:\/\/www.tpa-group.me\/sr\/#\/schema\/logo\/image\/\",\"url\":\"https:\/\/www.tpa-group.me\/app\/uploads\/sites\/7\/2024\/02\/tpa-logo.svg\",\"contentUrl\":\"https:\/\/www.tpa-group.me\/app\/uploads\/sites\/7\/2024\/02\/tpa-logo.svg\",\"caption\":\"www.tpa-group.me\"},\"image\":{\"@id\":\"https:\/\/www.tpa-group.me\/sr\/#\/schema\/logo\/image\/\"}}]}<\/script>\n<!-- \/ Yoast SEO plugin. -->","yoast_head_json":{"title":"Data Protection - www.tpa-group.me","robots":{"index":"index","follow":"follow","max-snippet":"max-snippet:-1","max-image-preview":"max-image-preview:large","max-video-preview":"max-video-preview:-1"},"canonical":"https:\/\/www.tpa-group.me\/sr\/data-protection\/","og_locale":"sr_RS","og_type":"article","og_title":"Data Protection - www.tpa-group.me","og_description":"Naslovna |&nbsp; Obrada Pododataka OBAVJE\u0160TENJE O OBRADI PODATAKA O LI\u010cNOSTI U skladu sa Op\u0161tom Uredbom o za\u0161titi podataka o li\u010dnosti (General Data Protection Regulation \u2013 Regulation ((EU) 2016\/679 \u2013 GDPR) i Zakonom o za\u0161titi podataka o li\u010dnosti (\u201eSlu\u017ebeni list Crne Gore\u201c, br. 079\/08 , 070\/09 , 044\/12 , 022\/17, 077\/24) ovim putem Vas obavje\u0161tavamo \u043e [&hellip;]","og_url":"https:\/\/www.tpa-group.me\/sr\/data-protection\/","og_site_name":"www.tpa-group.me","article_modified_time":"2024-12-02T11:16:29+00:00","twitter_card":"summary_large_image","twitter_misc":{"Est. reading time":"4 \u043c\u0438\u043d\u0443\u0442\u0430"},"schema":{"@context":"https:\/\/schema.org","@graph":[{"@type":"WebPage","@id":"https:\/\/www.tpa-group.me\/sr\/data-protection\/","url":"https:\/\/www.tpa-group.me\/sr\/data-protection\/","name":"Data Protection - www.tpa-group.me","isPartOf":{"@id":"https:\/\/www.tpa-group.me\/sr\/#website"},"datePublished":"2024-11-18T13:31:27+00:00","dateModified":"2024-12-02T11:16:29+00:00","breadcrumb":{"@id":"https:\/\/www.tpa-group.me\/sr\/data-protection\/#breadcrumb"},"inLanguage":"sr-RS","potentialAction":[{"@type":"ReadAction","target":["https:\/\/www.tpa-group.me\/sr\/data-protection\/"]}]},{"@type":"BreadcrumbList","@id":"https:\/\/www.tpa-group.me\/sr\/data-protection\/#breadcrumb","itemListElement":[{"@type":"ListItem","position":1,"name":"Home","item":"https:\/\/www.tpa-group.me\/sr\/"},{"@type":"ListItem","position":2,"name":"Data Protection"}]},{"@type":"WebSite","@id":"https:\/\/www.tpa-group.me\/sr\/#website","url":"https:\/\/www.tpa-group.me\/sr\/","name":"www.tpa-group.me","description":"","publisher":{"@id":"https:\/\/www.tpa-group.me\/sr\/#organization"},"potentialAction":[{"@type":"SearchAction","target":{"@type":"EntryPoint","urlTemplate":"https:\/\/www.tpa-group.me\/sr\/?s={search_term_string}"},"query-input":{"@type":"PropertyValueSpecification","valueRequired":true,"valueName":"search_term_string"}}],"inLanguage":"sr-RS"},{"@type":"Organization","@id":"https:\/\/www.tpa-group.me\/sr\/#organization","name":"www.tpa-group.me","url":"https:\/\/www.tpa-group.me\/sr\/","logo":{"@type":"ImageObject","inLanguage":"sr-RS","@id":"https:\/\/www.tpa-group.me\/sr\/#\/schema\/logo\/image\/","url":"https:\/\/www.tpa-group.me\/app\/uploads\/sites\/7\/2024\/02\/tpa-logo.svg","contentUrl":"https:\/\/www.tpa-group.me\/app\/uploads\/sites\/7\/2024\/02\/tpa-logo.svg","caption":"www.tpa-group.me"},"image":{"@id":"https:\/\/www.tpa-group.me\/sr\/#\/schema\/logo\/image\/"}}]}},"_links":{"self":[{"href":"https:\/\/www.tpa-group.me\/sr\/wp-json\/wp\/v2\/pages\/1978","targetHints":{"allow":["GET"]}}],"collection":[{"href":"https:\/\/www.tpa-group.me\/sr\/wp-json\/wp\/v2\/pages"}],"about":[{"href":"https:\/\/www.tpa-group.me\/sr\/wp-json\/wp\/v2\/types\/page"}],"author":[{"embeddable":true,"href":"https:\/\/www.tpa-group.me\/sr\/wp-json\/wp\/v2\/users\/36"}],"replies":[{"embeddable":true,"href":"https:\/\/www.tpa-group.me\/sr\/wp-json\/wp\/v2\/comments?post=1978"}],"version-history":[{"count":12,"href":"https:\/\/www.tpa-group.me\/sr\/wp-json\/wp\/v2\/pages\/1978\/revisions"}],"predecessor-version":[{"id":2480,"href":"https:\/\/www.tpa-group.me\/sr\/wp-json\/wp\/v2\/pages\/1978\/revisions\/2480"}],"wp:attachment":[{"href":"https:\/\/www.tpa-group.me\/sr\/wp-json\/wp\/v2\/media?parent=1978"}],"curies":[{"name":"wp","href":"https:\/\/api.w.org\/{rel}","templated":true}]}}