{"id":1997,"date":"2024-11-18T14:09:54","date_gmt":"2024-11-18T14:09:54","guid":{"rendered":"https:\/\/www.tpa-group.me\/?page_id=1997"},"modified":"2024-12-02T11:41:57","modified_gmt":"2024-12-02T11:41:57","slug":"odricanje-odgovornosti","status":"publish","type":"page","link":"https:\/\/www.tpa-group.me\/sr\/odricanje-odgovornosti\/","title":{"rendered":"Odricanje odgovornosti"},"content":{"rendered":"\t\t<div data-elementor-type=\"wp-page\" data-elementor-id=\"1997\" class=\"elementor elementor-1997 elementor-1996\" data-elementor-post-type=\"page\">\n\t\t\t\t\t\t<section class=\"elementor-section elementor-top-section elementor-element elementor-element-db8b59c hero-banner elementor-section-boxed elementor-section-height-default elementor-section-height-default\" data-id=\"db8b59c\" data-element_type=\"section\">\n\t\t\t\t\t\t<div class=\"elementor-container elementor-column-gap-default\">\n\t\t\t\t\t<div class=\"elementor-column elementor-col-100 elementor-top-column elementor-element elementor-element-6cc8abb\" data-id=\"6cc8abb\" data-element_type=\"column\">\n\t\t\t<div class=\"elementor-widget-wrap elementor-element-populated\">\n\t\t\t\t\t\t<section class=\"elementor-section elementor-inner-section elementor-element elementor-element-2b5df93 hero-banner-breadcrumbs-container elementor-section-boxed elementor-section-height-default elementor-section-height-default\" data-id=\"2b5df93\" data-element_type=\"section\">\n\t\t\t\t\t\t<div class=\"elementor-container elementor-column-gap-default\">\n\t\t\t\t\t<div class=\"elementor-column elementor-col-100 elementor-inner-column elementor-element elementor-element-87e7f58\" data-id=\"87e7f58\" data-element_type=\"column\">\n\t\t\t<div class=\"elementor-widget-wrap elementor-element-populated\">\n\t\t\t\t\t\t<div class=\"elementor-element elementor-element-09c7c14 elementor-widget elementor-widget-heading\" data-id=\"09c7c14\" data-element_type=\"widget\" data-widget_type=\"heading.default\">\n\t\t\t\t<div class=\"elementor-widget-container\">\n\t\t\t\t\t<p class=\"elementor-heading-title elementor-size-default\"><a href=\"\/?lang=en\">Naslovna |&nbsp;<\/a><\/p>\t\t\t\t<\/div>\n\t\t\t\t<\/div>\n\t\t\t\t<div class=\"elementor-element elementor-element-dc84e2a elementor-widget elementor-widget-heading\" data-id=\"dc84e2a\" data-element_type=\"widget\" data-widget_type=\"heading.default\">\n\t\t\t\t<div class=\"elementor-widget-container\">\n\t\t\t\t\t<p class=\"elementor-heading-title elementor-size-default\">Odricanje odgovornosti<\/p>\t\t\t\t<\/div>\n\t\t\t\t<\/div>\n\t\t\t\t\t<\/div>\n\t\t<\/div>\n\t\t\t\t\t<\/div>\n\t\t<\/section>\n\t\t\t\t<div class=\"elementor-element elementor-element-1c8a819 elementor-widget elementor-widget-heading\" data-id=\"1c8a819\" data-element_type=\"widget\" data-widget_type=\"heading.default\">\n\t\t\t\t<div class=\"elementor-widget-container\">\n\t\t\t\t\t<h1 class=\"elementor-heading-title elementor-size-default\"><span style=\"color: var( --e-global-color-761d179 )\">ODRICANJE ODGOVORNOSTI<\/span><\/h1>\t\t\t\t<\/div>\n\t\t\t\t<\/div>\n\t\t\t\t\t<\/div>\n\t\t<\/div>\n\t\t\t\t\t<\/div>\n\t\t<\/section>\n\t\t\t\t<section class=\"elementor-section elementor-top-section elementor-element elementor-element-89b273d hero-banner elementor-section-boxed elementor-section-height-default elementor-section-height-default\" data-id=\"89b273d\" data-element_type=\"section\">\n\t\t\t\t\t\t<div class=\"elementor-container elementor-column-gap-default\">\n\t\t\t\t\t<div class=\"elementor-column elementor-col-100 elementor-top-column elementor-element elementor-element-265af5ed\" data-id=\"265af5ed\" data-element_type=\"column\">\n\t\t\t<div class=\"elementor-widget-wrap elementor-element-populated\">\n\t\t\t\t\t\t<div class=\"elementor-element elementor-element-535be887 elementor-widget elementor-widget-text-editor\" data-id=\"535be887\" data-element_type=\"widget\" data-widget_type=\"text-editor.default\">\n\t\t\t\t<div class=\"elementor-widget-container\">\n\t\t\t\t\t\t\t\t\t<p>Informacije, mi\u0161ljenja i pravne interpretacije dostupne na ovoj veb-stranici su date isklju\u010divo u smislu op\u0161tih informacija. Primjena i uticaj zakona mogu zna\u010dajno da variraju u zavisnosti od konkretnih okolnosti. S obzirom na promjenljivu prirodu zakona, propisa i sudskih odluka, kao i na stepen pouzdanosti elektronske komunikacije, mo\u017ee da se javi ka\u0161njenje, da do\u0111e do propusta ili \u010dak i neta\u010dnog prikaza informacija na ovoj internet stranici. Imajte u vidu da se informacije koje su dostupne na ovoj stranici ne mogu, niti bi ih trebalo koristiti kao zamjenu za profesionalne poreske ili pravne savjete. Prije dono\u0161enja bilo kakve odluke, trebalo bi da se konsultujete sa stru\u010dnjakom iz TPA Audit Tax &amp; Accounting.<\/p><p>I pored svih preduzetih radnji kako bi se obezbedilo da informacije na ovoj stranici budu iz pouzdanih izvora, ni TPA ni pojedina\u010dni autori nijesu odgovorni za eventualne gre\u0161ke ili propuste, niti za ishode upotrebe tih informacija. Sve informacije na ovoj stranici se pru\u017eaju bez garancije za potpunost, ta\u010dnost ili a\u017eurnost, kao i bez garancije da su iste pogodne za bilo koju konkretnu svrhu.<\/p><p>Ni TPA ni bilo koji od autora ne preuzimaju odgovornost za bilo koju donijetu odluku ili preduzetu radnju koja se oslanja na informacije sa ove veb-stranice, niti za bilo kakvu \u0161tetu koja bi mogla da nastane usljed takvih radnji ili odluka. TPA nema kontrolu nad sadr\u017eajem ili prezentacijom bilo kojih povezanih internet materijala i ne preuzima odgovornost za te sadr\u017eaje. TPA ne preuzima odgovornost za ta\u010dnost, potpunost i a\u017eurnost povezanih internet materijala.<\/p><p>Tekstovi, slike, grafike, video i drugi materijali na ovoj veb-stranici su za\u0161ti\u0107eni autorskim pravima i drugim pravima intelektualne svojine: nijedan dio ovih materijala se ne smije prenijeti tre\u0107im stranama, reprodukovati ili na drugi na\u010din obra\u0111ivati bez izri\u010dite, pisane dozvole TPA.<\/p><p>Svaki spor ili postupak u vezi sa kori\u0161\u0107enjem ove veb-stranice je u isklju\u010divoj nadle\u017enosti pravnog sistema Crne Gore. Nadle\u017ean sud za sve sporove i postupke koji direktno ili indirektno proizlaze iz kori\u0161\u0107enja ove veb-stranice je sud na teritoriji Podgorice.<\/p><p>TPA ne daje garanciju da \u0107e usluge biti u kontinuiranoj ponudi niti da \u0107e funkcionisati kako je planirano. TPA zadr\u017eava pravo da u bilo kom trenutku, bez prethodnog obavje\u0161tenja, obustavi ili trajno ukine pojedina\u010dne usluge ili sve usluge koje se pru\u017eaju putem ove veb-stranice.<\/p><p><strong>Dodatne informacije o komunikaciji elektronskom po\u0161tom:<\/strong><\/p><p>Informacije poslate putem elektronske po\u0161te i priloga \u0107e biti obavezuju\u0107e samo ako su potvr\u0111ene u pisanom obliku. Elektronski prenos poruka je isklju\u010divi rizik strane koja zahijteva takvu komunikaciju, posebno u pogledu problema u vezi sa prenosom i uslugom, rizikom odsustva primaoca i rizikom kr\u0161enja povjerljivosti na internetu. Automatski generisane potvrde o prijemu ili pregledavanju ne smatraju se potvrdom o prijemu va\u0161e poruke.<\/p><p><strong>Za\u0161tita podataka u vezi sa kori\u0161\u0107enjem Google Analytics<\/strong><\/p><p>Veb-stranica koristi statisti\u010dki alat \u201eGoogle Analytics\u201c (<a href=\"http:\/\/www.getclicky.com\/\">www.google.com\/analytics<\/a>). Kori\u0161\u0107enjem ove veb-stranice dajete saglasnost da va\u0161i podaci o klikovima mogu da budu sa\u010duvani i anonimno obra\u0111eni u statisti\u010dke svrhe.<\/p>\t\t\t\t\t\t\t\t<\/div>\n\t\t\t\t<\/div>\n\t\t\t\t\t<\/div>\n\t\t<\/div>\n\t\t\t\t\t<\/div>\n\t\t<\/section>\n\t\t\t\t<\/div>\n\t\t","protected":false},"excerpt":{"rendered":"<p>Naslovna |&nbsp; Odricanje odgovornosti ODRICANJE ODGOVORNOSTI Informacije, mi\u0161ljenja i pravne interpretacije dostupne na ovoj veb-stranici su date isklju\u010divo u smislu op\u0161tih informacija. Primjena i uticaj zakona mogu zna\u010dajno da variraju u zavisnosti od konkretnih okolnosti. S obzirom na promjenljivu prirodu zakona, propisa i sudskih odluka, kao i na stepen pouzdanosti elektronske komunikacije, mo\u017ee da se [&hellip;]<\/p>\n","protected":false},"author":36,"featured_media":0,"parent":0,"menu_order":0,"comment_status":"closed","ping_status":"closed","template":"elementor_header_footer","meta":{"_acf_changed":false,"footnotes":""},"class_list":["post-1997","page","type-page","status-publish","hentry"],"acf":[],"yoast_head":"<!-- This site is optimized with the Yoast SEO plugin v26.0 - https:\/\/yoast.com\/wordpress\/plugins\/seo\/ -->\n<title>Odricanje odgovornosti - www.tpa-group.me<\/title>\n<meta name=\"robots\" content=\"index, follow, max-snippet:-1, max-image-preview:large, max-video-preview:-1\" \/>\n<link rel=\"canonical\" href=\"https:\/\/www.tpa-group.me\/sr\/odricanje-odgovornosti\/\" \/>\n<meta property=\"og:locale\" content=\"sr_RS\" \/>\n<meta property=\"og:type\" content=\"article\" \/>\n<meta property=\"og:title\" content=\"Odricanje odgovornosti - www.tpa-group.me\" \/>\n<meta property=\"og:description\" content=\"Naslovna |&nbsp; Odricanje odgovornosti ODRICANJE ODGOVORNOSTI Informacije, mi\u0161ljenja i pravne interpretacije dostupne na ovoj veb-stranici su date isklju\u010divo u smislu op\u0161tih informacija. Primjena i uticaj zakona mogu zna\u010dajno da variraju u zavisnosti od konkretnih okolnosti. S obzirom na promjenljivu prirodu zakona, propisa i sudskih odluka, kao i na stepen pouzdanosti elektronske komunikacije, mo\u017ee da se [&hellip;]\" \/>\n<meta property=\"og:url\" content=\"https:\/\/www.tpa-group.me\/sr\/odricanje-odgovornosti\/\" \/>\n<meta property=\"og:site_name\" content=\"www.tpa-group.me\" \/>\n<meta property=\"article:modified_time\" content=\"2024-12-02T11:41:57+00:00\" \/>\n<meta name=\"twitter:card\" content=\"summary_large_image\" \/>\n<meta name=\"twitter:label1\" content=\"Est. reading time\" \/>\n\t<meta name=\"twitter:data1\" content=\"3 \u043c\u0438\u043d\u0443\u0442\u0430\" \/>\n<script type=\"application\/ld+json\" class=\"yoast-schema-graph\">{\"@context\":\"https:\/\/schema.org\",\"@graph\":[{\"@type\":\"WebPage\",\"@id\":\"https:\/\/www.tpa-group.me\/sr\/odricanje-odgovornosti\/\",\"url\":\"https:\/\/www.tpa-group.me\/sr\/odricanje-odgovornosti\/\",\"name\":\"Odricanje odgovornosti - www.tpa-group.me\",\"isPartOf\":{\"@id\":\"https:\/\/www.tpa-group.me\/sr\/#website\"},\"datePublished\":\"2024-11-18T14:09:54+00:00\",\"dateModified\":\"2024-12-02T11:41:57+00:00\",\"breadcrumb\":{\"@id\":\"https:\/\/www.tpa-group.me\/sr\/odricanje-odgovornosti\/#breadcrumb\"},\"inLanguage\":\"sr-RS\",\"potentialAction\":[{\"@type\":\"ReadAction\",\"target\":[\"https:\/\/www.tpa-group.me\/sr\/odricanje-odgovornosti\/\"]}]},{\"@type\":\"BreadcrumbList\",\"@id\":\"https:\/\/www.tpa-group.me\/sr\/odricanje-odgovornosti\/#breadcrumb\",\"itemListElement\":[{\"@type\":\"ListItem\",\"position\":1,\"name\":\"Home\",\"item\":\"https:\/\/www.tpa-group.me\/sr\/\"},{\"@type\":\"ListItem\",\"position\":2,\"name\":\"Odricanje odgovornosti\"}]},{\"@type\":\"WebSite\",\"@id\":\"https:\/\/www.tpa-group.me\/sr\/#website\",\"url\":\"https:\/\/www.tpa-group.me\/sr\/\",\"name\":\"www.tpa-group.me\",\"description\":\"\",\"publisher\":{\"@id\":\"https:\/\/www.tpa-group.me\/sr\/#organization\"},\"potentialAction\":[{\"@type\":\"SearchAction\",\"target\":{\"@type\":\"EntryPoint\",\"urlTemplate\":\"https:\/\/www.tpa-group.me\/sr\/?s={search_term_string}\"},\"query-input\":{\"@type\":\"PropertyValueSpecification\",\"valueRequired\":true,\"valueName\":\"search_term_string\"}}],\"inLanguage\":\"sr-RS\"},{\"@type\":\"Organization\",\"@id\":\"https:\/\/www.tpa-group.me\/sr\/#organization\",\"name\":\"www.tpa-group.me\",\"url\":\"https:\/\/www.tpa-group.me\/sr\/\",\"logo\":{\"@type\":\"ImageObject\",\"inLanguage\":\"sr-RS\",\"@id\":\"https:\/\/www.tpa-group.me\/sr\/#\/schema\/logo\/image\/\",\"url\":\"https:\/\/www.tpa-group.me\/app\/uploads\/sites\/7\/2024\/02\/tpa-logo.svg\",\"contentUrl\":\"https:\/\/www.tpa-group.me\/app\/uploads\/sites\/7\/2024\/02\/tpa-logo.svg\",\"caption\":\"www.tpa-group.me\"},\"image\":{\"@id\":\"https:\/\/www.tpa-group.me\/sr\/#\/schema\/logo\/image\/\"}}]}<\/script>\n<!-- \/ Yoast SEO plugin. -->","yoast_head_json":{"title":"Odricanje odgovornosti - www.tpa-group.me","robots":{"index":"index","follow":"follow","max-snippet":"max-snippet:-1","max-image-preview":"max-image-preview:large","max-video-preview":"max-video-preview:-1"},"canonical":"https:\/\/www.tpa-group.me\/sr\/odricanje-odgovornosti\/","og_locale":"sr_RS","og_type":"article","og_title":"Odricanje odgovornosti - www.tpa-group.me","og_description":"Naslovna |&nbsp; Odricanje odgovornosti ODRICANJE ODGOVORNOSTI Informacije, mi\u0161ljenja i pravne interpretacije dostupne na ovoj veb-stranici su date isklju\u010divo u smislu op\u0161tih informacija. Primjena i uticaj zakona mogu zna\u010dajno da variraju u zavisnosti od konkretnih okolnosti. S obzirom na promjenljivu prirodu zakona, propisa i sudskih odluka, kao i na stepen pouzdanosti elektronske komunikacije, mo\u017ee da se [&hellip;]","og_url":"https:\/\/www.tpa-group.me\/sr\/odricanje-odgovornosti\/","og_site_name":"www.tpa-group.me","article_modified_time":"2024-12-02T11:41:57+00:00","twitter_card":"summary_large_image","twitter_misc":{"Est. reading time":"3 \u043c\u0438\u043d\u0443\u0442\u0430"},"schema":{"@context":"https:\/\/schema.org","@graph":[{"@type":"WebPage","@id":"https:\/\/www.tpa-group.me\/sr\/odricanje-odgovornosti\/","url":"https:\/\/www.tpa-group.me\/sr\/odricanje-odgovornosti\/","name":"Odricanje odgovornosti - www.tpa-group.me","isPartOf":{"@id":"https:\/\/www.tpa-group.me\/sr\/#website"},"datePublished":"2024-11-18T14:09:54+00:00","dateModified":"2024-12-02T11:41:57+00:00","breadcrumb":{"@id":"https:\/\/www.tpa-group.me\/sr\/odricanje-odgovornosti\/#breadcrumb"},"inLanguage":"sr-RS","potentialAction":[{"@type":"ReadAction","target":["https:\/\/www.tpa-group.me\/sr\/odricanje-odgovornosti\/"]}]},{"@type":"BreadcrumbList","@id":"https:\/\/www.tpa-group.me\/sr\/odricanje-odgovornosti\/#breadcrumb","itemListElement":[{"@type":"ListItem","position":1,"name":"Home","item":"https:\/\/www.tpa-group.me\/sr\/"},{"@type":"ListItem","position":2,"name":"Odricanje odgovornosti"}]},{"@type":"WebSite","@id":"https:\/\/www.tpa-group.me\/sr\/#website","url":"https:\/\/www.tpa-group.me\/sr\/","name":"www.tpa-group.me","description":"","publisher":{"@id":"https:\/\/www.tpa-group.me\/sr\/#organization"},"potentialAction":[{"@type":"SearchAction","target":{"@type":"EntryPoint","urlTemplate":"https:\/\/www.tpa-group.me\/sr\/?s={search_term_string}"},"query-input":{"@type":"PropertyValueSpecification","valueRequired":true,"valueName":"search_term_string"}}],"inLanguage":"sr-RS"},{"@type":"Organization","@id":"https:\/\/www.tpa-group.me\/sr\/#organization","name":"www.tpa-group.me","url":"https:\/\/www.tpa-group.me\/sr\/","logo":{"@type":"ImageObject","inLanguage":"sr-RS","@id":"https:\/\/www.tpa-group.me\/sr\/#\/schema\/logo\/image\/","url":"https:\/\/www.tpa-group.me\/app\/uploads\/sites\/7\/2024\/02\/tpa-logo.svg","contentUrl":"https:\/\/www.tpa-group.me\/app\/uploads\/sites\/7\/2024\/02\/tpa-logo.svg","caption":"www.tpa-group.me"},"image":{"@id":"https:\/\/www.tpa-group.me\/sr\/#\/schema\/logo\/image\/"}}]}},"_links":{"self":[{"href":"https:\/\/www.tpa-group.me\/sr\/wp-json\/wp\/v2\/pages\/1997","targetHints":{"allow":["GET"]}}],"collection":[{"href":"https:\/\/www.tpa-group.me\/sr\/wp-json\/wp\/v2\/pages"}],"about":[{"href":"https:\/\/www.tpa-group.me\/sr\/wp-json\/wp\/v2\/types\/page"}],"author":[{"embeddable":true,"href":"https:\/\/www.tpa-group.me\/sr\/wp-json\/wp\/v2\/users\/36"}],"replies":[{"embeddable":true,"href":"https:\/\/www.tpa-group.me\/sr\/wp-json\/wp\/v2\/comments?post=1997"}],"version-history":[{"count":15,"href":"https:\/\/www.tpa-group.me\/sr\/wp-json\/wp\/v2\/pages\/1997\/revisions"}],"predecessor-version":[{"id":2508,"href":"https:\/\/www.tpa-group.me\/sr\/wp-json\/wp\/v2\/pages\/1997\/revisions\/2508"}],"wp:attachment":[{"href":"https:\/\/www.tpa-group.me\/sr\/wp-json\/wp\/v2\/media?parent=1997"}],"curies":[{"name":"wp","href":"https:\/\/api.w.org\/{rel}","templated":true}]}}