{"id":525,"date":"2024-02-27T09:46:59","date_gmt":"2024-02-27T09:46:59","guid":{"rendered":"https:\/\/www.tpa-group.me\/services-sr\/"},"modified":"2025-01-23T14:00:29","modified_gmt":"2025-01-23T14:00:29","slug":"usluge","status":"publish","type":"page","link":"https:\/\/www.tpa-group.me\/sr\/usluge\/","title":{"rendered":"Usluge"},"content":{"rendered":"\t\t<div data-elementor-type=\"wp-page\" data-elementor-id=\"525\" class=\"elementor elementor-525 elementor-12\" data-elementor-post-type=\"page\">\n\t\t\t\t\t\t<section class=\"elementor-section elementor-top-section elementor-element elementor-element-89b273d hero-banner elementor-section-boxed elementor-section-height-default elementor-section-height-default\" data-id=\"89b273d\" data-element_type=\"section\">\n\t\t\t\t\t\t<div class=\"elementor-container elementor-column-gap-default\">\n\t\t\t\t\t<div class=\"elementor-column elementor-col-50 elementor-top-column elementor-element elementor-element-265af5ed\" data-id=\"265af5ed\" data-element_type=\"column\">\n\t\t\t<div class=\"elementor-widget-wrap elementor-element-populated\">\n\t\t\t\t\t\t<section class=\"elementor-section elementor-inner-section elementor-element elementor-element-2f7ae478 hero-banner-breadcrumbs-container elementor-section-boxed elementor-section-height-default elementor-section-height-default\" data-id=\"2f7ae478\" data-element_type=\"section\">\n\t\t\t\t\t\t<div class=\"elementor-container elementor-column-gap-default\">\n\t\t\t\t\t<div class=\"elementor-column elementor-col-100 elementor-inner-column elementor-element elementor-element-73b4f8bb\" data-id=\"73b4f8bb\" data-element_type=\"column\">\n\t\t\t<div class=\"elementor-widget-wrap elementor-element-populated\">\n\t\t\t\t\t\t<div class=\"elementor-element elementor-element-3993af44 elementor-widget elementor-widget-heading\" data-id=\"3993af44\" data-element_type=\"widget\" data-widget_type=\"heading.default\">\n\t\t\t\t<div class=\"elementor-widget-container\">\n\t\t\t\t\t<p class=\"elementor-heading-title elementor-size-default\"><a href=\"\/?lang=en\">Naslovna |&nbsp;<\/a><\/p>\t\t\t\t<\/div>\n\t\t\t\t<\/div>\n\t\t\t\t<div class=\"elementor-element elementor-element-e5b963d elementor-widget elementor-widget-heading\" data-id=\"e5b963d\" data-element_type=\"widget\" data-widget_type=\"heading.default\">\n\t\t\t\t<div class=\"elementor-widget-container\">\n\t\t\t\t\t<p class=\"elementor-heading-title elementor-size-default\">Usluge<\/p>\t\t\t\t<\/div>\n\t\t\t\t<\/div>\n\t\t\t\t\t<\/div>\n\t\t<\/div>\n\t\t\t\t\t<\/div>\n\t\t<\/section>\n\t\t\t\t<div class=\"elementor-element elementor-element-ae8671 elementor-widget elementor-widget-heading\" data-id=\"ae8671\" data-element_type=\"widget\" data-widget_type=\"heading.default\">\n\t\t\t\t<div class=\"elementor-widget-container\">\n\t\t\t\t\t<h1 class=\"elementor-heading-title elementor-size-default\">Usluge<\/h1>\t\t\t\t<\/div>\n\t\t\t\t<\/div>\n\t\t\t\t<div class=\"elementor-element elementor-element-535be887 elementor-widget elementor-widget-text-editor\" data-id=\"535be887\" data-element_type=\"widget\" data-widget_type=\"text-editor.default\">\n\t\t\t\t<div class=\"elementor-widget-container\">\n\t\t\t\t\t\t\t\t\t<p>Svako preduze\u0107e je jedinstveno i svaki izazov zahtjeva posebno rje\u0161enje<\/p>\n<p>Usluge koje TPA grupa pru\u017ea su shodno tome raznovrsne Mo\u017eemo vam pru\u017eiti <strong>ra\u010dunovodstvene usluge<\/strong> i odgovoriti vam na sva strate\u0161ka pitanja vezana za va\u0161e preduze\u0107e Savjetujemo vas na va\u0161em jeziku<\/p>\n\t\t\t\t\t\t\t\t<\/div>\n\t\t\t\t<\/div>\n\t\t\t\t\t<\/div>\n\t\t<\/div>\n\t\t\t\t<div class=\"elementor-column elementor-col-50 elementor-top-column elementor-element elementor-element-69be34d2\" data-id=\"69be34d2\" data-element_type=\"column\">\n\t\t\t<div class=\"elementor-widget-wrap\">\n\t\t\t\t\t\t\t<\/div>\n\t\t<\/div>\n\t\t\t\t\t<\/div>\n\t\t<\/section>\n\t\t<div class=\"elementor-element elementor-element-19e9a97 e-flex e-con-boxed e-con e-parent\" data-id=\"19e9a97\" data-element_type=\"container\" data-settings=\"{&quot;background_background&quot;:&quot;classic&quot;}\">\n\t\t\t\t\t<div class=\"e-con-inner\">\n\t\t<div class=\"elementor-element elementor-element-8078feb e-flex e-con-boxed e-con e-child\" data-id=\"8078feb\" data-element_type=\"container\">\n\t\t\t\t\t<div class=\"e-con-inner\">\n\t\t\t\t<div class=\"elementor-element elementor-element-3d57ee6 elementor-widget elementor-widget-posts-card-grid\" data-id=\"3d57ee6\" data-element_type=\"widget\" data-settings=\"{&quot;posts_card_grid_category&quot;:&quot;40&quot;,&quot;posts_card_grid_content_type&quot;:&quot;post&quot;,&quot;posts_card_grid_order&quot;:&quot;ASC&quot;,&quot;posts_card_grid_order_by&quot;:&quot;date&quot;}\" data-widget_type=\"posts-card-grid.default\">\n\t\t\t\t<div class=\"elementor-widget-container\">\n\t\t\t\t\t\t \t<div \n\t \t\tclass=\"posts-card-grid-container\" \n \t\t>   \n\n\t\t\t\t  <div class=\"posts-grid\" style=\"opacity: 0;\">\n\n\t\t  \t<div class=\"posts-grid-sizer\"><\/div>\n\t\t    \t\n\t\t        \t<div class=\"posts-grid-item\">\n\t\t        \t\t\t        \t\t\t<a href=\"https:\/\/www.tpa-group.me\/sr\/usluge\/poresko-savjetovanje\/\">\n\n\t\t        \t\t\t        \t\t\t\t\t\t<p class=\"main-category\">Poresko Savjetovanje<\/p>\n\t        \t\t\t\t\t\t\t        \t\t<div class=\"img-container\">\n\t\t\t        \t\t\t<img decoding=\"async\" class=\"post-image\" src=\"https:\/\/www.tpa-group.me\/app\/uploads\/sites\/7\/2024\/02\/Offentlicher-Sektor-_-Non-Profit-Organisationen.jpg\" alt=\"Poresko Savjetovanje\">\n\t\t        \t\t\t\t\t\t\t        \t\t<\/div>\n        \t\t\t\t<\/a>\n\n        \t\t\t\t\t\t        \t<\/div>\n\t\t        \t\n\t\t        \t<div class=\"posts-grid-item\">\n\t\t        \t\t\t        \t\t\t<a href=\"https:\/\/www.tpa-group.me\/sr\/usluge\/revizija\/\">\n\n\t\t        \t\t\t        \t\t\t\t\t\t<p class=\"main-category\">Revizija<\/p>\n\t        \t\t\t\t\t\t\t        \t\t<div class=\"img-container\">\n\t\t\t        \t\t\t<img decoding=\"async\" class=\"post-image\" src=\"https:\/\/www.tpa-group.me\/app\/uploads\/sites\/7\/2024\/02\/Audit.jpg\" alt=\"Revizija\">\n\t\t        \t\t\t\t\t\t\t        \t\t<\/div>\n        \t\t\t\t<\/a>\n\n        \t\t\t\t\t\t        \t<\/div>\n\t\t        \t\n\t\t        \t<div class=\"posts-grid-item\">\n\t\t        \t\t\t        \t\t\t<a href=\"https:\/\/www.tpa-group.me\/sr\/usluge\/poslovno-savjetovanje\/\">\n\n\t\t        \t\t\t        \t\t\t\t\t\t<p class=\"main-category\">Poslovno Savjetovanje<\/p>\n\t        \t\t\t\t\t\t\t        \t\t<div class=\"img-container\">\n\t\t\t        \t\t\t<img decoding=\"async\" class=\"post-image\" src=\"https:\/\/www.tpa-group.me\/app\/uploads\/sites\/7\/2024\/05\/Advisory.jpg\" alt=\"Poslovno Savjetovanje\">\n\t\t        \t\t\t\t\t\t\t        \t\t<\/div>\n        \t\t\t\t<\/a>\n\n        \t\t\t\t\t\t        \t<\/div>\n\t\t        \t\n\t\t        \t<div class=\"posts-grid-item\">\n\t\t        \t\t\t        \t\t\t<a href=\"https:\/\/www.tpa-group.me\/sr\/usluge\/racunovodstvo\/\">\n\n\t\t        \t\t\t        \t\t\t\t\t\t<p class=\"main-category\">Ra\u010dunovodstvo<\/p>\n\t        \t\t\t\t\t\t\t        \t\t<div class=\"img-container\">\n\t\t\t        \t\t\t<img decoding=\"async\" class=\"post-image\" src=\"https:\/\/www.tpa-group.me\/app\/uploads\/sites\/7\/2024\/05\/Picture1.jpg\" alt=\"Ra\u010dunovodstvo\">\n\t\t        \t\t\t\t\t\t\t        \t\t<\/div>\n        \t\t\t\t<\/a>\n\n        \t\t\t\t\t\t        \t<\/div>\n\t\t        \t\t  <\/div>\n\t\t  \t\t\n\t\t\n\n\t\t\t \t<\/div>\n\t\t\t\t\t\t<\/div>\n\t\t\t\t<\/div>\n\t\t\t\t\t<\/div>\n\t\t\t\t<\/div>\n\t\t\t\t\t<\/div>\n\t\t\t\t<\/div>\n\t\t\t\t<\/div>\n\t\t","protected":false},"excerpt":{"rendered":"<p>Naslovna |&nbsp; Usluge Usluge Svako preduze\u0107e je jedinstveno i svaki izazov zahtjeva posebno rje\u0161enje Usluge koje TPA grupa pru\u017ea su shodno tome raznovrsne Mo\u017eemo vam pru\u017eiti ra\u010dunovodstvene usluge i odgovoriti vam na sva strate\u0161ka pitanja vezana za va\u0161e preduze\u0107e Savjetujemo vas na va\u0161em jeziku Poresko Savjetovanje Revizija Poslovno Savjetovanje Ra\u010dunovodstvo<\/p>\n","protected":false},"author":1,"featured_media":0,"parent":0,"menu_order":0,"comment_status":"closed","ping_status":"closed","template":"elementor_header_footer","meta":{"_acf_changed":false,"footnotes":""},"class_list":["post-525","page","type-page","status-publish","hentry"],"acf":[],"yoast_head":"<!-- This site is optimized with the Yoast SEO plugin v26.0 - https:\/\/yoast.com\/wordpress\/plugins\/seo\/ -->\n<title>Usluge - www.tpa-group.me<\/title>\n<meta name=\"robots\" content=\"index, follow, max-snippet:-1, max-image-preview:large, max-video-preview:-1\" \/>\n<link rel=\"canonical\" href=\"https:\/\/www.tpa-group.me\/sr\/usluge\/\" \/>\n<meta property=\"og:locale\" content=\"sr_RS\" \/>\n<meta property=\"og:type\" content=\"article\" \/>\n<meta property=\"og:title\" content=\"Usluge - www.tpa-group.me\" \/>\n<meta property=\"og:description\" content=\"Naslovna |&nbsp; Usluge Usluge Svako preduze\u0107e je jedinstveno i svaki izazov zahtjeva posebno rje\u0161enje Usluge koje TPA grupa pru\u017ea su shodno tome raznovrsne Mo\u017eemo vam pru\u017eiti ra\u010dunovodstvene usluge i odgovoriti vam na sva strate\u0161ka pitanja vezana za va\u0161e preduze\u0107e Savjetujemo vas na va\u0161em jeziku Poresko Savjetovanje Revizija Poslovno Savjetovanje Ra\u010dunovodstvo\" \/>\n<meta property=\"og:url\" content=\"https:\/\/www.tpa-group.me\/sr\/usluge\/\" \/>\n<meta property=\"og:site_name\" content=\"www.tpa-group.me\" \/>\n<meta property=\"article:modified_time\" content=\"2025-01-23T14:00:29+00:00\" \/>\n<meta property=\"og:image\" content=\"https:\/\/www.tpa-group.me\/app\/uploads\/sites\/7\/2024\/02\/Offentlicher-Sektor-_-Non-Profit-Organisationen.jpg\" \/>\n<meta name=\"twitter:card\" content=\"summary_large_image\" \/>\n<meta name=\"twitter:label1\" content=\"Est. reading time\" \/>\n\t<meta name=\"twitter:data1\" content=\"2 \u043c\u0438\u043d\u0443\u0442\u0430\" \/>\n<script type=\"application\/ld+json\" class=\"yoast-schema-graph\">{\"@context\":\"https:\/\/schema.org\",\"@graph\":[{\"@type\":\"WebPage\",\"@id\":\"https:\/\/www.tpa-group.me\/sr\/usluge\/\",\"url\":\"https:\/\/www.tpa-group.me\/sr\/usluge\/\",\"name\":\"Usluge - www.tpa-group.me\",\"isPartOf\":{\"@id\":\"https:\/\/www.tpa-group.me\/sr\/#website\"},\"primaryImageOfPage\":{\"@id\":\"https:\/\/www.tpa-group.me\/sr\/usluge\/#primaryimage\"},\"image\":{\"@id\":\"https:\/\/www.tpa-group.me\/sr\/usluge\/#primaryimage\"},\"thumbnailUrl\":\"https:\/\/www.tpa-group.me\/app\/uploads\/sites\/7\/2024\/02\/Offentlicher-Sektor-_-Non-Profit-Organisationen.jpg\",\"datePublished\":\"2024-02-27T09:46:59+00:00\",\"dateModified\":\"2025-01-23T14:00:29+00:00\",\"breadcrumb\":{\"@id\":\"https:\/\/www.tpa-group.me\/sr\/usluge\/#breadcrumb\"},\"inLanguage\":\"sr-RS\",\"potentialAction\":[{\"@type\":\"ReadAction\",\"target\":[\"https:\/\/www.tpa-group.me\/sr\/usluge\/\"]}]},{\"@type\":\"ImageObject\",\"inLanguage\":\"sr-RS\",\"@id\":\"https:\/\/www.tpa-group.me\/sr\/usluge\/#primaryimage\",\"url\":\"https:\/\/www.tpa-group.me\/app\/uploads\/sites\/7\/2024\/02\/Offentlicher-Sektor-_-Non-Profit-Organisationen.jpg\",\"contentUrl\":\"https:\/\/www.tpa-group.me\/app\/uploads\/sites\/7\/2024\/02\/Offentlicher-Sektor-_-Non-Profit-Organisationen.jpg\"},{\"@type\":\"BreadcrumbList\",\"@id\":\"https:\/\/www.tpa-group.me\/sr\/usluge\/#breadcrumb\",\"itemListElement\":[{\"@type\":\"ListItem\",\"position\":1,\"name\":\"Home\",\"item\":\"https:\/\/www.tpa-group.me\/sr\/\"},{\"@type\":\"ListItem\",\"position\":2,\"name\":\"Usluge\"}]},{\"@type\":\"WebSite\",\"@id\":\"https:\/\/www.tpa-group.me\/sr\/#website\",\"url\":\"https:\/\/www.tpa-group.me\/sr\/\",\"name\":\"www.tpa-group.me\",\"description\":\"\",\"publisher\":{\"@id\":\"https:\/\/www.tpa-group.me\/sr\/#organization\"},\"potentialAction\":[{\"@type\":\"SearchAction\",\"target\":{\"@type\":\"EntryPoint\",\"urlTemplate\":\"https:\/\/www.tpa-group.me\/sr\/?s={search_term_string}\"},\"query-input\":{\"@type\":\"PropertyValueSpecification\",\"valueRequired\":true,\"valueName\":\"search_term_string\"}}],\"inLanguage\":\"sr-RS\"},{\"@type\":\"Organization\",\"@id\":\"https:\/\/www.tpa-group.me\/sr\/#organization\",\"name\":\"www.tpa-group.me\",\"url\":\"https:\/\/www.tpa-group.me\/sr\/\",\"logo\":{\"@type\":\"ImageObject\",\"inLanguage\":\"sr-RS\",\"@id\":\"https:\/\/www.tpa-group.me\/sr\/#\/schema\/logo\/image\/\",\"url\":\"https:\/\/www.tpa-group.me\/app\/uploads\/sites\/7\/2024\/02\/tpa-logo.svg\",\"contentUrl\":\"https:\/\/www.tpa-group.me\/app\/uploads\/sites\/7\/2024\/02\/tpa-logo.svg\",\"caption\":\"www.tpa-group.me\"},\"image\":{\"@id\":\"https:\/\/www.tpa-group.me\/sr\/#\/schema\/logo\/image\/\"}}]}<\/script>\n<!-- \/ Yoast SEO plugin. -->","yoast_head_json":{"title":"Usluge - www.tpa-group.me","robots":{"index":"index","follow":"follow","max-snippet":"max-snippet:-1","max-image-preview":"max-image-preview:large","max-video-preview":"max-video-preview:-1"},"canonical":"https:\/\/www.tpa-group.me\/sr\/usluge\/","og_locale":"sr_RS","og_type":"article","og_title":"Usluge - www.tpa-group.me","og_description":"Naslovna |&nbsp; Usluge Usluge Svako preduze\u0107e je jedinstveno i svaki izazov zahtjeva posebno rje\u0161enje Usluge koje TPA grupa pru\u017ea su shodno tome raznovrsne Mo\u017eemo vam pru\u017eiti ra\u010dunovodstvene usluge i odgovoriti vam na sva strate\u0161ka pitanja vezana za va\u0161e preduze\u0107e Savjetujemo vas na va\u0161em jeziku Poresko Savjetovanje Revizija Poslovno Savjetovanje Ra\u010dunovodstvo","og_url":"https:\/\/www.tpa-group.me\/sr\/usluge\/","og_site_name":"www.tpa-group.me","article_modified_time":"2025-01-23T14:00:29+00:00","og_image":[{"url":"https:\/\/www.tpa-group.me\/app\/uploads\/sites\/7\/2024\/02\/Offentlicher-Sektor-_-Non-Profit-Organisationen.jpg","type":"","width":"","height":""}],"twitter_card":"summary_large_image","twitter_misc":{"Est. reading time":"2 \u043c\u0438\u043d\u0443\u0442\u0430"},"schema":{"@context":"https:\/\/schema.org","@graph":[{"@type":"WebPage","@id":"https:\/\/www.tpa-group.me\/sr\/usluge\/","url":"https:\/\/www.tpa-group.me\/sr\/usluge\/","name":"Usluge - www.tpa-group.me","isPartOf":{"@id":"https:\/\/www.tpa-group.me\/sr\/#website"},"primaryImageOfPage":{"@id":"https:\/\/www.tpa-group.me\/sr\/usluge\/#primaryimage"},"image":{"@id":"https:\/\/www.tpa-group.me\/sr\/usluge\/#primaryimage"},"thumbnailUrl":"https:\/\/www.tpa-group.me\/app\/uploads\/sites\/7\/2024\/02\/Offentlicher-Sektor-_-Non-Profit-Organisationen.jpg","datePublished":"2024-02-27T09:46:59+00:00","dateModified":"2025-01-23T14:00:29+00:00","breadcrumb":{"@id":"https:\/\/www.tpa-group.me\/sr\/usluge\/#breadcrumb"},"inLanguage":"sr-RS","potentialAction":[{"@type":"ReadAction","target":["https:\/\/www.tpa-group.me\/sr\/usluge\/"]}]},{"@type":"ImageObject","inLanguage":"sr-RS","@id":"https:\/\/www.tpa-group.me\/sr\/usluge\/#primaryimage","url":"https:\/\/www.tpa-group.me\/app\/uploads\/sites\/7\/2024\/02\/Offentlicher-Sektor-_-Non-Profit-Organisationen.jpg","contentUrl":"https:\/\/www.tpa-group.me\/app\/uploads\/sites\/7\/2024\/02\/Offentlicher-Sektor-_-Non-Profit-Organisationen.jpg"},{"@type":"BreadcrumbList","@id":"https:\/\/www.tpa-group.me\/sr\/usluge\/#breadcrumb","itemListElement":[{"@type":"ListItem","position":1,"name":"Home","item":"https:\/\/www.tpa-group.me\/sr\/"},{"@type":"ListItem","position":2,"name":"Usluge"}]},{"@type":"WebSite","@id":"https:\/\/www.tpa-group.me\/sr\/#website","url":"https:\/\/www.tpa-group.me\/sr\/","name":"www.tpa-group.me","description":"","publisher":{"@id":"https:\/\/www.tpa-group.me\/sr\/#organization"},"potentialAction":[{"@type":"SearchAction","target":{"@type":"EntryPoint","urlTemplate":"https:\/\/www.tpa-group.me\/sr\/?s={search_term_string}"},"query-input":{"@type":"PropertyValueSpecification","valueRequired":true,"valueName":"search_term_string"}}],"inLanguage":"sr-RS"},{"@type":"Organization","@id":"https:\/\/www.tpa-group.me\/sr\/#organization","name":"www.tpa-group.me","url":"https:\/\/www.tpa-group.me\/sr\/","logo":{"@type":"ImageObject","inLanguage":"sr-RS","@id":"https:\/\/www.tpa-group.me\/sr\/#\/schema\/logo\/image\/","url":"https:\/\/www.tpa-group.me\/app\/uploads\/sites\/7\/2024\/02\/tpa-logo.svg","contentUrl":"https:\/\/www.tpa-group.me\/app\/uploads\/sites\/7\/2024\/02\/tpa-logo.svg","caption":"www.tpa-group.me"},"image":{"@id":"https:\/\/www.tpa-group.me\/sr\/#\/schema\/logo\/image\/"}}]}},"_links":{"self":[{"href":"https:\/\/www.tpa-group.me\/sr\/wp-json\/wp\/v2\/pages\/525","targetHints":{"allow":["GET"]}}],"collection":[{"href":"https:\/\/www.tpa-group.me\/sr\/wp-json\/wp\/v2\/pages"}],"about":[{"href":"https:\/\/www.tpa-group.me\/sr\/wp-json\/wp\/v2\/types\/page"}],"author":[{"embeddable":true,"href":"https:\/\/www.tpa-group.me\/sr\/wp-json\/wp\/v2\/users\/1"}],"replies":[{"embeddable":true,"href":"https:\/\/www.tpa-group.me\/sr\/wp-json\/wp\/v2\/comments?post=525"}],"version-history":[{"count":69,"href":"https:\/\/www.tpa-group.me\/sr\/wp-json\/wp\/v2\/pages\/525\/revisions"}],"predecessor-version":[{"id":2584,"href":"https:\/\/www.tpa-group.me\/sr\/wp-json\/wp\/v2\/pages\/525\/revisions\/2584"}],"wp:attachment":[{"href":"https:\/\/www.tpa-group.me\/sr\/wp-json\/wp\/v2\/media?parent=525"}],"curies":[{"name":"wp","href":"https:\/\/api.w.org\/{rel}","templated":true}]}}