{"id":527,"date":"2024-02-27T09:47:53","date_gmt":"2024-02-27T09:47:53","guid":{"rendered":"https:\/\/www.tpa-group.me\/our-team-sr\/"},"modified":"2024-11-18T09:29:42","modified_gmt":"2024-11-18T09:29:42","slug":"our-team-sr","status":"publish","type":"page","link":"https:\/\/www.tpa-group.me\/sr\/our-team-sr\/","title":{"rendered":"Na\u0161 Tim"},"content":{"rendered":"\t\t<div data-elementor-type=\"wp-page\" data-elementor-id=\"527\" class=\"elementor elementor-527 elementor-18\" data-elementor-post-type=\"page\">\n\t\t\t\t\t\t<section class=\"elementor-section elementor-top-section elementor-element elementor-element-772d658 hero-banner elementor-section-boxed elementor-section-height-default elementor-section-height-default\" data-id=\"772d658\" data-element_type=\"section\">\n\t\t\t\t\t\t<div class=\"elementor-container elementor-column-gap-default\">\n\t\t\t\t\t<div class=\"elementor-column elementor-col-50 elementor-top-column elementor-element elementor-element-3b56238b\" data-id=\"3b56238b\" data-element_type=\"column\">\n\t\t\t<div class=\"elementor-widget-wrap elementor-element-populated\">\n\t\t\t\t\t\t<section class=\"elementor-section elementor-inner-section elementor-element elementor-element-47d6d76 hero-banner-breadcrumbs-container elementor-section-boxed elementor-section-height-default elementor-section-height-default\" data-id=\"47d6d76\" data-element_type=\"section\">\n\t\t\t\t\t\t<div class=\"elementor-container elementor-column-gap-default\">\n\t\t\t\t\t<div class=\"elementor-column elementor-col-100 elementor-inner-column elementor-element elementor-element-119bc5b\" data-id=\"119bc5b\" data-element_type=\"column\">\n\t\t\t<div class=\"elementor-widget-wrap elementor-element-populated\">\n\t\t\t\t\t\t<div class=\"elementor-element elementor-element-5dfaffee elementor-widget elementor-widget-heading\" data-id=\"5dfaffee\" data-element_type=\"widget\" data-widget_type=\"heading.default\">\n\t\t\t\t<div class=\"elementor-widget-container\">\n\t\t\t\t\t<p class=\"elementor-heading-title elementor-size-default\"><a href=\"\/\">Naslovna |&nbsp;<\/a><\/p>\t\t\t\t<\/div>\n\t\t\t\t<\/div>\n\t\t\t\t<div class=\"elementor-element elementor-element-4f087372 elementor-widget elementor-widget-heading\" data-id=\"4f087372\" data-element_type=\"widget\" data-widget_type=\"heading.default\">\n\t\t\t\t<div class=\"elementor-widget-container\">\n\t\t\t\t\t<p class=\"elementor-heading-title elementor-size-default\"><a href=\"https:\/\/www.tpa-group.me\/sr\/about-us\/\">O nama&nbsp;<\/a><\/p>\t\t\t\t<\/div>\n\t\t\t\t<\/div>\n\t\t\t\t<div class=\"elementor-element elementor-element-7865123c elementor-widget elementor-widget-heading\" data-id=\"7865123c\" data-element_type=\"widget\" data-widget_type=\"heading.default\">\n\t\t\t\t<div class=\"elementor-widget-container\">\n\t\t\t\t\t<p class=\"elementor-heading-title elementor-size-default\">Tim<\/p>\t\t\t\t<\/div>\n\t\t\t\t<\/div>\n\t\t\t\t\t<\/div>\n\t\t<\/div>\n\t\t\t\t\t<\/div>\n\t\t<\/section>\n\t\t\t\t<div class=\"elementor-element elementor-element-66f8d5be elementor-widget elementor-widget-heading\" data-id=\"66f8d5be\" data-element_type=\"widget\" data-widget_type=\"heading.default\">\n\t\t\t\t<div class=\"elementor-widget-container\">\n\t\t\t\t\t<h2 class=\"elementor-heading-title elementor-size-default\">Va\u0161 tim u Crnoj Gori<\/h2>\t\t\t\t<\/div>\n\t\t\t\t<\/div>\n\t\t\t\t<div class=\"elementor-element elementor-element-3a9bb140 elementor-widget elementor-widget-text-editor\" data-id=\"3a9bb140\" data-element_type=\"widget\" data-widget_type=\"text-editor.default\">\n\t\t\t\t<div class=\"elementor-widget-container\">\n\t\t\t\t\t\t\t\t\t<p>Na\u0161i partneri sa vrhunskim stru\u010dnostima u oblastima poreskog savjetovanja, ra\u010dunovodstva i poslovnog savjetovanja predvode TPA grupu u Crnoj Gori. \u017delimo da vas informi\u0161emo o individualnim sferama struke na\u0161ih \u010dlanova ispod Da li tra\u017eite novog poreskog stru\u010dnjaka u svojoj blizini koji se specijalizovao za odre\u0111enu oblast?<\/p>\n<p> Niste uspjeli prona\u0107i kontakt va\u0161e TPA kontakt osobe? Molimo vas kontaktirajte na\u0161u kancelariju.<\/p>\n\t\t\t\t\t\t\t\t<\/div>\n\t\t\t\t<\/div>\n\t\t\t\t\t<\/div>\n\t\t<\/div>\n\t\t\t\t<div class=\"elementor-column elementor-col-50 elementor-top-column elementor-element elementor-element-c558de7\" data-id=\"c558de7\" data-element_type=\"column\">\n\t\t\t<div class=\"elementor-widget-wrap\">\n\t\t\t\t\t\t\t<\/div>\n\t\t<\/div>\n\t\t\t\t\t<\/div>\n\t\t<\/section>\n\t\t\t\t<section class=\"elementor-section elementor-top-section elementor-element elementor-element-77c9316c elementor-section-boxed elementor-section-height-default elementor-section-height-default\" data-id=\"77c9316c\" data-element_type=\"section\" data-settings=\"{&quot;background_background&quot;:&quot;classic&quot;}\">\n\t\t\t\t\t\t<div class=\"elementor-container elementor-column-gap-default\">\n\t\t\t\t\t<div class=\"elementor-column elementor-col-100 elementor-top-column elementor-element elementor-element-437bb73e\" data-id=\"437bb73e\" data-element_type=\"column\">\n\t\t\t<div class=\"elementor-widget-wrap elementor-element-populated\">\n\t\t\t\t\t\t<div class=\"elementor-element elementor-element-723624ad elementor-widget elementor-widget-persons-card-grid\" data-id=\"723624ad\" data-element_type=\"widget\" data-widget_type=\"persons-card-grid.default\">\n\t\t\t\t<div class=\"elementor-widget-container\">\n\t\t\t\t\t\t \t<div \n\t \t\tclass=\"persons-card-grid-container\" \n\t \t\tdata-show-post-info=\"yes\"\n\t \t\tdata-show-post-title=\"yes\"\n\t \t\tdata-show-post-description=\"yes\"\n\t \t\tdata-posts-number=\"-1\"\n \t\t>   \n\n \t\t\n\t\t\t\t<div class=\"persons-card-grid-search-container\">\n\n\n\t\t\t<div class=\"persons-card-search-input-container\">\n\t\t\t\t\n\t\t\t\t<div class=\"input-wrapper third-width search-branch-wrapper\">\n\t\t\t\t\t<select name=\"search-branch\" class=\"search-branch\">\n\t\t\t            <option value=\"\">All Industries<\/option>\n\t\t\t\t\t\t\t\t\t\t\t<\/select>\n\t\t\t\t<\/div>\n\t\t\t\t\n\t\t\t\t\t\t\t\t<div class=\"input-wrapper third-width search-service-wrapper\">\n\t\t\t\t\t<select name=\"search-service\" class=\"search-service\">\n\t\t\t            <option value=\"\">All Services<\/option>\n\t\t\t\t\t\t\t\t\t\t\t<option value=\"55\"> Business Consulting SR<\/option>\n\t\t\t\t\t\t\t\t\t\t\t<option value=\"56\"> Payroll Accounting SR<\/option>\n\t\t\t\t\t\t\t\t\t\t\t<option value=\"93\"> Poresko savjetovanje<\/option>\n\t\t\t\t\t\t\t\t\t\t\t<option value=\"92\"> Poslovno savjetovanje<\/option>\n\t\t\t\t\t\t\t\t\t\t\t<option value=\"99\"> -  Finansijska restrukturacija<\/option>\n\t\t\t\t\t\t\t\t\t\t\t<option value=\"101\"> -  Finansijski Due Diligence<\/option>\n\t\t\t\t\t\t\t\t\t\t\t<option value=\"104\"> -  Konsalting za finansijskog direktora (CFO) i privremeno upravljanje.<\/option>\n\t\t\t\t\t\t\t\t\t\t\t<option value=\"103\"> -  Kontrolisanje<\/option>\n\t\t\t\t\t\t\t\t\t\t\t<option value=\"102\"> -  Korporativne finansije<\/option>\n\t\t\t\t\t\t\t\t\t\t\t<option value=\"94\"> -  Organizacija i IT<\/option>\n\t\t\t\t\t\t\t\t\t\t\t<option value=\"105\"> -  Procjena<\/option>\n\t\t\t\t\t\t\t\t\t\t\t<option value=\"96\"> -  Savjetovanje u vezi sa subvencijama<\/option>\n\t\t\t\t\t\t\t\t\t\t\t<option value=\"97\"> -  Spajanje \/ Akvizicija<\/option>\n\t\t\t\t\t\t\t\t\t\t\t<option value=\"95\"> -  Upravljanje rizicima<\/option>\n\t\t\t\t\t\t\t\t\t\t\t<option value=\"41\"> Ra\u010dunovodstvo<\/option>\n\t\t\t\t\t\t\t\t\t\t\t<option value=\"91\"> -  Finansijsko ra\u010dunovodstvo<\/option>\n\t\t\t\t\t\t\t\t\t\t\t<option value=\"90\"> -  Finansijsko Ra\u010dunovodstvo<\/option>\n\t\t\t\t\t\t\t\t\t\t\t<option value=\"54\"> Revizija<\/option>\n\t\t\t\t\t\t\t\t\t\t\t<option value=\"98\"> -  Godi\u0161nja revizija<\/option>\n\t\t\t\t\t\t\t\t\t\t\t<option value=\"100\"> -  Grupni paketi izvje\u0161tavanja<\/option>\n\t\t\t\t\t\t\t\t\t\t<\/select>\n\t\t\t\t<\/div>\n\n\t\t\t\t\t\t\t\t<div class=\"input-wrapper third-width search-location-wrapper\">\n\t\t\t\t\t<select name=\"search-location\" class=\"search-location\">\n\t\t\t            <option value=\"\">All Locations<\/option>\n\t\t\t\t\t\t\t\t\t\t\t\t\t\t<option value=\"494\"> Podgorica<\/option>\n\t\t\t\t\t\t\t\t\t\t\t\t<\/select>\n\t\t\t\t<\/div>\n\t\t\t\t\t\t\t<\/div>\n\t\t\t<div class=\"persons-card-search-button-container\">\n\t\t\t\t<div class=\"btn__wrapper clear-filters\">\n\t\t\t\t  \t<a \n\t\t\t\t  \thref=\"#\" \n\t\t\t\t  \tclass=\"btn btn__primary elementor-button clear-filters-button\"\n\t\t\t\t  \t>\n\t\t\t  \t\tReset Filter\t \t\t\n\t\t\t\t  \t<\/a>\n\t\t\t\t<\/div>\n\t\t\t<\/div>\n\t\t<\/div>\n\t\t\n\n\t\t<div class=\"persons-card-grid-spinner-container\">\n\t\t\t<div class=\"persons-card-grid-spinner\">\n\t\t\t\t<span><\/span>\n\t\t\t<\/div>\n\t\t<\/div> \n\n\t\t\n\t  \t<div class=\"persons-grid\">\n\t\t\n\t\t  \t<!--<div class=\"persons-grid-sizer\"><\/div>-->\n\t\t    \t\n\t\t        \t<div class=\"persons-grid-item\">\n\t\t        \t\t<a class=\"person-link\" href=\"https:\/\/www.tpa-group.me\/sr\/persons\/thomas-haneder-sr\/\">\n\t\t\t        \t\t\t\t\t        \t\t<div class=\"img-container\">\n\t\t\t        \t\t\t<img decoding=\"async\" src=\"https:\/\/www.tpa-group.me\/app\/uploads\/sites\/7\/2024\/02\/Haneder_Thomas_TPA-Steuerberatung.png\" alt=\"Thomas  Haneder\">\n\t\t\t        \t\t\t<span><\/span>\n\t\t\t        \t\t<\/div>\n\n\t        \t\t\t\t\t\t        \t\t\t\t<div class=\"post-content-wrapper\">\n\t\t\t\t\t        \t\t<div class=\"content-container\">\n\t\t                    \t\t\t\t\t                    \t\t\t\t<div class=\"locations\">\n\t                \t\t\t\t\t\t\t\t\t\n\t\t\t\t\t\t\t\t\t\t\t\t\t<p>\n\t\t\t\t\t\t\t\t\t\t\t\t\t\tPodgorica\t\t\t\t\t\t\t\t\t\t\t\t\t\t\n\t\t\t\t\t\t\t\t\t\t\t\t\t<\/p>\n\t\t\t\t\t\t\t\t\t\t\t\t\t\t\t\t\t\t\t\t\t\t<\/div>\n\t\t\t\t\t\t\t\t\t\t\t\n\t\t\t\t\t        \t\t\t\t\t\t\t\t        \t\t\t\t<h5 class=\"post-title\">Thomas Haneder<\/h5>\n\t\t                    \t\t\t\t\t\t\t\t        \t\t\t\t\t\t\t\t        \t\t\t\t\t\t\t\t        \t\t\t\t\t<div class=\"job-positions\">\n\t\t\t\t        \t\t\t\t\t\t\t\t\t\t        \t\t\t\t\t\t\t<p class=\"job-position has-dot\">Poreski Savjetnik <\/p>\n\t\t\t        \t\t\t\t\t\t\t\t\t\t\t        \t\t\t\t\t\t\t<p class=\"job-position \"> Partner<\/p>\n\t\t\t        \t\t\t\t\t\t\t\t\t\t        \t\t\t\t\t\t<\/div>\n\t\t\t\t        \t\t\t\t\t\t\t\t\t        \t\t\t\t\t<div class=\"btn-arrow\" style=\"background-image: url('https:\/\/www.tpa-group.me\/app\/plugins\/ovos-elementor-widgets\/widgets\/persons-card-grid-widget\/img\/button-arrow-right-long.svg')\"><\/div>\n\t\t\t\t\t        \t\t\t\t\t\t\t\t        \t\t<\/div>\n\t\t\t\t        \t\t<\/div>\n\t        \t\t\t\t\t\t        \t\t<\/a>\n\t\t        \t<\/div>\n\t\t        \t\n\t\t        \t<div class=\"persons-grid-item\">\n\t\t        \t\t<a class=\"person-link\" href=\"https:\/\/www.tpa-group.me\/sr\/persons\/uros-ivovic-sr\/\">\n\t\t\t        \t\t\t\t\t        \t\t<div class=\"img-container\">\n\t\t\t        \t\t\t<img decoding=\"async\" src=\"https:\/\/www.tpa-group.me\/app\/uploads\/sites\/7\/2024\/02\/Uros-Ivovic-Image-final-277x315.png\" alt=\"Uro\u0161 Ivovi\u0107\">\n\t\t\t        \t\t\t<span><\/span>\n\t\t\t        \t\t<\/div>\n\n\t        \t\t\t\t\t\t        \t\t\t\t<div class=\"post-content-wrapper\">\n\t\t\t\t\t        \t\t<div class=\"content-container\">\n\t\t                    \t\t\t\t\t                    \t\t\t\t<div class=\"locations\">\n\t                \t\t\t\t\t\t\t\t\t\n\t\t\t\t\t\t\t\t\t\t\t\t\t<p>\n\t\t\t\t\t\t\t\t\t\t\t\t\t\tPodgorica\t\t\t\t\t\t\t\t\t\t\t\t\t\t\n\t\t\t\t\t\t\t\t\t\t\t\t\t<\/p>\n\t\t\t\t\t\t\t\t\t\t\t\t\t\t\t\t\t\t\t\t\t\t<\/div>\n\t\t\t\t\t\t\t\t\t\t\t\n\t\t\t\t\t        \t\t\t\t\t\t\t\t        \t\t\t\t<h5 class=\"post-title\">Uro\u0161 Ivovi\u0107<\/h5>\n\t\t                    \t\t\t\t\t\t\t\t        \t\t\t\t\t\t\t\t        \t\t\t\t\t\t\t\t        \t\t\t\t\t<div class=\"job-positions\">\n\t\t\t\t        \t\t\t\t\t\t\t\t\t\t        \t\t\t\t\t\t\t<p class=\"job-position \">Ovla\u0161\u0107eni revizor \u2022 Partner  <\/p>\n\t\t\t        \t\t\t\t\t\t\t\t\t\t        \t\t\t\t\t\t<\/div>\n\t\t\t\t        \t\t\t\t\t\t\t\t\t        \t\t\t\t\t<div class=\"btn-arrow\" style=\"background-image: url('https:\/\/www.tpa-group.me\/app\/plugins\/ovos-elementor-widgets\/widgets\/persons-card-grid-widget\/img\/button-arrow-right-long.svg')\"><\/div>\n\t\t\t\t\t        \t\t\t\t\t\t\t\t        \t\t<\/div>\n\t\t\t\t        \t\t<\/div>\n\t        \t\t\t\t\t\t        \t\t<\/a>\n\t\t        \t<\/div>\n\t\t        \t\n\t\t        \t<div class=\"persons-grid-item\">\n\t\t        \t\t<a class=\"person-link\" href=\"https:\/\/www.tpa-group.me\/sr\/persons\/bojan-zepinic-sr\/\">\n\t\t\t        \t\t\t\t\t        \t\t<div class=\"img-container\">\n\t\t\t        \t\t\t<img decoding=\"async\" src=\"https:\/\/www.tpa-group.me\/app\/uploads\/sites\/7\/2024\/02\/bojan-3.png\" alt=\"Bojan \u017depini\u0107\">\n\t\t\t        \t\t\t<span><\/span>\n\t\t\t        \t\t<\/div>\n\n\t        \t\t\t\t\t\t        \t\t\t\t<div class=\"post-content-wrapper\">\n\t\t\t\t\t        \t\t<div class=\"content-container\">\n\t\t                    \t\t\t\t\t                    \t\t\t\t<div class=\"locations\">\n\t                \t\t\t\t\t\t\t\t\t\n\t\t\t\t\t\t\t\t\t\t\t\t\t<p>\n\t\t\t\t\t\t\t\t\t\t\t\t\t\tPodgorica\t\t\t\t\t\t\t\t\t\t\t\t\t\t\n\t\t\t\t\t\t\t\t\t\t\t\t\t<\/p>\n\t\t\t\t\t\t\t\t\t\t\t\t\t\t\t\t\t\t\t\t\t\t<\/div>\n\t\t\t\t\t\t\t\t\t\t\t\n\t\t\t\t\t        \t\t\t\t\t\t\t\t        \t\t\t\t<h5 class=\"post-title\">Bojan \u017depini\u0107<\/h5>\n\t\t                    \t\t\t\t\t\t\t\t        \t\t\t\t\t\t\t\t        \t\t\t\t\t\t\t\t        \t\t\t\t\t<div class=\"job-positions\">\n\t\t\t\t        \t\t\t\t\t\t\t\t\t\t        \t\t\t\t\t\t\t<p class=\"job-position \">Partner u TPA Srbija<\/p>\n\t\t\t        \t\t\t\t\t\t\t\t\t\t        \t\t\t\t\t\t<\/div>\n\t\t\t\t        \t\t\t\t\t\t\t\t\t        \t\t\t\t\t<div class=\"btn-arrow\" style=\"background-image: url('https:\/\/www.tpa-group.me\/app\/plugins\/ovos-elementor-widgets\/widgets\/persons-card-grid-widget\/img\/button-arrow-right-long.svg')\"><\/div>\n\t\t\t\t\t        \t\t\t\t\t\t\t\t        \t\t<\/div>\n\t\t\t\t        \t\t<\/div>\n\t        \t\t\t\t\t\t        \t\t<\/a>\n\t\t        \t<\/div>\n\t\t        \t  \t<\/div>\n\t\t\t\t\t\t\t \t<\/div>\n\t\t\t\t\t\t<\/div>\n\t\t\t\t<\/div>\n\t\t\t\t\t<\/div>\n\t\t<\/div>\n\t\t\t\t\t<\/div>\n\t\t<\/section>\n\t\t\t\t<\/div>\n\t\t","protected":false},"excerpt":{"rendered":"<p>Naslovna |&nbsp; O nama&nbsp; Tim Va\u0161 tim u Crnoj Gori Na\u0161i partneri sa vrhunskim stru\u010dnostima u oblastima poreskog savjetovanja, ra\u010dunovodstva i poslovnog savjetovanja predvode TPA grupu u Crnoj Gori. \u017delimo da vas informi\u0161emo o individualnim sferama struke na\u0161ih \u010dlanova ispod Da li tra\u017eite novog poreskog stru\u010dnjaka u svojoj blizini koji se specijalizovao za odre\u0111enu oblast? [&hellip;]<\/p>\n","protected":false},"author":1,"featured_media":0,"parent":0,"menu_order":0,"comment_status":"closed","ping_status":"closed","template":"elementor_header_footer","meta":{"_acf_changed":false,"footnotes":""},"class_list":["post-527","page","type-page","status-publish","hentry"],"acf":[],"yoast_head":"<!-- This site is optimized with the Yoast SEO plugin v26.0 - https:\/\/yoast.com\/wordpress\/plugins\/seo\/ -->\n<title>Na\u0161 Tim - www.tpa-group.me<\/title>\n<meta name=\"robots\" content=\"index, follow, max-snippet:-1, max-image-preview:large, max-video-preview:-1\" \/>\n<link rel=\"canonical\" href=\"https:\/\/www.tpa-group.me\/sr\/our-team-sr\/\" \/>\n<meta property=\"og:locale\" content=\"sr_RS\" \/>\n<meta property=\"og:type\" content=\"article\" \/>\n<meta property=\"og:title\" content=\"Na\u0161 Tim - www.tpa-group.me\" \/>\n<meta property=\"og:description\" content=\"Naslovna |&nbsp; O nama&nbsp; Tim Va\u0161 tim u Crnoj Gori Na\u0161i partneri sa vrhunskim stru\u010dnostima u oblastima poreskog savjetovanja, ra\u010dunovodstva i poslovnog savjetovanja predvode TPA grupu u Crnoj Gori. \u017delimo da vas informi\u0161emo o individualnim sferama struke na\u0161ih \u010dlanova ispod Da li tra\u017eite novog poreskog stru\u010dnjaka u svojoj blizini koji se specijalizovao za odre\u0111enu oblast? [&hellip;]\" \/>\n<meta property=\"og:url\" content=\"https:\/\/www.tpa-group.me\/sr\/our-team-sr\/\" \/>\n<meta property=\"og:site_name\" content=\"www.tpa-group.me\" \/>\n<meta property=\"article:modified_time\" content=\"2024-11-18T09:29:42+00:00\" \/>\n<meta property=\"og:image\" content=\"https:\/\/www.tpa-group.me\/app\/uploads\/sites\/7\/2024\/02\/Haneder_Thomas_TPA-Steuerberatung.png\" \/>\n<meta name=\"twitter:card\" content=\"summary_large_image\" \/>\n<meta name=\"twitter:label1\" content=\"Est. reading time\" \/>\n\t<meta name=\"twitter:data1\" content=\"2 \u043c\u0438\u043d\u0443\u0442\u0430\" \/>\n<script type=\"application\/ld+json\" class=\"yoast-schema-graph\">{\"@context\":\"https:\/\/schema.org\",\"@graph\":[{\"@type\":\"WebPage\",\"@id\":\"https:\/\/www.tpa-group.me\/sr\/our-team-sr\/\",\"url\":\"https:\/\/www.tpa-group.me\/sr\/our-team-sr\/\",\"name\":\"Na\u0161 Tim - www.tpa-group.me\",\"isPartOf\":{\"@id\":\"https:\/\/www.tpa-group.me\/sr\/#website\"},\"primaryImageOfPage\":{\"@id\":\"https:\/\/www.tpa-group.me\/sr\/our-team-sr\/#primaryimage\"},\"image\":{\"@id\":\"https:\/\/www.tpa-group.me\/sr\/our-team-sr\/#primaryimage\"},\"thumbnailUrl\":\"https:\/\/www.tpa-group.me\/app\/uploads\/sites\/7\/2024\/02\/Haneder_Thomas_TPA-Steuerberatung.png\",\"datePublished\":\"2024-02-27T09:47:53+00:00\",\"dateModified\":\"2024-11-18T09:29:42+00:00\",\"breadcrumb\":{\"@id\":\"https:\/\/www.tpa-group.me\/sr\/our-team-sr\/#breadcrumb\"},\"inLanguage\":\"sr-RS\",\"potentialAction\":[{\"@type\":\"ReadAction\",\"target\":[\"https:\/\/www.tpa-group.me\/sr\/our-team-sr\/\"]}]},{\"@type\":\"ImageObject\",\"inLanguage\":\"sr-RS\",\"@id\":\"https:\/\/www.tpa-group.me\/sr\/our-team-sr\/#primaryimage\",\"url\":\"https:\/\/www.tpa-group.me\/app\/uploads\/sites\/7\/2024\/02\/Haneder_Thomas_TPA-Steuerberatung.png\",\"contentUrl\":\"https:\/\/www.tpa-group.me\/app\/uploads\/sites\/7\/2024\/02\/Haneder_Thomas_TPA-Steuerberatung.png\"},{\"@type\":\"BreadcrumbList\",\"@id\":\"https:\/\/www.tpa-group.me\/sr\/our-team-sr\/#breadcrumb\",\"itemListElement\":[{\"@type\":\"ListItem\",\"position\":1,\"name\":\"Home\",\"item\":\"https:\/\/www.tpa-group.me\/sr\/\"},{\"@type\":\"ListItem\",\"position\":2,\"name\":\"Na\u0161 Tim\"}]},{\"@type\":\"WebSite\",\"@id\":\"https:\/\/www.tpa-group.me\/sr\/#website\",\"url\":\"https:\/\/www.tpa-group.me\/sr\/\",\"name\":\"www.tpa-group.me\",\"description\":\"\",\"publisher\":{\"@id\":\"https:\/\/www.tpa-group.me\/sr\/#organization\"},\"potentialAction\":[{\"@type\":\"SearchAction\",\"target\":{\"@type\":\"EntryPoint\",\"urlTemplate\":\"https:\/\/www.tpa-group.me\/sr\/?s={search_term_string}\"},\"query-input\":{\"@type\":\"PropertyValueSpecification\",\"valueRequired\":true,\"valueName\":\"search_term_string\"}}],\"inLanguage\":\"sr-RS\"},{\"@type\":\"Organization\",\"@id\":\"https:\/\/www.tpa-group.me\/sr\/#organization\",\"name\":\"www.tpa-group.me\",\"url\":\"https:\/\/www.tpa-group.me\/sr\/\",\"logo\":{\"@type\":\"ImageObject\",\"inLanguage\":\"sr-RS\",\"@id\":\"https:\/\/www.tpa-group.me\/sr\/#\/schema\/logo\/image\/\",\"url\":\"https:\/\/www.tpa-group.me\/app\/uploads\/sites\/7\/2024\/02\/tpa-logo.svg\",\"contentUrl\":\"https:\/\/www.tpa-group.me\/app\/uploads\/sites\/7\/2024\/02\/tpa-logo.svg\",\"caption\":\"www.tpa-group.me\"},\"image\":{\"@id\":\"https:\/\/www.tpa-group.me\/sr\/#\/schema\/logo\/image\/\"}}]}<\/script>\n<!-- \/ Yoast SEO plugin. -->","yoast_head_json":{"title":"Na\u0161 Tim - www.tpa-group.me","robots":{"index":"index","follow":"follow","max-snippet":"max-snippet:-1","max-image-preview":"max-image-preview:large","max-video-preview":"max-video-preview:-1"},"canonical":"https:\/\/www.tpa-group.me\/sr\/our-team-sr\/","og_locale":"sr_RS","og_type":"article","og_title":"Na\u0161 Tim - www.tpa-group.me","og_description":"Naslovna |&nbsp; O nama&nbsp; Tim Va\u0161 tim u Crnoj Gori Na\u0161i partneri sa vrhunskim stru\u010dnostima u oblastima poreskog savjetovanja, ra\u010dunovodstva i poslovnog savjetovanja predvode TPA grupu u Crnoj Gori. \u017delimo da vas informi\u0161emo o individualnim sferama struke na\u0161ih \u010dlanova ispod Da li tra\u017eite novog poreskog stru\u010dnjaka u svojoj blizini koji se specijalizovao za odre\u0111enu oblast? [&hellip;]","og_url":"https:\/\/www.tpa-group.me\/sr\/our-team-sr\/","og_site_name":"www.tpa-group.me","article_modified_time":"2024-11-18T09:29:42+00:00","og_image":[{"url":"https:\/\/www.tpa-group.me\/app\/uploads\/sites\/7\/2024\/02\/Haneder_Thomas_TPA-Steuerberatung.png","type":"","width":"","height":""}],"twitter_card":"summary_large_image","twitter_misc":{"Est. reading time":"2 \u043c\u0438\u043d\u0443\u0442\u0430"},"schema":{"@context":"https:\/\/schema.org","@graph":[{"@type":"WebPage","@id":"https:\/\/www.tpa-group.me\/sr\/our-team-sr\/","url":"https:\/\/www.tpa-group.me\/sr\/our-team-sr\/","name":"Na\u0161 Tim - www.tpa-group.me","isPartOf":{"@id":"https:\/\/www.tpa-group.me\/sr\/#website"},"primaryImageOfPage":{"@id":"https:\/\/www.tpa-group.me\/sr\/our-team-sr\/#primaryimage"},"image":{"@id":"https:\/\/www.tpa-group.me\/sr\/our-team-sr\/#primaryimage"},"thumbnailUrl":"https:\/\/www.tpa-group.me\/app\/uploads\/sites\/7\/2024\/02\/Haneder_Thomas_TPA-Steuerberatung.png","datePublished":"2024-02-27T09:47:53+00:00","dateModified":"2024-11-18T09:29:42+00:00","breadcrumb":{"@id":"https:\/\/www.tpa-group.me\/sr\/our-team-sr\/#breadcrumb"},"inLanguage":"sr-RS","potentialAction":[{"@type":"ReadAction","target":["https:\/\/www.tpa-group.me\/sr\/our-team-sr\/"]}]},{"@type":"ImageObject","inLanguage":"sr-RS","@id":"https:\/\/www.tpa-group.me\/sr\/our-team-sr\/#primaryimage","url":"https:\/\/www.tpa-group.me\/app\/uploads\/sites\/7\/2024\/02\/Haneder_Thomas_TPA-Steuerberatung.png","contentUrl":"https:\/\/www.tpa-group.me\/app\/uploads\/sites\/7\/2024\/02\/Haneder_Thomas_TPA-Steuerberatung.png"},{"@type":"BreadcrumbList","@id":"https:\/\/www.tpa-group.me\/sr\/our-team-sr\/#breadcrumb","itemListElement":[{"@type":"ListItem","position":1,"name":"Home","item":"https:\/\/www.tpa-group.me\/sr\/"},{"@type":"ListItem","position":2,"name":"Na\u0161 Tim"}]},{"@type":"WebSite","@id":"https:\/\/www.tpa-group.me\/sr\/#website","url":"https:\/\/www.tpa-group.me\/sr\/","name":"www.tpa-group.me","description":"","publisher":{"@id":"https:\/\/www.tpa-group.me\/sr\/#organization"},"potentialAction":[{"@type":"SearchAction","target":{"@type":"EntryPoint","urlTemplate":"https:\/\/www.tpa-group.me\/sr\/?s={search_term_string}"},"query-input":{"@type":"PropertyValueSpecification","valueRequired":true,"valueName":"search_term_string"}}],"inLanguage":"sr-RS"},{"@type":"Organization","@id":"https:\/\/www.tpa-group.me\/sr\/#organization","name":"www.tpa-group.me","url":"https:\/\/www.tpa-group.me\/sr\/","logo":{"@type":"ImageObject","inLanguage":"sr-RS","@id":"https:\/\/www.tpa-group.me\/sr\/#\/schema\/logo\/image\/","url":"https:\/\/www.tpa-group.me\/app\/uploads\/sites\/7\/2024\/02\/tpa-logo.svg","contentUrl":"https:\/\/www.tpa-group.me\/app\/uploads\/sites\/7\/2024\/02\/tpa-logo.svg","caption":"www.tpa-group.me"},"image":{"@id":"https:\/\/www.tpa-group.me\/sr\/#\/schema\/logo\/image\/"}}]}},"_links":{"self":[{"href":"https:\/\/www.tpa-group.me\/sr\/wp-json\/wp\/v2\/pages\/527","targetHints":{"allow":["GET"]}}],"collection":[{"href":"https:\/\/www.tpa-group.me\/sr\/wp-json\/wp\/v2\/pages"}],"about":[{"href":"https:\/\/www.tpa-group.me\/sr\/wp-json\/wp\/v2\/types\/page"}],"author":[{"embeddable":true,"href":"https:\/\/www.tpa-group.me\/sr\/wp-json\/wp\/v2\/users\/1"}],"replies":[{"embeddable":true,"href":"https:\/\/www.tpa-group.me\/sr\/wp-json\/wp\/v2\/comments?post=527"}],"version-history":[{"count":5,"href":"https:\/\/www.tpa-group.me\/sr\/wp-json\/wp\/v2\/pages\/527\/revisions"}],"predecessor-version":[{"id":1922,"href":"https:\/\/www.tpa-group.me\/sr\/wp-json\/wp\/v2\/pages\/527\/revisions\/1922"}],"wp:attachment":[{"href":"https:\/\/www.tpa-group.me\/sr\/wp-json\/wp\/v2\/media?parent=527"}],"curies":[{"name":"wp","href":"https:\/\/api.w.org\/{rel}","templated":true}]}}