{"id":529,"date":"2024-02-27T09:47:31","date_gmt":"2024-02-27T09:47:31","guid":{"rendered":"https:\/\/www.tpa-group.me\/locations-sr\/"},"modified":"2024-11-18T09:31:32","modified_gmt":"2024-11-18T09:31:32","slug":"locations-sr","status":"publish","type":"page","link":"https:\/\/www.tpa-group.me\/sr\/locations-sr\/","title":{"rendered":"Lokacije"},"content":{"rendered":"\t\t<div data-elementor-type=\"wp-page\" data-elementor-id=\"529\" class=\"elementor elementor-529 elementor-16\" data-elementor-post-type=\"page\">\n\t\t\t\t\t\t<section class=\"elementor-section elementor-top-section elementor-element elementor-element-4f31415f hero-banner elementor-section-boxed elementor-section-height-default elementor-section-height-default\" data-id=\"4f31415f\" data-element_type=\"section\">\n\t\t\t\t\t\t<div class=\"elementor-container elementor-column-gap-default\">\n\t\t\t\t\t<div class=\"elementor-column elementor-col-50 elementor-top-column elementor-element elementor-element-4586046b\" data-id=\"4586046b\" data-element_type=\"column\">\n\t\t\t<div class=\"elementor-widget-wrap elementor-element-populated\">\n\t\t\t\t\t\t<section class=\"elementor-section elementor-inner-section elementor-element elementor-element-27e6d404 hero-banner-breadcrumbs-container elementor-section-boxed elementor-section-height-default elementor-section-height-default\" data-id=\"27e6d404\" data-element_type=\"section\">\n\t\t\t\t\t\t<div class=\"elementor-container elementor-column-gap-default\">\n\t\t\t\t\t<div class=\"elementor-column elementor-col-100 elementor-inner-column elementor-element elementor-element-76b5189\" data-id=\"76b5189\" data-element_type=\"column\">\n\t\t\t<div class=\"elementor-widget-wrap elementor-element-populated\">\n\t\t\t\t\t\t<div class=\"elementor-element elementor-element-5663be1d elementor-widget elementor-widget-heading\" data-id=\"5663be1d\" data-element_type=\"widget\" data-widget_type=\"heading.default\">\n\t\t\t\t<div class=\"elementor-widget-container\">\n\t\t\t\t\t<p class=\"elementor-heading-title elementor-size-default\"><a href=\"\/\">Naslovna |&nbsp;<\/a><\/p>\t\t\t\t<\/div>\n\t\t\t\t<\/div>\n\t\t\t\t<div class=\"elementor-element elementor-element-2c896bf5 elementor-widget elementor-widget-heading\" data-id=\"2c896bf5\" data-element_type=\"widget\" data-widget_type=\"heading.default\">\n\t\t\t\t<div class=\"elementor-widget-container\">\n\t\t\t\t\t<p class=\"elementor-heading-title elementor-size-default\">Lokacije<\/p>\t\t\t\t<\/div>\n\t\t\t\t<\/div>\n\t\t\t\t\t<\/div>\n\t\t<\/div>\n\t\t\t\t\t<\/div>\n\t\t<\/section>\n\t\t\t\t<div class=\"elementor-element elementor-element-7e2dcf77 elementor-widget elementor-widget-heading\" data-id=\"7e2dcf77\" data-element_type=\"widget\" data-widget_type=\"heading.default\">\n\t\t\t\t<div class=\"elementor-widget-container\">\n\t\t\t\t\t<h1 class=\"elementor-heading-title elementor-size-default\">Na\u0161e lokacije<\/h1>\t\t\t\t<\/div>\n\t\t\t\t<\/div>\n\t\t\t\t<div class=\"elementor-element elementor-element-29c1ab41 elementor-widget elementor-widget-text-editor\" data-id=\"29c1ab41\" data-element_type=\"widget\" data-widget_type=\"text-editor.default\">\n\t\t\t\t<div class=\"elementor-widget-container\">\n\t\t\t\t\t\t\t\t\t<p>U TPA, na\u0161 pristup savjetovanju je \u201co\u010di u o\u010di\u201d Zbog toga nam je vizuelni kontakt sa vama posebno va\u017ean. \u017delimo vam ovo ponuditi kada god je mogu\u0107e Jer je licem u lice, ve\u0107ina poslovnih diskusija lak\u0161a i efikasnija. Dakle, mi smo tamo gdje ste vi i va\u0161a kompanija.<\/p>\n\t\t\t\t\t\t\t\t<\/div>\n\t\t\t\t<\/div>\n\t\t\t\t\t<\/div>\n\t\t<\/div>\n\t\t\t\t<div class=\"elementor-column elementor-col-50 elementor-top-column elementor-element elementor-element-384ad220\" data-id=\"384ad220\" data-element_type=\"column\">\n\t\t\t<div class=\"elementor-widget-wrap\">\n\t\t\t\t\t\t\t<\/div>\n\t\t<\/div>\n\t\t\t\t\t<\/div>\n\t\t<\/section>\n\t\t\t\t<section class=\"elementor-section elementor-top-section elementor-element elementor-element-6cee7bd7 elementor-section-boxed elementor-section-height-default elementor-section-height-default\" data-id=\"6cee7bd7\" data-element_type=\"section\" data-settings=\"{&quot;background_background&quot;:&quot;classic&quot;}\">\n\t\t\t\t\t\t<div class=\"elementor-container elementor-column-gap-default\">\n\t\t\t\t\t<div class=\"elementor-column elementor-col-100 elementor-top-column elementor-element elementor-element-7e30e390\" data-id=\"7e30e390\" data-element_type=\"column\">\n\t\t\t<div class=\"elementor-widget-wrap elementor-element-populated\">\n\t\t\t\t\t\t<div class=\"elementor-element elementor-element-194bddf2 elementor-widget elementor-widget-locations-card-grid\" data-id=\"194bddf2\" data-element_type=\"widget\" data-widget_type=\"locations-card-grid.default\">\n\t\t\t\t<div class=\"elementor-widget-container\">\n\t\t\t\t\t\t \t<div \n\t \t\tclass=\"locations-card-grid-container\" \n \t\t>   \n\n\t\t\t\t  <div class=\"locations-grid\" style=\"opacity: 0;\">\n\n\t\t  \t<div class=\"locations-grid-sizer\"><\/div>\n\t\t    \t\n\t\t        \t<div class=\"locations-grid-item\">\n\t        \t\t\t<a class=\"location-link\" href=\"https:\/\/www.tpa-group.me\/sr\/locations\/podgorica-sr\/\">\n\t\t        \t\t\t        \t\t\t\t\t\t<p class=\"main-category\">Podgorica<\/p>\n\t        \t\t\t\t\t\t\t        \t\t\t\t\t        \t\t<div class=\"img-container\">\n\t\t\t        \t\t\t<img decoding=\"async\" class=\"post-image\" src=\"https:\/\/www.tpa-group.me\/app\/uploads\/sites\/7\/2024\/02\/TPA-Steuerberatung-wien-1024x683.jpeg\" alt=\"Podgorica\">\n\t\t\t        \t\t<\/div>\n\t\t        \t\t<\/a>\n\t        \t\t\t\t\t\t        \t\t\t\t<div class=\"post-content-wrapper\">\n\t\t\t\t\t        \t\t<div class=\"content-container\">\n\t\t\t\t\t        \t\t\t\n\t\t\t        \t\t\t\t\t\t<a href=\"https:\/\/www.tpa-group.me\/sr\/locations\/podgorica-sr\/\">\n\t\t\t\t\t        \t\t\t\t\t<h5 class=\"post-title\">Podgorica<\/h5>\n\t\t\t\t\t        \t\t\t\t<\/a>\n\t\t                    \t\t\t\t\t                    \t\t\t<div class=\"location-email-container\">\n                    \t\t\t\t\t\t<a href=\"mailto:office@tpa-group.me\">\n\t\t\t                    \t\t\t\t<i aria-hidden=\"true\" class=\"fa6s fa6s-solid-envelope\"><\/i>\n\t\t\t                    \t\t\t\t<p>office@tpa-group.me<\/p>\n\t\t                    \t\t\t\t<\/a>\n\t\t                    \t\t\t<\/div>\n\t\t\t\t\t\t\t\t\t\t\n\t\t                    \t\t\t<div class=\"location-telephone-container\">\n\t\t                    \t\t\t\t<a href=\"tel:+382 20 656 208\">\n\t\t\t                    \t\t\t\t<i aria-hidden=\"true\" class=\"fa6s fa6s-solid-phone\"><\/i>\n\t\t\t\t\t\t\t\t\t\t\t\t<p>+382 20 656 208<\/p>\n\t\t\t\t\t\t\t\t\t\t\t<\/a>\n\t\t                    \t\t\t<\/div>\n\t\t\t\t\t\t\t\t\t\t\n\t\t                    \t\t\t<div class=\"location-address-container\">\n\t\t                    \t\t\t\t<i aria-hidden=\"true\" class=\"fa6s fa6s-solid-location-dot\"><\/i>\n\t\t\t\t\t\t\t\t\t\t\t<p>Bulevar svetog petra Cetinjskog 120, 81000 Podgorica<\/p>\n\t\t                    \t\t\t<\/div>\n\t\t\t\t\t\t\t\t\t\t<br>\n\t\t\t\t\t\t\t\t\t\t\t\t\t\t\t\t\t\t\t\t\t<div class=\"location-working-hours-container\">\n\t\t                    \t\t\t\t<i aria-hidden=\"true\" class=\"fa6s fa6s-solid-clock\"><\/i>\n\t\t\t\t\t\t\t\t\t\t\t\t\t\t\t\t\t\t\t\t\t        <div class=\"working-hours-row\">\n\t\t\t\t\t\t\t\t\t\t        \t<p class=\"working-days\">Mo - Fr<\/p>\n\t\t\t\t\t\t\t\t\t\t        \t<p class=\"working-hours\">08:00 -16:00<\/p>\n\t\t\t\t\t\t\t\t\t\t        <\/div>\n\t\t\t\t\t\t\t\t\t        \t\t\t\t\t\t\t\t\t\t\t\t<\/div>\n\t\t\t\t\t\t\t\t\t    \n\t        \t\t\t\t\t\t\t<a href=\"https:\/\/www.tpa-group.me\/sr\/locations\/podgorica-sr\/\">\n\t\t\t        \t\t\t\t\t\t<div class=\"btn-arrow\" style=\"background-image: url('https:\/\/www.tpa-group.me\/app\/plugins\/ovos-elementor-widgets\/widgets\/locations-card-grid-widget\/img\/button-arrow-right-long.svg')\"><\/div>\n\t\t\t        \t\t\t\t\t<\/a>\n\t\t\t\t\t        \t\t<\/div>\n\t\t\t\t        \t\t<\/div>\n\t        \t\t\t\t\t\t        \t<\/div>\n\t\t        \t\t  <\/div>\n\t\t  \t\t\t\t\n\t \t<\/div>\n\t\t\t\t\t\t<\/div>\n\t\t\t\t<\/div>\n\t\t\t\t\t<\/div>\n\t\t<\/div>\n\t\t\t\t\t<\/div>\n\t\t<\/section>\n\t\t\t\t<\/div>\n\t\t","protected":false},"excerpt":{"rendered":"<p>Naslovna |&nbsp; Lokacije Na\u0161e lokacije U TPA, na\u0161 pristup savjetovanju je \u201co\u010di u o\u010di\u201d Zbog toga nam je vizuelni kontakt sa vama posebno va\u017ean. \u017delimo vam ovo ponuditi kada god je mogu\u0107e Jer je licem u lice, ve\u0107ina poslovnih diskusija lak\u0161a i efikasnija. Dakle, mi smo tamo gdje ste vi i va\u0161a kompanija. Podgorica Podgorica [&hellip;]<\/p>\n","protected":false},"author":1,"featured_media":0,"parent":0,"menu_order":0,"comment_status":"closed","ping_status":"closed","template":"elementor_header_footer","meta":{"_acf_changed":false,"footnotes":""},"class_list":["post-529","page","type-page","status-publish","hentry"],"acf":[],"yoast_head":"<!-- This site is optimized with the Yoast SEO plugin v26.0 - https:\/\/yoast.com\/wordpress\/plugins\/seo\/ -->\n<title>Lokacije - www.tpa-group.me<\/title>\n<meta name=\"robots\" content=\"index, follow, max-snippet:-1, max-image-preview:large, max-video-preview:-1\" \/>\n<link rel=\"canonical\" href=\"https:\/\/www.tpa-group.me\/sr\/locations-sr\/\" \/>\n<meta property=\"og:locale\" content=\"sr_RS\" \/>\n<meta property=\"og:type\" content=\"article\" \/>\n<meta property=\"og:title\" content=\"Lokacije - www.tpa-group.me\" \/>\n<meta property=\"og:description\" content=\"Naslovna |&nbsp; Lokacije Na\u0161e lokacije U TPA, na\u0161 pristup savjetovanju je \u201co\u010di u o\u010di\u201d Zbog toga nam je vizuelni kontakt sa vama posebno va\u017ean. \u017delimo vam ovo ponuditi kada god je mogu\u0107e Jer je licem u lice, ve\u0107ina poslovnih diskusija lak\u0161a i efikasnija. Dakle, mi smo tamo gdje ste vi i va\u0161a kompanija. Podgorica Podgorica [&hellip;]\" \/>\n<meta property=\"og:url\" content=\"https:\/\/www.tpa-group.me\/sr\/locations-sr\/\" \/>\n<meta property=\"og:site_name\" content=\"www.tpa-group.me\" \/>\n<meta property=\"article:modified_time\" content=\"2024-11-18T09:31:32+00:00\" \/>\n<meta property=\"og:image\" content=\"https:\/\/www.tpa-group.me\/app\/uploads\/sites\/7\/2024\/02\/TPA-Steuerberatung-wien-1024x683.jpeg\" \/>\n<meta name=\"twitter:card\" content=\"summary_large_image\" \/>\n<meta name=\"twitter:label1\" content=\"Est. reading time\" \/>\n\t<meta name=\"twitter:data1\" content=\"1 \u043c\u0438\u043d\u0443\u0442\" \/>\n<script type=\"application\/ld+json\" class=\"yoast-schema-graph\">{\"@context\":\"https:\/\/schema.org\",\"@graph\":[{\"@type\":\"WebPage\",\"@id\":\"https:\/\/www.tpa-group.me\/sr\/locations-sr\/\",\"url\":\"https:\/\/www.tpa-group.me\/sr\/locations-sr\/\",\"name\":\"Lokacije - www.tpa-group.me\",\"isPartOf\":{\"@id\":\"https:\/\/www.tpa-group.me\/sr\/#website\"},\"primaryImageOfPage\":{\"@id\":\"https:\/\/www.tpa-group.me\/sr\/locations-sr\/#primaryimage\"},\"image\":{\"@id\":\"https:\/\/www.tpa-group.me\/sr\/locations-sr\/#primaryimage\"},\"thumbnailUrl\":\"https:\/\/www.tpa-group.me\/app\/uploads\/sites\/7\/2024\/02\/TPA-Steuerberatung-wien-1024x683.jpeg\",\"datePublished\":\"2024-02-27T09:47:31+00:00\",\"dateModified\":\"2024-11-18T09:31:32+00:00\",\"breadcrumb\":{\"@id\":\"https:\/\/www.tpa-group.me\/sr\/locations-sr\/#breadcrumb\"},\"inLanguage\":\"sr-RS\",\"potentialAction\":[{\"@type\":\"ReadAction\",\"target\":[\"https:\/\/www.tpa-group.me\/sr\/locations-sr\/\"]}]},{\"@type\":\"ImageObject\",\"inLanguage\":\"sr-RS\",\"@id\":\"https:\/\/www.tpa-group.me\/sr\/locations-sr\/#primaryimage\",\"url\":\"https:\/\/www.tpa-group.me\/app\/uploads\/sites\/7\/2024\/02\/TPA-Steuerberatung-wien-1024x683.jpeg\",\"contentUrl\":\"https:\/\/www.tpa-group.me\/app\/uploads\/sites\/7\/2024\/02\/TPA-Steuerberatung-wien-1024x683.jpeg\"},{\"@type\":\"BreadcrumbList\",\"@id\":\"https:\/\/www.tpa-group.me\/sr\/locations-sr\/#breadcrumb\",\"itemListElement\":[{\"@type\":\"ListItem\",\"position\":1,\"name\":\"Home\",\"item\":\"https:\/\/www.tpa-group.me\/sr\/\"},{\"@type\":\"ListItem\",\"position\":2,\"name\":\"Lokacije\"}]},{\"@type\":\"WebSite\",\"@id\":\"https:\/\/www.tpa-group.me\/sr\/#website\",\"url\":\"https:\/\/www.tpa-group.me\/sr\/\",\"name\":\"www.tpa-group.me\",\"description\":\"\",\"publisher\":{\"@id\":\"https:\/\/www.tpa-group.me\/sr\/#organization\"},\"potentialAction\":[{\"@type\":\"SearchAction\",\"target\":{\"@type\":\"EntryPoint\",\"urlTemplate\":\"https:\/\/www.tpa-group.me\/sr\/?s={search_term_string}\"},\"query-input\":{\"@type\":\"PropertyValueSpecification\",\"valueRequired\":true,\"valueName\":\"search_term_string\"}}],\"inLanguage\":\"sr-RS\"},{\"@type\":\"Organization\",\"@id\":\"https:\/\/www.tpa-group.me\/sr\/#organization\",\"name\":\"www.tpa-group.me\",\"url\":\"https:\/\/www.tpa-group.me\/sr\/\",\"logo\":{\"@type\":\"ImageObject\",\"inLanguage\":\"sr-RS\",\"@id\":\"https:\/\/www.tpa-group.me\/sr\/#\/schema\/logo\/image\/\",\"url\":\"https:\/\/www.tpa-group.me\/app\/uploads\/sites\/7\/2024\/02\/tpa-logo.svg\",\"contentUrl\":\"https:\/\/www.tpa-group.me\/app\/uploads\/sites\/7\/2024\/02\/tpa-logo.svg\",\"caption\":\"www.tpa-group.me\"},\"image\":{\"@id\":\"https:\/\/www.tpa-group.me\/sr\/#\/schema\/logo\/image\/\"}}]}<\/script>\n<!-- \/ Yoast SEO plugin. -->","yoast_head_json":{"title":"Lokacije - www.tpa-group.me","robots":{"index":"index","follow":"follow","max-snippet":"max-snippet:-1","max-image-preview":"max-image-preview:large","max-video-preview":"max-video-preview:-1"},"canonical":"https:\/\/www.tpa-group.me\/sr\/locations-sr\/","og_locale":"sr_RS","og_type":"article","og_title":"Lokacije - www.tpa-group.me","og_description":"Naslovna |&nbsp; Lokacije Na\u0161e lokacije U TPA, na\u0161 pristup savjetovanju je \u201co\u010di u o\u010di\u201d Zbog toga nam je vizuelni kontakt sa vama posebno va\u017ean. \u017delimo vam ovo ponuditi kada god je mogu\u0107e Jer je licem u lice, ve\u0107ina poslovnih diskusija lak\u0161a i efikasnija. Dakle, mi smo tamo gdje ste vi i va\u0161a kompanija. Podgorica Podgorica [&hellip;]","og_url":"https:\/\/www.tpa-group.me\/sr\/locations-sr\/","og_site_name":"www.tpa-group.me","article_modified_time":"2024-11-18T09:31:32+00:00","og_image":[{"url":"https:\/\/www.tpa-group.me\/app\/uploads\/sites\/7\/2024\/02\/TPA-Steuerberatung-wien-1024x683.jpeg","type":"","width":"","height":""}],"twitter_card":"summary_large_image","twitter_misc":{"Est. reading time":"1 \u043c\u0438\u043d\u0443\u0442"},"schema":{"@context":"https:\/\/schema.org","@graph":[{"@type":"WebPage","@id":"https:\/\/www.tpa-group.me\/sr\/locations-sr\/","url":"https:\/\/www.tpa-group.me\/sr\/locations-sr\/","name":"Lokacije - www.tpa-group.me","isPartOf":{"@id":"https:\/\/www.tpa-group.me\/sr\/#website"},"primaryImageOfPage":{"@id":"https:\/\/www.tpa-group.me\/sr\/locations-sr\/#primaryimage"},"image":{"@id":"https:\/\/www.tpa-group.me\/sr\/locations-sr\/#primaryimage"},"thumbnailUrl":"https:\/\/www.tpa-group.me\/app\/uploads\/sites\/7\/2024\/02\/TPA-Steuerberatung-wien-1024x683.jpeg","datePublished":"2024-02-27T09:47:31+00:00","dateModified":"2024-11-18T09:31:32+00:00","breadcrumb":{"@id":"https:\/\/www.tpa-group.me\/sr\/locations-sr\/#breadcrumb"},"inLanguage":"sr-RS","potentialAction":[{"@type":"ReadAction","target":["https:\/\/www.tpa-group.me\/sr\/locations-sr\/"]}]},{"@type":"ImageObject","inLanguage":"sr-RS","@id":"https:\/\/www.tpa-group.me\/sr\/locations-sr\/#primaryimage","url":"https:\/\/www.tpa-group.me\/app\/uploads\/sites\/7\/2024\/02\/TPA-Steuerberatung-wien-1024x683.jpeg","contentUrl":"https:\/\/www.tpa-group.me\/app\/uploads\/sites\/7\/2024\/02\/TPA-Steuerberatung-wien-1024x683.jpeg"},{"@type":"BreadcrumbList","@id":"https:\/\/www.tpa-group.me\/sr\/locations-sr\/#breadcrumb","itemListElement":[{"@type":"ListItem","position":1,"name":"Home","item":"https:\/\/www.tpa-group.me\/sr\/"},{"@type":"ListItem","position":2,"name":"Lokacije"}]},{"@type":"WebSite","@id":"https:\/\/www.tpa-group.me\/sr\/#website","url":"https:\/\/www.tpa-group.me\/sr\/","name":"www.tpa-group.me","description":"","publisher":{"@id":"https:\/\/www.tpa-group.me\/sr\/#organization"},"potentialAction":[{"@type":"SearchAction","target":{"@type":"EntryPoint","urlTemplate":"https:\/\/www.tpa-group.me\/sr\/?s={search_term_string}"},"query-input":{"@type":"PropertyValueSpecification","valueRequired":true,"valueName":"search_term_string"}}],"inLanguage":"sr-RS"},{"@type":"Organization","@id":"https:\/\/www.tpa-group.me\/sr\/#organization","name":"www.tpa-group.me","url":"https:\/\/www.tpa-group.me\/sr\/","logo":{"@type":"ImageObject","inLanguage":"sr-RS","@id":"https:\/\/www.tpa-group.me\/sr\/#\/schema\/logo\/image\/","url":"https:\/\/www.tpa-group.me\/app\/uploads\/sites\/7\/2024\/02\/tpa-logo.svg","contentUrl":"https:\/\/www.tpa-group.me\/app\/uploads\/sites\/7\/2024\/02\/tpa-logo.svg","caption":"www.tpa-group.me"},"image":{"@id":"https:\/\/www.tpa-group.me\/sr\/#\/schema\/logo\/image\/"}}]}},"_links":{"self":[{"href":"https:\/\/www.tpa-group.me\/sr\/wp-json\/wp\/v2\/pages\/529","targetHints":{"allow":["GET"]}}],"collection":[{"href":"https:\/\/www.tpa-group.me\/sr\/wp-json\/wp\/v2\/pages"}],"about":[{"href":"https:\/\/www.tpa-group.me\/sr\/wp-json\/wp\/v2\/types\/page"}],"author":[{"embeddable":true,"href":"https:\/\/www.tpa-group.me\/sr\/wp-json\/wp\/v2\/users\/1"}],"replies":[{"embeddable":true,"href":"https:\/\/www.tpa-group.me\/sr\/wp-json\/wp\/v2\/comments?post=529"}],"version-history":[{"count":5,"href":"https:\/\/www.tpa-group.me\/sr\/wp-json\/wp\/v2\/pages\/529\/revisions"}],"predecessor-version":[{"id":1924,"href":"https:\/\/www.tpa-group.me\/sr\/wp-json\/wp\/v2\/pages\/529\/revisions\/1924"}],"wp:attachment":[{"href":"https:\/\/www.tpa-group.me\/sr\/wp-json\/wp\/v2\/media?parent=529"}],"curies":[{"name":"wp","href":"https:\/\/api.w.org\/{rel}","templated":true}]}}