{"id":533,"date":"2024-02-27T09:47:11","date_gmt":"2024-02-27T09:47:11","guid":{"rendered":"https:\/\/www.tpa-group.me\/industries-sr\/"},"modified":"2024-11-22T10:19:04","modified_gmt":"2024-11-22T10:19:04","slug":"industrije","status":"publish","type":"page","link":"https:\/\/www.tpa-group.me\/sr\/industrije\/","title":{"rendered":"Industrije"},"content":{"rendered":"\t\t<div data-elementor-type=\"wp-page\" data-elementor-id=\"533\" class=\"elementor elementor-533 elementor-14\" data-elementor-post-type=\"page\">\n\t\t\t\t\t\t<section class=\"elementor-section elementor-top-section elementor-element elementor-element-61cfe1d hero-banner elementor-section-boxed elementor-section-height-default elementor-section-height-default\" data-id=\"61cfe1d\" data-element_type=\"section\">\n\t\t\t\t\t\t<div class=\"elementor-container elementor-column-gap-default\">\n\t\t\t\t\t<div class=\"elementor-column elementor-col-50 elementor-top-column elementor-element elementor-element-2ffcfd74\" data-id=\"2ffcfd74\" data-element_type=\"column\">\n\t\t\t<div class=\"elementor-widget-wrap elementor-element-populated\">\n\t\t\t\t\t\t<section class=\"elementor-section elementor-inner-section elementor-element elementor-element-3a2d59cf hero-banner-breadcrumbs-container elementor-section-boxed elementor-section-height-default elementor-section-height-default\" data-id=\"3a2d59cf\" data-element_type=\"section\">\n\t\t\t\t\t\t<div class=\"elementor-container elementor-column-gap-default\">\n\t\t\t\t\t<div class=\"elementor-column elementor-col-100 elementor-inner-column elementor-element elementor-element-58c364f\" data-id=\"58c364f\" data-element_type=\"column\">\n\t\t\t<div class=\"elementor-widget-wrap elementor-element-populated\">\n\t\t\t\t\t\t<div class=\"elementor-element elementor-element-3173877a elementor-widget elementor-widget-heading\" data-id=\"3173877a\" data-element_type=\"widget\" data-widget_type=\"heading.default\">\n\t\t\t\t<div class=\"elementor-widget-container\">\n\t\t\t\t\t<p class=\"elementor-heading-title elementor-size-default\"><a href=\"\/\">Home |&nbsp;<\/a><\/p>\t\t\t\t<\/div>\n\t\t\t\t<\/div>\n\t\t\t\t<div class=\"elementor-element elementor-element-174a148b elementor-widget elementor-widget-heading\" data-id=\"174a148b\" data-element_type=\"widget\" data-widget_type=\"heading.default\">\n\t\t\t\t<div class=\"elementor-widget-container\">\n\t\t\t\t\t<p class=\"elementor-heading-title elementor-size-default\">Industrije<\/p>\t\t\t\t<\/div>\n\t\t\t\t<\/div>\n\t\t\t\t\t<\/div>\n\t\t<\/div>\n\t\t\t\t\t<\/div>\n\t\t<\/section>\n\t\t\t\t<div class=\"elementor-element elementor-element-10cf71cd elementor-widget elementor-widget-heading\" data-id=\"10cf71cd\" data-element_type=\"widget\" data-widget_type=\"heading.default\">\n\t\t\t\t<div class=\"elementor-widget-container\">\n\t\t\t\t\t<h1 class=\"elementor-heading-title elementor-size-default\">Industrije<\/h1>\t\t\t\t<\/div>\n\t\t\t\t<\/div>\n\t\t\t\t<div class=\"elementor-element elementor-element-57de59cf elementor-widget elementor-widget-text-editor\" data-id=\"57de59cf\" data-element_type=\"widget\" data-widget_type=\"text-editor.default\">\n\t\t\t\t<div class=\"elementor-widget-container\">\n\t\t\t\t\t\t\t\t\t<p>Svaka industrija ima svoja pravila. \u0160to bolje razumijete pravila industrije, to bolje mo\u017eete savjetovati svoje klijente. Za nas, poslovanje licem u lice zna\u010di pru\u017eanje konsultacija na ravnopravnom nivou kako bismo vas unaprijedili. Govorimo va\u0161im jezikom i poznajemo izazove va\u0161eg tr\u017ei\u0161ta. Na\u0161i stru\u010dnjaci kombinuju specijalizovano i sektorsko znanje sa stra\u0161\u0107u i ljubavlju prema detaljima.<\/p>\t\t\t\t\t\t\t\t<\/div>\n\t\t\t\t<\/div>\n\t\t\t\t\t<\/div>\n\t\t<\/div>\n\t\t\t\t<div class=\"elementor-column elementor-col-50 elementor-top-column elementor-element elementor-element-17315093\" data-id=\"17315093\" data-element_type=\"column\">\n\t\t\t<div class=\"elementor-widget-wrap\">\n\t\t\t\t\t\t\t<\/div>\n\t\t<\/div>\n\t\t\t\t\t<\/div>\n\t\t<\/section>\n\t\t<div class=\"elementor-element elementor-element-2b4aa092 e-flex e-con-boxed e-con e-parent\" data-id=\"2b4aa092\" data-element_type=\"container\" data-settings=\"{&quot;background_background&quot;:&quot;classic&quot;}\">\n\t\t\t\t\t<div class=\"e-con-inner\">\n\t\t<div class=\"elementor-element elementor-element-76e3fd3b e-flex e-con-boxed e-con e-child\" data-id=\"76e3fd3b\" data-element_type=\"container\">\n\t\t\t\t\t<div class=\"e-con-inner\">\n\t\t\t\t<div class=\"elementor-element elementor-element-5fd482dd elementor-widget elementor-widget-posts-card-grid\" data-id=\"5fd482dd\" data-element_type=\"widget\" data-settings=\"{&quot;posts_card_grid_content_type&quot;:&quot;post&quot;,&quot;posts_card_grid_category&quot;:&quot;39&quot;,&quot;posts_card_grid_order_by&quot;:&quot;alphabet&quot;,&quot;posts_card_grid_order&quot;:&quot;ASC&quot;}\" data-widget_type=\"posts-card-grid.default\">\n\t\t\t\t<div class=\"elementor-widget-container\">\n\t\t\t\t\t\t \t<div \n\t \t\tclass=\"posts-card-grid-container\" \n \t\t>   \n\n\t\t\t\t  <div class=\"posts-grid\" style=\"opacity: 0;\">\n\n\t\t  \t<div class=\"posts-grid-sizer\"><\/div>\n\t\t    \t\n\t\t        \t<div class=\"posts-grid-item\">\n\t\t        \t\t\t        \t\t\t<a href=\"https:\/\/www.tpa-group.me\/sr\/industrije\/biotehnologija\/\">\n\n\t\t        \t\t\t        \t\t\t\t\t\t<p class=\"main-category\">Biotehnologija i farmaceutska industrija<\/p>\n\t        \t\t\t\t\t\t\t        \t\t<div class=\"img-container\">\n\t\t\t        \t\t\t<img decoding=\"async\" class=\"post-image\" src=\"https:\/\/www.tpa-group.me\/app\/uploads\/sites\/7\/2024\/02\/TPA-Industry-Biotechnology-Pharmaceutical-Industry.jpg\" alt=\"Biotehnologija i farmaceutska industrija\">\n\t\t        \t\t\t\t\t\t\t        \t\t<\/div>\n        \t\t\t\t<\/a>\n\n        \t\t\t\t\t\t        \t<\/div>\n\t\t        \t\n\t\t        \t<div class=\"posts-grid-item\">\n\t\t        \t\t\t        \t\t\t<a href=\"https:\/\/www.tpa-group.me\/sr\/industrije\/dobrostojeci-pojedinci\/\">\n\n\t\t        \t\t\t        \t\t\t\t\t\t<p class=\"main-category\">Dobrostoje\u0107i pojedinci<\/p>\n\t        \t\t\t\t\t\t\t        \t\t<div class=\"img-container\">\n\t\t\t        \t\t\t<img decoding=\"async\" class=\"post-image\" src=\"https:\/\/www.tpa-group.me\/app\/uploads\/sites\/7\/2024\/04\/tpa-industry-privatier-foundations-financier-investment.jpg\" alt=\"Dobrostoje\u0107i pojedinci\">\n\t\t        \t\t\t\t\t\t\t        \t\t<\/div>\n        \t\t\t\t<\/a>\n\n        \t\t\t\t\t\t        \t<\/div>\n\t\t        \t\n\t\t        \t<div class=\"posts-grid-item\">\n\t\t        \t\t\t        \t\t\t<a href=\"https:\/\/www.tpa-group.me\/sr\/industrije\/energija\/\">\n\n\t\t        \t\t\t        \t\t\t\t\t\t<p class=\"main-category\">Energija<\/p>\n\t        \t\t\t\t\t\t\t        \t\t<div class=\"img-container\">\n\t\t\t        \t\t\t<img decoding=\"async\" class=\"post-image\" src=\"https:\/\/www.tpa-group.me\/app\/uploads\/sites\/7\/2024\/02\/TPA-Industry-Energy-1024x683-1.jpg\" alt=\"Energija\">\n\t\t        \t\t\t\t\t\t\t        \t\t<\/div>\n        \t\t\t\t<\/a>\n\n        \t\t\t\t\t\t        \t<\/div>\n\t\t        \t\n\t\t        \t<div class=\"posts-grid-item\">\n\t\t        \t\t\t        \t\t\t<a href=\"https:\/\/www.tpa-group.me\/sr\/industrije\/gradevinska-industrija\/\">\n\n\t\t        \t\t\t        \t\t\t\t\t\t<p class=\"main-category\">Gra\u0111evinska industrija<\/p>\n\t        \t\t\t\t\t\t\t        \t\t<div class=\"img-container\">\n\t\t\t        \t\t\t<img decoding=\"async\" class=\"post-image\" src=\"https:\/\/www.tpa-group.me\/app\/uploads\/sites\/7\/2024\/02\/TPA-Industry-Construction-Industry.jpg\" alt=\"Gra\u0111evinska industrija\">\n\t\t        \t\t\t\t\t\t\t        \t\t<\/div>\n        \t\t\t\t<\/a>\n\n        \t\t\t\t\t\t        \t<\/div>\n\t\t        \t\n\t\t        \t<div class=\"posts-grid-item\">\n\t\t        \t\t\t        \t\t\t<a href=\"https:\/\/www.tpa-group.me\/sr\/industrije\/holding-kompanije\/\">\n\n\t\t        \t\t\t        \t\t\t\t\t\t<p class=\"main-category\">Holding kompanije<\/p>\n\t        \t\t\t\t\t\t\t        \t\t<div class=\"img-container\">\n\t\t\t        \t\t\t<img decoding=\"async\" class=\"post-image\" src=\"https:\/\/www.tpa-group.me\/app\/uploads\/sites\/7\/2024\/04\/tpa-industry-holdings-advisory-tax-advisory.jpg\" alt=\"Holding kompanije\">\n\t\t        \t\t\t\t\t\t\t        \t\t<\/div>\n        \t\t\t\t<\/a>\n\n        \t\t\t\t\t\t        \t<\/div>\n\t\t        \t\n\t\t        \t<div class=\"posts-grid-item\">\n\t\t        \t\t\t        \t\t\t<a href=\"https:\/\/www.tpa-group.me\/sr\/industrije\/hotelijerstvo-turizam-i-rekreacija\/\">\n\n\t\t        \t\t\t        \t\t\t\t\t\t<p class=\"main-category\">Hotelijerstvo, turizam i rekreacija<\/p>\n\t        \t\t\t\t\t\t\t        \t\t<div class=\"img-container\">\n\t\t\t        \t\t\t<img decoding=\"async\" class=\"post-image\" src=\"https:\/\/www.tpa-group.me\/app\/uploads\/sites\/7\/2024\/04\/tpa-industry-hotel-tourism-leisure-tax-advisory-accounting.jpg\" alt=\"Hotelijerstvo, turizam i rekreacija\">\n\t\t        \t\t\t\t\t\t\t        \t\t<\/div>\n        \t\t\t\t<\/a>\n\n        \t\t\t\t\t\t        \t<\/div>\n\t\t        \t\n\t\t        \t<div class=\"posts-grid-item\">\n\t\t        \t\t\t        \t\t\t<a href=\"https:\/\/www.tpa-group.me\/sr\/industrije\/trgovina-i-zanatstvo\/\">\n\n\t\t        \t\t\t        \t\t\t\t\t\t<p class=\"main-category\">Trgovina i zanatstvo<\/p>\n\t        \t\t\t\t\t\t\t        \t\t<div class=\"img-container\">\n\t\t\t        \t\t\t<img decoding=\"async\" class=\"post-image\" src=\"https:\/\/www.tpa-group.me\/app\/uploads\/sites\/7\/2024\/02\/TPA-Industry-Commerce-and-Mechanical-Arts.jpg\" alt=\"Trgovina i zanatstvo\">\n\t\t        \t\t\t\t\t\t\t        \t\t<\/div>\n        \t\t\t\t<\/a>\n\n        \t\t\t\t\t\t        \t<\/div>\n\t\t        \t\n\t\t        \t<div class=\"posts-grid-item\">\n\t\t        \t\t\t        \t\t\t<a href=\"https:\/\/www.tpa-group.me\/sr\/industrije\/zdravstvo\/\">\n\n\t\t        \t\t\t        \t\t\t\t\t\t<p class=\"main-category\">Zdravstvo<\/p>\n\t        \t\t\t\t\t\t\t        \t\t<div class=\"img-container\">\n\t\t\t        \t\t\t<img decoding=\"async\" class=\"post-image\" src=\"https:\/\/www.tpa-group.me\/app\/uploads\/sites\/7\/2024\/04\/TPA-Industry-Healthcare.jpg\" alt=\"Zdravstvo\">\n\t\t        \t\t\t\t\t\t\t        \t\t<\/div>\n        \t\t\t\t<\/a>\n\n        \t\t\t\t\t\t        \t<\/div>\n\t\t        \t\t  <\/div>\n\t\t  \t\t\n\t\t\n\n\t\t\t \t<\/div>\n\t\t\t\t\t\t<\/div>\n\t\t\t\t<\/div>\n\t\t\t\t\t<\/div>\n\t\t\t\t<\/div>\n\t\t\t\t\t<\/div>\n\t\t\t\t<\/div>\n\t\t<div class=\"elementor-element elementor-element-4cf3da9e e-flex e-con-boxed e-con e-parent\" data-id=\"4cf3da9e\" data-element_type=\"container\" data-settings=\"{&quot;background_background&quot;:&quot;classic&quot;}\">\n\t\t\t\t\t<div class=\"e-con-inner\">\n\t\t\t\t<div class=\"elementor-element elementor-element-183e0c5 elementor-widget elementor-widget-text-editor\" data-id=\"183e0c5\" data-element_type=\"widget\" data-widget_type=\"text-editor.default\">\n\t\t\t\t<div class=\"elementor-widget-container\">\n\t\t\t\t\t\t\t\t\t<p>Na\u0161e konsultantske usluge se pro\u0161iruju na sve ostale sektore. Saznajte vi\u0161e o na\u0161im uslugama iz oblasti: <a title=\"TPA experts in tax advisory in Austria\" href=\"https:\/\/www.tpa-group.me\/sr\/usluge\/poresko-savjetovanje\/\">poreskog savjetovanje<\/a>, <a title=\"TPA Audit in Austria: added value through thinking ahead!\" href=\"https:\/\/www.tpa-group.me\/sr\/usluge\/revizija\/\">revizije<\/a> i\u00a0<a title=\"TPA management consulting in Austria: Business consulting services offered by TPA in 12 locations.\" href=\"https:\/\/www.tpa-group.me\/sr\/usluge\/poslovno-savjetovanje\/\">menad\u017ement konsultacija<\/a>.<\/p>\t\t\t\t\t\t\t\t<\/div>\n\t\t\t\t<\/div>\n\t\t\t\t\t<\/div>\n\t\t\t\t<\/div>\n\t\t\t\t<\/div>\n\t\t","protected":false},"excerpt":{"rendered":"<p>Home |&nbsp; Industrije Industrije Svaka industrija ima svoja pravila. \u0160to bolje razumijete pravila industrije, to bolje mo\u017eete savjetovati svoje klijente. Za nas, poslovanje licem u lice zna\u010di pru\u017eanje konsultacija na ravnopravnom nivou kako bismo vas unaprijedili. Govorimo va\u0161im jezikom i poznajemo izazove va\u0161eg tr\u017ei\u0161ta. Na\u0161i stru\u010dnjaci kombinuju specijalizovano i sektorsko znanje sa stra\u0161\u0107u i ljubavlju [&hellip;]<\/p>\n","protected":false},"author":1,"featured_media":0,"parent":0,"menu_order":0,"comment_status":"closed","ping_status":"closed","template":"elementor_header_footer","meta":{"_acf_changed":false,"footnotes":""},"class_list":["post-533","page","type-page","status-publish","hentry"],"acf":[],"yoast_head":"<!-- This site is optimized with the Yoast SEO plugin v26.0 - https:\/\/yoast.com\/wordpress\/plugins\/seo\/ -->\n<title>Industrije - www.tpa-group.me<\/title>\n<meta name=\"robots\" content=\"index, follow, max-snippet:-1, max-image-preview:large, max-video-preview:-1\" \/>\n<link rel=\"canonical\" href=\"https:\/\/www.tpa-group.me\/sr\/industrije\/\" \/>\n<meta property=\"og:locale\" content=\"sr_RS\" \/>\n<meta property=\"og:type\" content=\"article\" \/>\n<meta property=\"og:title\" content=\"Industrije - www.tpa-group.me\" \/>\n<meta property=\"og:description\" content=\"Home |&nbsp; Industrije Industrije Svaka industrija ima svoja pravila. \u0160to bolje razumijete pravila industrije, to bolje mo\u017eete savjetovati svoje klijente. Za nas, poslovanje licem u lice zna\u010di pru\u017eanje konsultacija na ravnopravnom nivou kako bismo vas unaprijedili. Govorimo va\u0161im jezikom i poznajemo izazove va\u0161eg tr\u017ei\u0161ta. Na\u0161i stru\u010dnjaci kombinuju specijalizovano i sektorsko znanje sa stra\u0161\u0107u i ljubavlju [&hellip;]\" \/>\n<meta property=\"og:url\" content=\"https:\/\/www.tpa-group.me\/sr\/industrije\/\" \/>\n<meta property=\"og:site_name\" content=\"www.tpa-group.me\" \/>\n<meta property=\"article:modified_time\" content=\"2024-11-22T10:19:04+00:00\" \/>\n<meta name=\"twitter:card\" content=\"summary_large_image\" \/>\n<meta name=\"twitter:label1\" content=\"Est. reading time\" \/>\n\t<meta name=\"twitter:data1\" content=\"3 \u043c\u0438\u043d\u0443\u0442\u0430\" \/>\n<script type=\"application\/ld+json\" class=\"yoast-schema-graph\">{\"@context\":\"https:\/\/schema.org\",\"@graph\":[{\"@type\":\"WebPage\",\"@id\":\"https:\/\/www.tpa-group.me\/sr\/industrije\/\",\"url\":\"https:\/\/www.tpa-group.me\/sr\/industrije\/\",\"name\":\"Industrije - www.tpa-group.me\",\"isPartOf\":{\"@id\":\"https:\/\/www.tpa-group.me\/sr\/#website\"},\"datePublished\":\"2024-02-27T09:47:11+00:00\",\"dateModified\":\"2024-11-22T10:19:04+00:00\",\"breadcrumb\":{\"@id\":\"https:\/\/www.tpa-group.me\/sr\/industrije\/#breadcrumb\"},\"inLanguage\":\"sr-RS\",\"potentialAction\":[{\"@type\":\"ReadAction\",\"target\":[\"https:\/\/www.tpa-group.me\/sr\/industrije\/\"]}]},{\"@type\":\"BreadcrumbList\",\"@id\":\"https:\/\/www.tpa-group.me\/sr\/industrije\/#breadcrumb\",\"itemListElement\":[{\"@type\":\"ListItem\",\"position\":1,\"name\":\"Home\",\"item\":\"https:\/\/www.tpa-group.me\/sr\/\"},{\"@type\":\"ListItem\",\"position\":2,\"name\":\"Industrije\"}]},{\"@type\":\"WebSite\",\"@id\":\"https:\/\/www.tpa-group.me\/sr\/#website\",\"url\":\"https:\/\/www.tpa-group.me\/sr\/\",\"name\":\"www.tpa-group.me\",\"description\":\"\",\"publisher\":{\"@id\":\"https:\/\/www.tpa-group.me\/sr\/#organization\"},\"potentialAction\":[{\"@type\":\"SearchAction\",\"target\":{\"@type\":\"EntryPoint\",\"urlTemplate\":\"https:\/\/www.tpa-group.me\/sr\/?s={search_term_string}\"},\"query-input\":{\"@type\":\"PropertyValueSpecification\",\"valueRequired\":true,\"valueName\":\"search_term_string\"}}],\"inLanguage\":\"sr-RS\"},{\"@type\":\"Organization\",\"@id\":\"https:\/\/www.tpa-group.me\/sr\/#organization\",\"name\":\"www.tpa-group.me\",\"url\":\"https:\/\/www.tpa-group.me\/sr\/\",\"logo\":{\"@type\":\"ImageObject\",\"inLanguage\":\"sr-RS\",\"@id\":\"https:\/\/www.tpa-group.me\/sr\/#\/schema\/logo\/image\/\",\"url\":\"https:\/\/www.tpa-group.me\/app\/uploads\/sites\/7\/2024\/02\/tpa-logo.svg\",\"contentUrl\":\"https:\/\/www.tpa-group.me\/app\/uploads\/sites\/7\/2024\/02\/tpa-logo.svg\",\"caption\":\"www.tpa-group.me\"},\"image\":{\"@id\":\"https:\/\/www.tpa-group.me\/sr\/#\/schema\/logo\/image\/\"}}]}<\/script>\n<!-- \/ Yoast SEO plugin. -->","yoast_head_json":{"title":"Industrije - www.tpa-group.me","robots":{"index":"index","follow":"follow","max-snippet":"max-snippet:-1","max-image-preview":"max-image-preview:large","max-video-preview":"max-video-preview:-1"},"canonical":"https:\/\/www.tpa-group.me\/sr\/industrije\/","og_locale":"sr_RS","og_type":"article","og_title":"Industrije - www.tpa-group.me","og_description":"Home |&nbsp; Industrije Industrije Svaka industrija ima svoja pravila. \u0160to bolje razumijete pravila industrije, to bolje mo\u017eete savjetovati svoje klijente. Za nas, poslovanje licem u lice zna\u010di pru\u017eanje konsultacija na ravnopravnom nivou kako bismo vas unaprijedili. Govorimo va\u0161im jezikom i poznajemo izazove va\u0161eg tr\u017ei\u0161ta. Na\u0161i stru\u010dnjaci kombinuju specijalizovano i sektorsko znanje sa stra\u0161\u0107u i ljubavlju [&hellip;]","og_url":"https:\/\/www.tpa-group.me\/sr\/industrije\/","og_site_name":"www.tpa-group.me","article_modified_time":"2024-11-22T10:19:04+00:00","twitter_card":"summary_large_image","twitter_misc":{"Est. reading time":"3 \u043c\u0438\u043d\u0443\u0442\u0430"},"schema":{"@context":"https:\/\/schema.org","@graph":[{"@type":"WebPage","@id":"https:\/\/www.tpa-group.me\/sr\/industrije\/","url":"https:\/\/www.tpa-group.me\/sr\/industrije\/","name":"Industrije - www.tpa-group.me","isPartOf":{"@id":"https:\/\/www.tpa-group.me\/sr\/#website"},"datePublished":"2024-02-27T09:47:11+00:00","dateModified":"2024-11-22T10:19:04+00:00","breadcrumb":{"@id":"https:\/\/www.tpa-group.me\/sr\/industrije\/#breadcrumb"},"inLanguage":"sr-RS","potentialAction":[{"@type":"ReadAction","target":["https:\/\/www.tpa-group.me\/sr\/industrije\/"]}]},{"@type":"BreadcrumbList","@id":"https:\/\/www.tpa-group.me\/sr\/industrije\/#breadcrumb","itemListElement":[{"@type":"ListItem","position":1,"name":"Home","item":"https:\/\/www.tpa-group.me\/sr\/"},{"@type":"ListItem","position":2,"name":"Industrije"}]},{"@type":"WebSite","@id":"https:\/\/www.tpa-group.me\/sr\/#website","url":"https:\/\/www.tpa-group.me\/sr\/","name":"www.tpa-group.me","description":"","publisher":{"@id":"https:\/\/www.tpa-group.me\/sr\/#organization"},"potentialAction":[{"@type":"SearchAction","target":{"@type":"EntryPoint","urlTemplate":"https:\/\/www.tpa-group.me\/sr\/?s={search_term_string}"},"query-input":{"@type":"PropertyValueSpecification","valueRequired":true,"valueName":"search_term_string"}}],"inLanguage":"sr-RS"},{"@type":"Organization","@id":"https:\/\/www.tpa-group.me\/sr\/#organization","name":"www.tpa-group.me","url":"https:\/\/www.tpa-group.me\/sr\/","logo":{"@type":"ImageObject","inLanguage":"sr-RS","@id":"https:\/\/www.tpa-group.me\/sr\/#\/schema\/logo\/image\/","url":"https:\/\/www.tpa-group.me\/app\/uploads\/sites\/7\/2024\/02\/tpa-logo.svg","contentUrl":"https:\/\/www.tpa-group.me\/app\/uploads\/sites\/7\/2024\/02\/tpa-logo.svg","caption":"www.tpa-group.me"},"image":{"@id":"https:\/\/www.tpa-group.me\/sr\/#\/schema\/logo\/image\/"}}]}},"_links":{"self":[{"href":"https:\/\/www.tpa-group.me\/sr\/wp-json\/wp\/v2\/pages\/533","targetHints":{"allow":["GET"]}}],"collection":[{"href":"https:\/\/www.tpa-group.me\/sr\/wp-json\/wp\/v2\/pages"}],"about":[{"href":"https:\/\/www.tpa-group.me\/sr\/wp-json\/wp\/v2\/types\/page"}],"author":[{"embeddable":true,"href":"https:\/\/www.tpa-group.me\/sr\/wp-json\/wp\/v2\/users\/1"}],"replies":[{"embeddable":true,"href":"https:\/\/www.tpa-group.me\/sr\/wp-json\/wp\/v2\/comments?post=533"}],"version-history":[{"count":22,"href":"https:\/\/www.tpa-group.me\/sr\/wp-json\/wp\/v2\/pages\/533\/revisions"}],"predecessor-version":[{"id":2323,"href":"https:\/\/www.tpa-group.me\/sr\/wp-json\/wp\/v2\/pages\/533\/revisions\/2323"}],"wp:attachment":[{"href":"https:\/\/www.tpa-group.me\/sr\/wp-json\/wp\/v2\/media?parent=533"}],"curies":[{"name":"wp","href":"https:\/\/api.w.org\/{rel}","templated":true}]}}