{"id":932,"date":"2024-10-03T12:39:16","date_gmt":"2024-10-03T12:39:16","guid":{"rendered":"https:\/\/www.tpa-group.me\/?page_id=932"},"modified":"2024-11-22T12:25:18","modified_gmt":"2024-11-22T12:25:18","slug":"dobrodosli-u-tpa-grupu","status":"publish","type":"page","link":"https:\/\/www.tpa-group.me\/sr\/dobrodosli-u-tpa-grupu\/","title":{"rendered":"Karijera"},"content":{"rendered":"\t\t<div data-elementor-type=\"wp-page\" data-elementor-id=\"932\" class=\"elementor elementor-932\" data-elementor-post-type=\"page\">\n\t\t\t\t\t\t<section class=\"elementor-section elementor-top-section elementor-element elementor-element-772d658 hero-banner elementor-section-boxed elementor-section-height-default elementor-section-height-default\" data-id=\"772d658\" data-element_type=\"section\">\n\t\t\t\t\t\t<div class=\"elementor-container elementor-column-gap-default\">\n\t\t\t\t\t<div class=\"elementor-column elementor-col-50 elementor-top-column elementor-element elementor-element-3b56238b\" data-id=\"3b56238b\" data-element_type=\"column\">\n\t\t\t<div class=\"elementor-widget-wrap elementor-element-populated\">\n\t\t\t\t\t\t<section class=\"elementor-section elementor-inner-section elementor-element elementor-element-47d6d76 hero-banner-breadcrumbs-container elementor-section-boxed elementor-section-height-default elementor-section-height-default\" data-id=\"47d6d76\" data-element_type=\"section\">\n\t\t\t\t\t\t<div class=\"elementor-container elementor-column-gap-default\">\n\t\t\t\t\t<div class=\"elementor-column elementor-col-100 elementor-inner-column elementor-element elementor-element-119bc5b\" data-id=\"119bc5b\" data-element_type=\"column\">\n\t\t\t<div class=\"elementor-widget-wrap elementor-element-populated\">\n\t\t\t\t\t\t<div class=\"elementor-element elementor-element-5dfaffee elementor-widget elementor-widget-heading\" data-id=\"5dfaffee\" data-element_type=\"widget\" data-widget_type=\"heading.default\">\n\t\t\t\t<div class=\"elementor-widget-container\">\n\t\t\t\t\t<p class=\"elementor-heading-title elementor-size-default\"><a href=\"https:\/\/www.tpa-group.me\/sr\/\">Home |&nbsp;<\/a><\/p>\t\t\t\t<\/div>\n\t\t\t\t<\/div>\n\t\t\t\t<div class=\"elementor-element elementor-element-4f087372 elementor-widget elementor-widget-heading\" data-id=\"4f087372\" data-element_type=\"widget\" data-widget_type=\"heading.default\">\n\t\t\t\t<div class=\"elementor-widget-container\">\n\t\t\t\t\t<p class=\"elementor-heading-title elementor-size-default\">O nama |&nbsp;<\/p>\t\t\t\t<\/div>\n\t\t\t\t<\/div>\n\t\t\t\t<div class=\"elementor-element elementor-element-7865123c elementor-widget elementor-widget-heading\" data-id=\"7865123c\" data-element_type=\"widget\" data-widget_type=\"heading.default\">\n\t\t\t\t<div class=\"elementor-widget-container\">\n\t\t\t\t\t<p class=\"elementor-heading-title elementor-size-default\">TPA Group<\/p>\t\t\t\t<\/div>\n\t\t\t\t<\/div>\n\t\t\t\t\t<\/div>\n\t\t<\/div>\n\t\t\t\t\t<\/div>\n\t\t<\/section>\n\t\t\t\t<div class=\"elementor-element elementor-element-66f8d5be elementor-widget elementor-widget-heading\" data-id=\"66f8d5be\" data-element_type=\"widget\" data-widget_type=\"heading.default\">\n\t\t\t\t<div class=\"elementor-widget-container\">\n\t\t\t\t\t<h2 class=\"elementor-heading-title elementor-size-default\">Dobrodo\u0161li u TPA Grupu!<\/h2>\t\t\t\t<\/div>\n\t\t\t\t<\/div>\n\t\t\t\t\t<\/div>\n\t\t<\/div>\n\t\t\t\t<div class=\"elementor-column elementor-col-50 elementor-top-column elementor-element elementor-element-c558de7\" data-id=\"c558de7\" data-element_type=\"column\">\n\t\t\t<div class=\"elementor-widget-wrap\">\n\t\t\t\t\t\t\t<\/div>\n\t\t<\/div>\n\t\t\t\t\t<\/div>\n\t\t<\/section>\n\t\t<div class=\"elementor-element elementor-element-3029426 page-content-container e-flex e-con-boxed e-con e-parent\" data-id=\"3029426\" data-element_type=\"container\">\n\t\t\t\t\t<div class=\"e-con-inner\">\n\t\t\t\t<div class=\"elementor-element elementor-element-03dfcf4 elementor-widget elementor-widget-text-editor\" data-id=\"03dfcf4\" data-element_type=\"widget\" data-widget_type=\"text-editor.default\">\n\t\t\t\t<div class=\"elementor-widget-container\">\n\t\t\t\t\t\t\t\t\t<p>Da li tragate za partnerom koji razumije va\u0161e potrebe? Koji govori va\u0161 jezik, poznaje poslovanje kojim se bavite i koji \u0107e strpljivo saslu\u0161ati ono \u0161to vas brine?<\/p><p>U tom slu\u010daju je TPA Grupa pravi poslovni partner za vas. Na\u0161e najva\u017enije alatke nisu d\u017eepni ra\u010dunari, ogromni tabelarni pregledi ili najnovije tehnologije, ve\u0107 oko koje sve pomno posmatra, uho koje sve pa\u017eljivo slu\u0161a, dobar nos i po\u0161ten razgovor.<\/p><p>Samo oni koji komuniciraju na ravnopravnim osnovama i koji se mogu identifikovati sa svakim projektom na\u0107i \u0107e rje\u0161enje koje im najvi\u0161e odgovara. To je ono \u0161to mi podrazumijevamo pod pojmom\u00a0<em>poslovanje licem u lice<\/em>, i upravo to radimo. I stalno tako, na regionalnom i na me\u0111unarodnom nivou. Na poljima\u00a0pru\u017eanja savjeta o\u00a0<strong><a href=\"https:\/\/www.tpa-group.me\/sr\/usluge\/poresko-savjetovanje\/\">porezima<\/a>,\u00a0<a href=\"https:\/\/www.tpa-group.me\/sr\/usluge\/racunovodstvo\/\">ra\u010dunovodstva<\/a>,\u00a0<a href=\"http:\/\/www.tpa-group.rs\/sr\/rs\/usluge\/revizija\">revizije<\/a>\u00a0i\u00a0<a href=\"https:\/\/www.tpa-group.me\/sr\/usluge\/poslovno-savjetovanje\/\">davanja savjeta op\u0161te prirode<\/a>.<\/strong><\/p>\t\t\t\t\t\t\t\t<\/div>\n\t\t\t\t<\/div>\n\t\t\t\t<div class=\"elementor-element elementor-element-1596ef0 elementor-widget elementor-widget-heading\" data-id=\"1596ef0\" data-element_type=\"widget\" data-widget_type=\"heading.default\">\n\t\t\t\t<div class=\"elementor-widget-container\">\n\t\t\t\t\t<h2 class=\"elementor-heading-title elementor-size-default\">12 zemalja. 1 kompanija. TPA Grupa.<\/h2>\t\t\t\t<\/div>\n\t\t\t\t<\/div>\n\t\t\t\t<div class=\"elementor-element elementor-element-992035f elementor-widget elementor-widget-text-editor\" data-id=\"992035f\" data-element_type=\"widget\" data-widget_type=\"text-editor.default\">\n\t\t\t\t<div class=\"elementor-widget-container\">\n\t\t\t\t\t\t\t\t\t<p>TPA Grupa vam stoji na raspolaganju u zemljama centralne i jugoisto\u010dne Evrope: u Albaniji, Austriji, Bugarskoj, Crnoj Gori, Hrvatskoj, Poljskoj, Republici \u010ce\u0161koj, Rumuniji, Srbiji, Slova\u010dkoj i Sloveniji. Oko 1.700 zaposlenih koji rade na 30 lokacija u dvanaest zemalja vode brigu o onome \u0161to vas brine.<\/p>\t\t\t\t\t\t\t\t<\/div>\n\t\t\t\t<\/div>\n\t\t\t\t<div class=\"elementor-element elementor-element-521e612 elementor-widget elementor-widget-heading\" data-id=\"521e612\" data-element_type=\"widget\" data-widget_type=\"heading.default\">\n\t\t\t\t<div class=\"elementor-widget-container\">\n\t\t\t\t\t<h2 class=\"elementor-heading-title elementor-size-default\">TPA Grupa: regionalni korijeni. Mre\u017ea u cijelom svetu.<\/h2>\t\t\t\t<\/div>\n\t\t\t\t<\/div>\n\t\t\t\t<div class=\"elementor-element elementor-element-90db44c elementor-widget elementor-widget-text-editor\" data-id=\"90db44c\" data-element_type=\"widget\" data-widget_type=\"text-editor.default\">\n\t\t\t\t<div class=\"elementor-widget-container\">\n\t\t\t\t\t\t\t\t\t<p>TPA Grupa je nezavisan \u010dlan alijanse \u201eBaker Tilly Europe\u201c i zahvaljuju\u0107i toj \u010dinjenici u stanju je da svojim klijentima obezbijedi mre\u017eu u cijelom svijetu savjetnika za poreska pitanja, revizore i konsultante.<\/p><p>Zbog na\u0161e povezanosti sa mre\u017eom \u201eBaker Tilly International\u201c, dvanaest zemalja nezavisne TPA Grupe savr\u0161eno je povezano na globalnom nivou i u stanju smo da pru\u017eamo usluge visokog kvaliteta u svim glavnim poslovnim centrima i regionima sveta.<\/p><p>Mre\u017ea \u201eThe Baker Tilly International\u201c u ovom se trenutku sastoji od 123 nezavisnih \u010dlanova u 148 zemalja i ukupno zapo\u0161ljava preko 37.000 lica u 740 kancelarija. Na taj na\u010din ona je me\u0111u prvih 10 globalnih konsultantskih mre\u017ea.<\/p><ul><li>TPA Grupa:<strong><a href=\"http:\/\/www.tpa-group.com\/en\/about-us\/cee-network\" target=\"_blank\" rel=\"noopener\">na\u0161e lokacije u centralnoj i\u00a0jugoisto\u010dnoj\u00a0Evropi<\/a><\/strong><\/li><li>Saznajte vi\u0161e detalja o\u00a0<strong><a href=\"https:\/\/www.tpa-group.com\/en\/groups\/partners\/\" target=\"_blank\" rel=\"noopener\">partnerima\u00a0<\/a><\/strong>TPA Grupe<\/li><li><a title=\"\" href=\"https:\/\/www.tpa-group.com\/en\/awards-and-prizes\/\" target=\"_blank\" rel=\"noopener\"><b>Nagrade<\/b><\/a>\u00a0TPA Grupe<strong><br \/><\/strong><\/li><li>Na\u0161i partneri u savezu:\u00a0<strong><a title=\"The TPA Group is part of the international Baker Tilly network of tax, audit, accounting and advisory experts worldwide\" href=\"https:\/\/www.tpa-group.com\/en\/baker-tilly-europe-alliance\/\" target=\"_blank\" rel=\"noopener\">\u00a0Baker Tilly me\u0111unarodna mre\u017ea<\/a><\/strong><\/li><\/ul>\t\t\t\t\t\t\t\t<\/div>\n\t\t\t\t<\/div>\n\t\t\t\t\t<\/div>\n\t\t\t\t<\/div>\n\t\t\t\t<\/div>\n\t\t","protected":false},"excerpt":{"rendered":"<p>Home |&nbsp; O nama |&nbsp; TPA Group Dobrodo\u0161li u TPA Grupu! Da li tragate za partnerom koji razumije va\u0161e potrebe? Koji govori va\u0161 jezik, poznaje poslovanje kojim se bavite i koji \u0107e strpljivo saslu\u0161ati ono \u0161to vas brine? U tom slu\u010daju je TPA Grupa pravi poslovni partner za vas. Na\u0161e najva\u017enije alatke nisu d\u017eepni ra\u010dunari, [&hellip;]<\/p>\n","protected":false},"author":5,"featured_media":0,"parent":0,"menu_order":0,"comment_status":"closed","ping_status":"closed","template":"elementor_header_footer","meta":{"_acf_changed":false,"footnotes":""},"class_list":["post-932","page","type-page","status-publish","hentry"],"acf":[],"yoast_head":"<!-- This site is optimized with the Yoast SEO plugin v26.0 - https:\/\/yoast.com\/wordpress\/plugins\/seo\/ -->\n<title>Karijera - www.tpa-group.me<\/title>\n<meta name=\"robots\" content=\"index, follow, max-snippet:-1, max-image-preview:large, max-video-preview:-1\" \/>\n<link rel=\"canonical\" href=\"https:\/\/www.tpa-group.me\/sr\/dobrodosli-u-tpa-grupu\/\" \/>\n<meta property=\"og:locale\" content=\"sr_RS\" \/>\n<meta property=\"og:type\" content=\"article\" \/>\n<meta property=\"og:title\" content=\"Karijera - www.tpa-group.me\" \/>\n<meta property=\"og:description\" content=\"Home |&nbsp; O nama |&nbsp; TPA Group Dobrodo\u0161li u TPA Grupu! Da li tragate za partnerom koji razumije va\u0161e potrebe? Koji govori va\u0161 jezik, poznaje poslovanje kojim se bavite i koji \u0107e strpljivo saslu\u0161ati ono \u0161to vas brine? U tom slu\u010daju je TPA Grupa pravi poslovni partner za vas. Na\u0161e najva\u017enije alatke nisu d\u017eepni ra\u010dunari, [&hellip;]\" \/>\n<meta property=\"og:url\" content=\"https:\/\/www.tpa-group.me\/sr\/dobrodosli-u-tpa-grupu\/\" \/>\n<meta property=\"og:site_name\" content=\"www.tpa-group.me\" \/>\n<meta property=\"article:modified_time\" content=\"2024-11-22T12:25:18+00:00\" \/>\n<meta name=\"twitter:card\" content=\"summary_large_image\" \/>\n<meta name=\"twitter:label1\" content=\"Est. reading time\" \/>\n\t<meta name=\"twitter:data1\" content=\"2 \u043c\u0438\u043d\u0443\u0442\u0430\" \/>\n<script type=\"application\/ld+json\" class=\"yoast-schema-graph\">{\"@context\":\"https:\/\/schema.org\",\"@graph\":[{\"@type\":\"WebPage\",\"@id\":\"https:\/\/www.tpa-group.me\/sr\/dobrodosli-u-tpa-grupu\/\",\"url\":\"https:\/\/www.tpa-group.me\/sr\/dobrodosli-u-tpa-grupu\/\",\"name\":\"Karijera - www.tpa-group.me\",\"isPartOf\":{\"@id\":\"https:\/\/www.tpa-group.me\/sr\/#website\"},\"datePublished\":\"2024-10-03T12:39:16+00:00\",\"dateModified\":\"2024-11-22T12:25:18+00:00\",\"breadcrumb\":{\"@id\":\"https:\/\/www.tpa-group.me\/sr\/dobrodosli-u-tpa-grupu\/#breadcrumb\"},\"inLanguage\":\"sr-RS\",\"potentialAction\":[{\"@type\":\"ReadAction\",\"target\":[\"https:\/\/www.tpa-group.me\/sr\/dobrodosli-u-tpa-grupu\/\"]}]},{\"@type\":\"BreadcrumbList\",\"@id\":\"https:\/\/www.tpa-group.me\/sr\/dobrodosli-u-tpa-grupu\/#breadcrumb\",\"itemListElement\":[{\"@type\":\"ListItem\",\"position\":1,\"name\":\"Home\",\"item\":\"https:\/\/www.tpa-group.me\/sr\/\"},{\"@type\":\"ListItem\",\"position\":2,\"name\":\"Karijera\"}]},{\"@type\":\"WebSite\",\"@id\":\"https:\/\/www.tpa-group.me\/sr\/#website\",\"url\":\"https:\/\/www.tpa-group.me\/sr\/\",\"name\":\"www.tpa-group.me\",\"description\":\"\",\"publisher\":{\"@id\":\"https:\/\/www.tpa-group.me\/sr\/#organization\"},\"potentialAction\":[{\"@type\":\"SearchAction\",\"target\":{\"@type\":\"EntryPoint\",\"urlTemplate\":\"https:\/\/www.tpa-group.me\/sr\/?s={search_term_string}\"},\"query-input\":{\"@type\":\"PropertyValueSpecification\",\"valueRequired\":true,\"valueName\":\"search_term_string\"}}],\"inLanguage\":\"sr-RS\"},{\"@type\":\"Organization\",\"@id\":\"https:\/\/www.tpa-group.me\/sr\/#organization\",\"name\":\"www.tpa-group.me\",\"url\":\"https:\/\/www.tpa-group.me\/sr\/\",\"logo\":{\"@type\":\"ImageObject\",\"inLanguage\":\"sr-RS\",\"@id\":\"https:\/\/www.tpa-group.me\/sr\/#\/schema\/logo\/image\/\",\"url\":\"https:\/\/www.tpa-group.me\/app\/uploads\/sites\/7\/2024\/02\/tpa-logo.svg\",\"contentUrl\":\"https:\/\/www.tpa-group.me\/app\/uploads\/sites\/7\/2024\/02\/tpa-logo.svg\",\"caption\":\"www.tpa-group.me\"},\"image\":{\"@id\":\"https:\/\/www.tpa-group.me\/sr\/#\/schema\/logo\/image\/\"}}]}<\/script>\n<!-- \/ Yoast SEO plugin. -->","yoast_head_json":{"title":"Karijera - www.tpa-group.me","robots":{"index":"index","follow":"follow","max-snippet":"max-snippet:-1","max-image-preview":"max-image-preview:large","max-video-preview":"max-video-preview:-1"},"canonical":"https:\/\/www.tpa-group.me\/sr\/dobrodosli-u-tpa-grupu\/","og_locale":"sr_RS","og_type":"article","og_title":"Karijera - www.tpa-group.me","og_description":"Home |&nbsp; O nama |&nbsp; TPA Group Dobrodo\u0161li u TPA Grupu! Da li tragate za partnerom koji razumije va\u0161e potrebe? Koji govori va\u0161 jezik, poznaje poslovanje kojim se bavite i koji \u0107e strpljivo saslu\u0161ati ono \u0161to vas brine? U tom slu\u010daju je TPA Grupa pravi poslovni partner za vas. Na\u0161e najva\u017enije alatke nisu d\u017eepni ra\u010dunari, [&hellip;]","og_url":"https:\/\/www.tpa-group.me\/sr\/dobrodosli-u-tpa-grupu\/","og_site_name":"www.tpa-group.me","article_modified_time":"2024-11-22T12:25:18+00:00","twitter_card":"summary_large_image","twitter_misc":{"Est. reading time":"2 \u043c\u0438\u043d\u0443\u0442\u0430"},"schema":{"@context":"https:\/\/schema.org","@graph":[{"@type":"WebPage","@id":"https:\/\/www.tpa-group.me\/sr\/dobrodosli-u-tpa-grupu\/","url":"https:\/\/www.tpa-group.me\/sr\/dobrodosli-u-tpa-grupu\/","name":"Karijera - www.tpa-group.me","isPartOf":{"@id":"https:\/\/www.tpa-group.me\/sr\/#website"},"datePublished":"2024-10-03T12:39:16+00:00","dateModified":"2024-11-22T12:25:18+00:00","breadcrumb":{"@id":"https:\/\/www.tpa-group.me\/sr\/dobrodosli-u-tpa-grupu\/#breadcrumb"},"inLanguage":"sr-RS","potentialAction":[{"@type":"ReadAction","target":["https:\/\/www.tpa-group.me\/sr\/dobrodosli-u-tpa-grupu\/"]}]},{"@type":"BreadcrumbList","@id":"https:\/\/www.tpa-group.me\/sr\/dobrodosli-u-tpa-grupu\/#breadcrumb","itemListElement":[{"@type":"ListItem","position":1,"name":"Home","item":"https:\/\/www.tpa-group.me\/sr\/"},{"@type":"ListItem","position":2,"name":"Karijera"}]},{"@type":"WebSite","@id":"https:\/\/www.tpa-group.me\/sr\/#website","url":"https:\/\/www.tpa-group.me\/sr\/","name":"www.tpa-group.me","description":"","publisher":{"@id":"https:\/\/www.tpa-group.me\/sr\/#organization"},"potentialAction":[{"@type":"SearchAction","target":{"@type":"EntryPoint","urlTemplate":"https:\/\/www.tpa-group.me\/sr\/?s={search_term_string}"},"query-input":{"@type":"PropertyValueSpecification","valueRequired":true,"valueName":"search_term_string"}}],"inLanguage":"sr-RS"},{"@type":"Organization","@id":"https:\/\/www.tpa-group.me\/sr\/#organization","name":"www.tpa-group.me","url":"https:\/\/www.tpa-group.me\/sr\/","logo":{"@type":"ImageObject","inLanguage":"sr-RS","@id":"https:\/\/www.tpa-group.me\/sr\/#\/schema\/logo\/image\/","url":"https:\/\/www.tpa-group.me\/app\/uploads\/sites\/7\/2024\/02\/tpa-logo.svg","contentUrl":"https:\/\/www.tpa-group.me\/app\/uploads\/sites\/7\/2024\/02\/tpa-logo.svg","caption":"www.tpa-group.me"},"image":{"@id":"https:\/\/www.tpa-group.me\/sr\/#\/schema\/logo\/image\/"}}]}},"_links":{"self":[{"href":"https:\/\/www.tpa-group.me\/sr\/wp-json\/wp\/v2\/pages\/932","targetHints":{"allow":["GET"]}}],"collection":[{"href":"https:\/\/www.tpa-group.me\/sr\/wp-json\/wp\/v2\/pages"}],"about":[{"href":"https:\/\/www.tpa-group.me\/sr\/wp-json\/wp\/v2\/types\/page"}],"author":[{"embeddable":true,"href":"https:\/\/www.tpa-group.me\/sr\/wp-json\/wp\/v2\/users\/5"}],"replies":[{"embeddable":true,"href":"https:\/\/www.tpa-group.me\/sr\/wp-json\/wp\/v2\/comments?post=932"}],"version-history":[{"count":29,"href":"https:\/\/www.tpa-group.me\/sr\/wp-json\/wp\/v2\/pages\/932\/revisions"}],"predecessor-version":[{"id":2332,"href":"https:\/\/www.tpa-group.me\/sr\/wp-json\/wp\/v2\/pages\/932\/revisions\/2332"}],"wp:attachment":[{"href":"https:\/\/www.tpa-group.me\/sr\/wp-json\/wp\/v2\/media?parent=932"}],"curies":[{"name":"wp","href":"https:\/\/api.w.org\/{rel}","templated":true}]}}